{"id":581,"date":"2024-06-05T09:56:41","date_gmt":"2024-06-05T06:56:41","guid":{"rendered":"https:\/\/nisantasi.zarendigital.com\/?page_id=581"},"modified":"2024-06-12T13:57:08","modified_gmt":"2024-06-12T10:57:08","slug":"uyelik-sozlesmesi","status":"publish","type":"page","link":"https:\/\/nisantasikozmetik.com\/tr\/uyelik-sozlesmesi\/","title":{"rendered":"\u00dcyelik S\u00f6zle\u015fmesi"},"content":{"rendered":"\t\t<div data-elementor-type=\"wp-page\" data-elementor-id=\"581\" class=\"elementor elementor-581\" data-elementor-post-type=\"page\">\n\t\t\t\t\t\t<section class=\"elementor-section elementor-top-section elementor-element elementor-element-f6fdf1b elementor-section-height-min-height elementor-section-content-middle elementor-section-boxed elementor-section-height-default elementor-section-items-middle\" data-id=\"f6fdf1b\" data-element_type=\"section\">\n\t\t\t\t\t\t<div class=\"elementor-container elementor-column-gap-default\">\n\t\t\t\t\t<div class=\"elementor-column elementor-col-100 elementor-top-column elementor-element elementor-element-60133d5\" data-id=\"60133d5\" data-element_type=\"column\">\n\t\t\t<div class=\"elementor-widget-wrap elementor-element-populated\">\n\t\t\t\t\t\t<section class=\"elementor-section elementor-inner-section elementor-element elementor-element-42e5b59 elementor-section-content-middle elementor-section-boxed elementor-section-height-default elementor-section-height-default\" data-id=\"42e5b59\" data-element_type=\"section\">\n\t\t\t\t\t\t<div class=\"elementor-container elementor-column-gap-default\">\n\t\t\t\t\t<div class=\"elementor-column elementor-col-100 elementor-inner-column elementor-element elementor-element-eef93b9\" data-id=\"eef93b9\" data-element_type=\"column\">\n\t\t\t<div class=\"elementor-widget-wrap elementor-element-populated\">\n\t\t\t\t\t\t<div class=\"elementor-element elementor-element-e197cab elementor-widget elementor-widget-heading\" data-id=\"e197cab\" data-element_type=\"widget\" data-widget_type=\"heading.default\">\n\t\t\t\t<div class=\"elementor-widget-container\">\n\t\t\t<h2 class=\"elementor-heading-title elementor-size-default\">\u00dcyelik S\u00f6zle\u015fmesi<\/h2>\t\t<\/div>\n\t\t\t\t<\/div>\n\t\t\t\t<div class=\"elementor-element elementor-element-6050a0c elementor-widget elementor-widget-woocommerce-breadcrumb\" data-id=\"6050a0c\" data-element_type=\"widget\" data-widget_type=\"woocommerce-breadcrumb.default\">\n\t\t\t\t<div class=\"elementor-widget-container\">\n\t\t\t<nav class=\"woocommerce-breadcrumb\" aria-label=\"Breadcrumb\">Ana Sayfa<\/nav>\t\t<\/div>\n\t\t\t\t<\/div>\n\t\t\t\t\t<\/div>\n\t\t<\/div>\n\t\t\t\t\t<\/div>\n\t\t<\/section>\n\t\t\t\t\t<\/div>\n\t\t<\/div>\n\t\t\t\t\t<\/div>\n\t\t<\/section>\n\t\t\t\t<section class=\"elementor-section elementor-top-section elementor-element elementor-element-582af76 elementor-section-content-middle elementor-section-boxed elementor-section-height-default elementor-section-height-default\" data-id=\"582af76\" data-element_type=\"section\">\n\t\t\t\t\t\t<div class=\"elementor-container elementor-column-gap-default\">\n\t\t\t\t\t<div class=\"elementor-column elementor-col-100 elementor-top-column elementor-element elementor-element-d649a91\" data-id=\"d649a91\" data-element_type=\"column\">\n\t\t\t<div class=\"elementor-widget-wrap elementor-element-populated\">\n\t\t\t\t\t\t<div class=\"elementor-element elementor-element-3c69c8b elementor-widget elementor-widget-spacer\" data-id=\"3c69c8b\" data-element_type=\"widget\" data-widget_type=\"spacer.default\">\n\t\t\t\t<div class=\"elementor-widget-container\">\n\t\t\t\t\t<div class=\"elementor-spacer\">\n\t\t\t<div class=\"elementor-spacer-inner\"><\/div>\n\t\t<\/div>\n\t\t\t\t<\/div>\n\t\t\t\t<\/div>\n\t\t\t\t\t<\/div>\n\t\t<\/div>\n\t\t\t\t\t<\/div>\n\t\t<\/section>\n\t\t\t\t<section class=\"elementor-section elementor-top-section elementor-element elementor-element-ed5e0dd elementor-section-content-middle elementor-section-boxed elementor-section-height-default elementor-section-height-default\" data-id=\"ed5e0dd\" data-element_type=\"section\">\n\t\t\t\t\t\t<div class=\"elementor-container elementor-column-gap-default\">\n\t\t\t\t\t<div class=\"elementor-column elementor-col-100 elementor-top-column elementor-element elementor-element-63cbb73\" data-id=\"63cbb73\" data-element_type=\"column\">\n\t\t\t<div class=\"elementor-widget-wrap elementor-element-populated\">\n\t\t\t\t\t\t<section class=\"elementor-section elementor-inner-section elementor-element elementor-element-34fdd35 elementor-section-content-middle elementor-section-boxed elementor-section-height-default elementor-section-height-default\" data-id=\"34fdd35\" data-element_type=\"section\">\n\t\t\t\t\t\t<div class=\"elementor-container elementor-column-gap-default\">\n\t\t\t\t\t<div class=\"elementor-column elementor-col-100 elementor-inner-column elementor-element elementor-element-ad730be\" data-id=\"ad730be\" data-element_type=\"column\">\n\t\t\t<div class=\"elementor-widget-wrap elementor-element-populated\">\n\t\t\t\t\t\t<div class=\"elementor-element elementor-element-09705db elementor-widget elementor-widget-text-editor\" data-id=\"09705db\" data-element_type=\"widget\" data-widget_type=\"text-editor.default\">\n\t\t\t\t<div class=\"elementor-widget-container\">\n\t\t\t\t\t\t\t<b><br>KULLANIM KO\u015eULLARI<\/b>\n\n<br>\u00dcyelik S\u00f6zle\u015fmemizde, l\u00fctfen sitemizi kullanmadan \u00f6nce bu &#8216;site kullan\u0131m ko\u015fullar\u0131&#8217;n\u0131 dikkatlice okuyun.\n\n<br>Bu al\u0131\u015fveri\u015f sitesini kullanan ve al\u0131\u015fveri\u015f yapan m\u00fc\u015fterilerimiz a\u015fa\u011f\u0131daki \u015fartlar\u0131 kabul etmi\u015f say\u0131lmaktad\u0131r:\n<br>Sitemizdeki web sayfalar\u0131 ve bu sayfalarla ba\u011flant\u0131l\u0131 t\u00fcm sayfalar (&#8216;site&#8217;) www.nisantasikozmetik.com adresindeki N\u0130\u015eANTA\u015eI KOZMET\u0130K firmas\u0131n\u0131n (\u015eirket) m\u00fclkiyetindedir ve onun taraf\u0131ndan i\u015fletilmektedir. Siz (&#8216;Kullan\u0131c\u0131&#8217;) siteyi kullan\u0131rken sunulan t\u00fcm hizmetlerden yararlan\u0131rken, a\u015fa\u011f\u0131daki ko\u015fullara tabi olacaks\u0131n\u0131z, site \u00fczerindeki hizmetten yararlanmaya ve kullanmaya devam ederek; Ba\u011fl\u0131 oldu\u011funuz yasalar gere\u011fince bir s\u00f6zle\u015fme imzalama hakk\u0131na, yetkisine ve yasal kapasiteye sahip oldu\u011funuzu, 18 ya\u015f\u0131ndan b\u00fcy\u00fck oldu\u011funuzu, bu s\u00f6zle\u015fmeyi okudu\u011funuzu ve anlad\u0131\u011f\u0131n\u0131z\u0131 ve s\u00f6zle\u015fmede yaz\u0131l\u0131 \u015fartlarla ba\u011fl\u0131 oldu\u011funuzu kabul etmi\u015f say\u0131l\u0131rs\u0131n\u0131z.\n\n<br>Bu \u00dcyelik S\u00f6zle\u015fmesi, siteye ili\u015fkin olarak taraflara haklar ve y\u00fck\u00fcml\u00fcl\u00fckler y\u00fckler ve taraflar bu s\u00f6zle\u015fmeyi kabul ettiklerinde, belirtilen hak ve y\u00fck\u00fcml\u00fcl\u00fckleri tam, do\u011fru, zaman\u0131nda ve bu s\u00f6zle\u015fmede istenen ko\u015fullar i\u00e7inde yerine getireceklerini beyan ederler.\n\n<b><br>1. SORUMLULUKLAR<\/b>\n\n<br>a. \u015eirket her zaman fiyatlarda ve sunulan \u00fcr\u00fcn ve hizmetlerde de\u011fi\u015fiklik yapma hakk\u0131n\u0131 sakl\u0131 tutar.\n\n<br>b. \u015eirket, \u00fcyeye s\u00f6zle\u015fmeye konu hizmetlerden teknik ar\u0131zalar d\u0131\u015f\u0131nda yararlanma hakk\u0131 tan\u0131r.\n\n<br>c. Kullan\u0131c\u0131, siteyi kullan\u0131m\u0131nda tersine m\u00fchendislik yapmayaca\u011f\u0131n\u0131 veya sitenin kaynak kodunu bulmak veya elde etmek i\u00e7in ba\u015fka bir eylemde bulunmayaca\u011f\u0131n\u0131, aksi takdirde \u00fc\u00e7\u00fcnc\u00fc ki\u015filere verebilece\u011fi zararlardan sorumlu olaca\u011f\u0131n\u0131 ve hakk\u0131nda yasal ve cezai i\u015flemlerin yap\u0131laca\u011f\u0131n\u0131 pe\u015finen kabul eder.\n\n<br>d. Kullan\u0131c\u0131, site i\u00e7inde yapt\u0131\u011f\u0131 i\u015flemler ve ileti\u015fimlerinde genel ahlaka ve adaba ayk\u0131r\u0131, kanunlara ayk\u0131r\u0131, \u00fc\u00e7\u00fcnc\u00fc ki\u015filerin haklar\u0131n\u0131 zedeleyen, yan\u0131lt\u0131c\u0131, sald\u0131rgan, m\u00fcstehcen, pornografik, ki\u015filik haklar\u0131na zarar veren, telif haklar\u0131n\u0131 ihlal eden, yasa d\u0131\u015f\u0131 faaliyetleri te\u015fvik eden i\u00e7erikler \u00fcretmeyece\u011fini veya payla\u015fmayaca\u011f\u0131n\u0131 kabul eder. Aksi takdirde, olu\u015fabilecek zararlardan tamamen kendisi sorumludur ve bu durumda &#8216;Site&#8217; yetkilileri bu t\u00fcr hesaplar\u0131 ask\u0131ya alabilir veya sonland\u0131rabilir ve yasal i\u015flem ba\u015flatma hakk\u0131n\u0131 sakl\u0131 tutar. Bu nedenle, yarg\u0131 makamlar\u0131 taraf\u0131ndan talep edilmesi halinde faaliyet veya kullan\u0131c\u0131 hesaplar\u0131na ili\u015fkin bilgileri payla\u015fma hakk\u0131n\u0131 sakl\u0131 tutar.\n\n<br>e. Site \u00fcyeleri, birbirleriyle veya \u00fc\u00e7\u00fcnc\u00fc ki\u015filerle olan ili\u015fkilerinden kendileri sorumludur.\n\n<b><br>2. Fikri M\u00fclkiyet Haklar\u0131<\/b>\n\n<br>2.1. Bu Site&#8217;de yer alan unvan, i\u015fletme ad\u0131, marka, patent, logo, tasar\u0131m, bilgi ve y\u00f6ntem gibi tescilli veya tescilsiz t\u00fcm fikri m\u00fclkiyet haklar\u0131 site i\u015fletmecisi ve sahibi \u015firkete veya belirtilen ki\u015fiye aittir ve ulusal ve uluslararas\u0131 hukuk taraf\u0131ndan korunmaktad\u0131r. Bu Site&#8217;yi ziyaret etmek veya Site&#8217;deki hizmetlerden yararlanmak, bu fikri m\u00fclkiyet haklar\u0131 konusunda hi\u00e7bir hak vermez.\n\n<br>2.2. Sitede yer alan bilgiler hi\u00e7bir \u015fekilde \u00e7o\u011falt\u0131lamaz, yay\u0131nlanamaz, kopyalanamaz, sunulamaz ve\/veya aktar\u0131lamaz. Sitenin b\u00fct\u00fcn\u00fc veya bir k\u0131sm\u0131 izinsiz olarak ba\u015fka bir internet sitesinde kullan\u0131lamaz.\n\n<b><br>3. Gizli Bilgiler<\/b>\n\n<br>3.1. \u015eirket, kullan\u0131c\u0131lar taraf\u0131ndan site \u00fczerinden iletilen ki\u015fisel bilgileri \u00fc\u00e7\u00fcnc\u00fc ki\u015filere a\u00e7\u0131klamayacakt\u0131r. Bu ki\u015fisel bilgiler; ki\u015finin ad\u0131-soyad\u0131, adresi, telefon numaras\u0131, cep telefonu, e-posta adresi gibi kullan\u0131c\u0131y\u0131 tan\u0131mlamaya y\u00f6nelik her t\u00fcrl\u00fc bilgiyi i\u00e7ermekte olup, k\u0131saca &#8216;Gizli Bilgiler&#8217; olarak an\u0131lacakt\u0131r.\n\n<br>3.2. Kullan\u0131c\u0131, yaln\u0131zca promosyonlar, reklamlar, kampanyalar, tan\u0131t\u0131mlar, duyurular vb. i\u00e7in \u015eirket&#8217;in ileti\u015fim, portf\u00f6y durumu ve demografik bilgilerini kendi ba\u011fl\u0131 \u015firketleri veya grup \u015firketleri ile payla\u015fmas\u0131na izin verdi\u011fini kabul ve beyan eder. Bu ki\u015fisel bilgiler, \u015firket i\u00e7inde m\u00fc\u015fteri profili belirlemek, m\u00fc\u015fteri profiline uygun promosyon ve kampanyalar sunmak ve istatistiksel \u00e7al\u0131\u015fmalar yapmak amac\u0131yla kullan\u0131labilir.\n\n<br>3.3. Gizli Bilgiler, resmi makamlar taraf\u0131ndan usul\u00fcne uygun olarak talep edilmesi halinde ve y\u00fcr\u00fcrl\u00fckteki zorunlu mevzuata g\u00f6re resmi makamlara a\u00e7\u0131klanmas\u0131n\u0131n zorunlu oldu\u011fu durumlarda resmi makamlara a\u00e7\u0131klanabilecektir.\n\n<b><br>4. Garanti Vermeme:<\/b> BU S\u00d6ZLE\u015eME MADDES\u0130, Y\u00dcR\u00dcRL\u00dcKTEK\u0130 KANUNLARIN \u0130Z\u0130N VERD\u0130\u011e\u0130 AZAM\u0130 \u00d6L\u00c7\u00dcDE GE\u00c7ERL\u0130 OLACAKTIR. \u015e\u0130RKET TARAFINDAN SUNULAN H\u0130ZMETLER, &#8220;OLDU\u011eU G\u0130B\u0130&#8221; VE &#8220;MEVCUT DURUMDA&#8221; SUNULMAKTA OLUP, T\u0130CAR\u0130 ELVER\u0130\u015eL\u0130L\u0130K, BEL\u0130RL\u0130 B\u0130R AMACA UYGUNLUK VEYA \u0130HLAL ETMEME DAH\u0130L T\u00dcM ZIMN\u0130 GARANT\u0130LER KONUSUNDA A\u00c7IK VEYA ZIMN\u0130 H\u0130\u00c7B\u0130R GARANT\u0130 VERMEMEKTED\u0130R (\u0130\u00c7ER\u0130\u011e\u0130NDE YER ALAN T\u00dcM B\u0130LG\u0130LER DAH\u0130L).\n\n<b><br>5. Kay\u0131t ve G\u00fcvenlik<\/b>\n\n<br>Kullan\u0131c\u0131, do\u011fru, eksiksiz ve g\u00fcncel kay\u0131t bilgilerini sa\u011flamal\u0131d\u0131r. Aksi takdirde, bu S\u00f6zle\u015fme ihlal edilmi\u015f say\u0131lacak ve hesap, Kullan\u0131c\u0131&#8217;ya bildirilmeden kapat\u0131labilecektir.\n\n<br>Kullan\u0131c\u0131, site ve \u00fc\u00e7\u00fcnc\u00fc taraf sitelerindeki \u015fifre ve hesap g\u00fcvenli\u011finden sorumludur. Aksi takdirde, \u015eirket, veri kayb\u0131, g\u00fcvenlik ihlalleri veya donan\u0131m ve cihazlarda meydana gelebilecek zararlardan sorumlu tutulamaz.\n\n<b><br>6. M\u00fccbir Sebep<\/b>\n\n<br>Taraflar\u0131n kontrol\u00fc d\u0131\u015f\u0131nda geli\u015fen; do\u011fal afetler, yang\u0131n, patlama, i\u00e7 sava\u015f, sava\u015f, isyan, halk hareketleri, seferberlik ilan\u0131, grev, lokavt ve salg\u0131n hastal\u0131klar, altyap\u0131 ve internet ar\u0131zalar\u0131, elektrik kesintisi (bundan sonra hep birlikte &#8220;M\u00fccbir Sebep&#8221; olarak an\u0131lacakt\u0131r) gibi sebeplerden dolay\u0131 s\u00f6zle\u015fmeden do\u011fan y\u00fck\u00fcml\u00fcl\u00fcklerin ifa edilememesi durumunda, taraflar bundan sorumlu de\u011fildir. Bu s\u00fcre zarf\u0131nda Taraflar&#8217;\u0131n i\u015fbu S\u00f6zle\u015fme&#8217;den do\u011fan hak ve y\u00fck\u00fcml\u00fcl\u00fckleri ask\u0131ya al\u0131n\u0131r.\n\n<b><br>7. S\u00f6zle\u015fmenin B\u00fct\u00fcnl\u00fc\u011f\u00fc ve Uygulanabilirlik<\/b>\n\n<br>Bu s\u00f6zle\u015fme \u015fartlar\u0131ndan biri k\u0131smen veya tamamen ge\u00e7ersiz hale gelirse, s\u00f6zle\u015fmenin geri kalan\u0131 ge\u00e7erlili\u011fini korumaya devam eder.\n\n<b><br>8. S\u00f6zle\u015fmede Yap\u0131lacak De\u011fi\u015fiklikler<\/b>\n\n<br>\u015eirket, site \u00fczerinde sunulan hizmetleri ve bu s\u00f6zle\u015fme \u015fartlar\u0131n\u0131 her zaman k\u0131smen veya tamamen de\u011fi\u015ftirebilir. De\u011fi\u015fiklikler, sitede yay\u0131nland\u0131\u011f\u0131 tarihten itibaren ge\u00e7erli olacakt\u0131r. Kullan\u0131c\u0131n\u0131n de\u011fi\u015fiklikleri takip etme sorumlulu\u011fu vard\u0131r. Kullan\u0131c\u0131, sunulan hizmetlerden yararlanmaya devam ederek bu de\u011fi\u015fiklikleri kabul etmi\u015f say\u0131l\u0131r.\n\n<b><br>9. Bildirim<\/b>\n\n<br>\u0130\u015fbu \u00dcyelik S\u00f6zle\u015fmesi ile ilgili olarak taraflara g\u00f6nderilecek t\u00fcm bildirimler, \u015eirket&#8217;in bilinen e-posta adresi ve kullan\u0131c\u0131n\u0131n \u00fcyelik formunda belirtti\u011fi e-posta adresi arac\u0131l\u0131\u011f\u0131yla yap\u0131lacakt\u0131r. Kullan\u0131c\u0131, kay\u0131t olurken belirtti\u011fi adresin ge\u00e7erli tebligat adresi oldu\u011funu ve de\u011fi\u015fmesi halinde di\u011fer taraf\u0131 5 g\u00fcn i\u00e7inde yaz\u0131l\u0131 olarak bilgilendirece\u011fini, aksi takdirde bu adrese yap\u0131lacak bildirimlerin ge\u00e7erli say\u0131laca\u011f\u0131n\u0131 kabul eder.\n\n<b><br>10. Delil S\u00f6zle\u015fmesi<\/b>\n\n<br>Taraflar aras\u0131nda bu s\u00f6zle\u015fme ile ilgili i\u015flemlerden do\u011fabilecek ihtilaflarda, Taraflar&#8217;\u0131n defter, kay\u0131t ve belgeleri, bilgisayar kay\u0131tlar\u0131 ve faks kay\u0131tlar\u0131 6100 say\u0131l\u0131 Hukuk Muhakemeleri Kanunu&#8217;na g\u00f6re delil olarak kabul edilecek olup, kullan\u0131c\u0131 bu kay\u0131tlara itiraz etmeye\n\nce\u011fini kabul eder.\n\n<b><br>11. Uyu\u015fmazl\u0131klar\u0131n \u00c7\u00f6z\u00fcm\u00fc<\/b>\n\n<br>\u0130\u015fbu \u00dcyelik S\u00f6zle\u015fmesi&#8217;nin uygulanmas\u0131ndan veya yorumlanmas\u0131ndan do\u011fabilecek her t\u00fcrl\u00fc ihtilaf\u0131n \u00e7\u00f6z\u00fcm\u00fcnde \u0130stanbul (Merkez) Adliyesi Mahkemeleri ve \u0130cra Daireleri yetkilidir.\t\t\t\t\t\t<\/div>\n\t\t\t\t<\/div>\n\t\t\t\t\t<\/div>\n\t\t<\/div>\n\t\t\t\t\t<\/div>\n\t\t<\/section>\n\t\t\t\t\t<\/div>\n\t\t<\/div>\n\t\t\t\t\t<\/div>\n\t\t<\/section>\n\t\t\t\t<\/div>\n\t\t","protected":false},"excerpt":{"rendered":"<p>\u00dcyelik S\u00f6zle\u015fmesi KULLANIM KO\u015eULLARI \u00dcyelik S\u00f6zle\u015fmemizde, l\u00fctfen sitemizi kullanmadan \u00f6nce bu &#8216;site kullan\u0131m ko\u015fullar\u0131&#8217;n\u0131 dikkatlice okuyun. Bu al\u0131\u015fveri\u015f sitesini kullanan ve al\u0131\u015fveri\u015f yapan m\u00fc\u015fterilerimiz a\u015fa\u011f\u0131daki \u015fartlar\u0131 kabul etmi\u015f say\u0131lmaktad\u0131r: Sitemizdeki web sayfalar\u0131 ve bu sayfalarla ba\u011flant\u0131l\u0131 t\u00fcm sayfalar (&#8216;site&#8217;) www.nisantasikozmetik.com adresindeki N\u0130\u015eANTA\u015eI KOZMET\u0130K firmas\u0131n\u0131n (\u015eirket) m\u00fclkiyetindedir ve onun taraf\u0131ndan i\u015fletilmektedir. Siz (&#8216;Kullan\u0131c\u0131&#8217;) siteyi kullan\u0131rken sunulan [&hellip;]<\/p>\n","protected":false},"author":1,"featured_media":0,"parent":0,"menu_order":0,"comment_status":"closed","ping_status":"closed","template":"elementor_header_footer","meta":{"footnotes":""},"class_list":["post-581","page","type-page","status-publish","hentry"],"yoast_head":"<!-- This site is optimized with the Yoast SEO plugin v26.2 - https:\/\/yoast.com\/wordpress\/plugins\/seo\/ -->\n<title>\u00dcyelik S\u00f6zle\u015fmesi - Ni\u015fanta\u015f\u0131 Kozmetik<\/title>\n<meta name=\"description\" content=\"Membership Agreement\" \/>\n<meta name=\"robots\" content=\"index, follow, max-snippet:-1, max-image-preview:large, max-video-preview:-1\" \/>\n<link rel=\"canonical\" href=\"https:\/\/nisantasikozmetik.com\/tr\/uyelik-sozlesmesi\/\" \/>\n<meta property=\"og:locale\" content=\"tr_TR\" \/>\n<meta property=\"og:type\" content=\"article\" \/>\n<meta property=\"og:title\" content=\"\u00dcyelik S\u00f6zle\u015fmesi - Ni\u015fanta\u015f\u0131 Kozmetik\" \/>\n<meta property=\"og:description\" content=\"Membership Agreement\" \/>\n<meta property=\"og:url\" content=\"https:\/\/nisantasikozmetik.com\/tr\/uyelik-sozlesmesi\/\" \/>\n<meta property=\"og:site_name\" content=\"Ni\u015fanta\u015f\u0131 Kozmetik\" \/>\n<meta property=\"article:modified_time\" content=\"2024-06-12T10:57:08+00:00\" \/>\n<meta name=\"twitter:card\" content=\"summary_large_image\" \/>\n<meta name=\"twitter:label1\" content=\"Tahmini okuma s\u00fcresi\" \/>\n\t<meta name=\"twitter:data1\" content=\"6 dakika\" \/>\n<script type=\"application\/ld+json\" class=\"yoast-schema-graph\">{\"@context\":\"https:\/\/schema.org\",\"@graph\":[{\"@type\":\"WebPage\",\"@id\":\"https:\/\/nisantasikozmetik.com\/tr\/uyelik-sozlesmesi\/\",\"url\":\"https:\/\/nisantasikozmetik.com\/tr\/uyelik-sozlesmesi\/\",\"name\":\"\u00dcyelik S\u00f6zle\u015fmesi - Ni\u015fanta\u015f\u0131 Kozmetik\",\"isPartOf\":{\"@id\":\"https:\/\/nisantasikozmetik.com\/de\/#website\"},\"datePublished\":\"2024-06-05T06:56:41+00:00\",\"dateModified\":\"2024-06-12T10:57:08+00:00\",\"description\":\"Membership Agreement\",\"breadcrumb\":{\"@id\":\"https:\/\/nisantasikozmetik.com\/tr\/uyelik-sozlesmesi\/#breadcrumb\"},\"inLanguage\":\"tr\",\"potentialAction\":[{\"@type\":\"ReadAction\",\"target\":[\"https:\/\/nisantasikozmetik.com\/tr\/uyelik-sozlesmesi\/\"]}]},{\"@type\":\"BreadcrumbList\",\"@id\":\"https:\/\/nisantasikozmetik.com\/tr\/uyelik-sozlesmesi\/#breadcrumb\",\"itemListElement\":[{\"@type\":\"ListItem\",\"position\":1,\"name\":\"Anasayfa\",\"item\":\"https:\/\/nisantasikozmetik.com\/de\/\"},{\"@type\":\"ListItem\",\"position\":2,\"name\":\"\u00dcyelik S\u00f6zle\u015fmesi\"}]},{\"@type\":\"WebSite\",\"@id\":\"https:\/\/nisantasikozmetik.com\/de\/#website\",\"url\":\"https:\/\/nisantasikozmetik.com\/de\/\",\"name\":\"Ni\u015fanta\u015f\u0131 Kozmetik\",\"description\":\"\",\"publisher\":{\"@id\":\"https:\/\/nisantasikozmetik.com\/de\/#organization\"},\"potentialAction\":[{\"@type\":\"SearchAction\",\"target\":{\"@type\":\"EntryPoint\",\"urlTemplate\":\"https:\/\/nisantasikozmetik.com\/de\/?s={search_term_string}\"},\"query-input\":{\"@type\":\"PropertyValueSpecification\",\"valueRequired\":true,\"valueName\":\"search_term_string\"}}],\"inLanguage\":\"tr\"},{\"@type\":\"Organization\",\"@id\":\"https:\/\/nisantasikozmetik.com\/de\/#organization\",\"name\":\"Ni\u015fanta\u015f\u0131 Kozmetik\",\"url\":\"https:\/\/nisantasikozmetik.com\/de\/\",\"logo\":{\"@type\":\"ImageObject\",\"inLanguage\":\"tr\",\"@id\":\"https:\/\/nisantasikozmetik.com\/de\/#\/schema\/logo\/image\/\",\"url\":\"https:\/\/nisantasikozmetik.com\/wp-content\/uploads\/2024\/06\/Nisantasi-Cosmetic-Logo.png\",\"contentUrl\":\"https:\/\/nisantasikozmetik.com\/wp-content\/uploads\/2024\/06\/Nisantasi-Cosmetic-Logo.png\",\"width\":1080,\"height\":216,\"caption\":\"Ni\u015fanta\u015f\u0131 Kozmetik\"},\"image\":{\"@id\":\"https:\/\/nisantasikozmetik.com\/de\/#\/schema\/logo\/image\/\"}}]}<\/script>\n<!-- \/ Yoast SEO plugin. -->","yoast_head_json":{"title":"\u00dcyelik S\u00f6zle\u015fmesi - Ni\u015fanta\u015f\u0131 Kozmetik","description":"Membership Agreement","robots":{"index":"index","follow":"follow","max-snippet":"max-snippet:-1","max-image-preview":"max-image-preview:large","max-video-preview":"max-video-preview:-1"},"canonical":"https:\/\/nisantasikozmetik.com\/tr\/uyelik-sozlesmesi\/","og_locale":"tr_TR","og_type":"article","og_title":"\u00dcyelik S\u00f6zle\u015fmesi - Ni\u015fanta\u015f\u0131 Kozmetik","og_description":"Membership Agreement","og_url":"https:\/\/nisantasikozmetik.com\/tr\/uyelik-sozlesmesi\/","og_site_name":"Ni\u015fanta\u015f\u0131 Kozmetik","article_modified_time":"2024-06-12T10:57:08+00:00","twitter_card":"summary_large_image","twitter_misc":{"Tahmini okuma s\u00fcresi":"6 dakika"},"schema":{"@context":"https:\/\/schema.org","@graph":[{"@type":"WebPage","@id":"https:\/\/nisantasikozmetik.com\/tr\/uyelik-sozlesmesi\/","url":"https:\/\/nisantasikozmetik.com\/tr\/uyelik-sozlesmesi\/","name":"\u00dcyelik S\u00f6zle\u015fmesi - Ni\u015fanta\u015f\u0131 Kozmetik","isPartOf":{"@id":"https:\/\/nisantasikozmetik.com\/de\/#website"},"datePublished":"2024-06-05T06:56:41+00:00","dateModified":"2024-06-12T10:57:08+00:00","description":"Membership Agreement","breadcrumb":{"@id":"https:\/\/nisantasikozmetik.com\/tr\/uyelik-sozlesmesi\/#breadcrumb"},"inLanguage":"tr","potentialAction":[{"@type":"ReadAction","target":["https:\/\/nisantasikozmetik.com\/tr\/uyelik-sozlesmesi\/"]}]},{"@type":"BreadcrumbList","@id":"https:\/\/nisantasikozmetik.com\/tr\/uyelik-sozlesmesi\/#breadcrumb","itemListElement":[{"@type":"ListItem","position":1,"name":"Anasayfa","item":"https:\/\/nisantasikozmetik.com\/de\/"},{"@type":"ListItem","position":2,"name":"\u00dcyelik S\u00f6zle\u015fmesi"}]},{"@type":"WebSite","@id":"https:\/\/nisantasikozmetik.com\/de\/#website","url":"https:\/\/nisantasikozmetik.com\/de\/","name":"Ni\u015fanta\u015f\u0131 Kozmetik","description":"","publisher":{"@id":"https:\/\/nisantasikozmetik.com\/de\/#organization"},"potentialAction":[{"@type":"SearchAction","target":{"@type":"EntryPoint","urlTemplate":"https:\/\/nisantasikozmetik.com\/de\/?s={search_term_string}"},"query-input":{"@type":"PropertyValueSpecification","valueRequired":true,"valueName":"search_term_string"}}],"inLanguage":"tr"},{"@type":"Organization","@id":"https:\/\/nisantasikozmetik.com\/de\/#organization","name":"Ni\u015fanta\u015f\u0131 Kozmetik","url":"https:\/\/nisantasikozmetik.com\/de\/","logo":{"@type":"ImageObject","inLanguage":"tr","@id":"https:\/\/nisantasikozmetik.com\/de\/#\/schema\/logo\/image\/","url":"https:\/\/nisantasikozmetik.com\/wp-content\/uploads\/2024\/06\/Nisantasi-Cosmetic-Logo.png","contentUrl":"https:\/\/nisantasikozmetik.com\/wp-content\/uploads\/2024\/06\/Nisantasi-Cosmetic-Logo.png","width":1080,"height":216,"caption":"Ni\u015fanta\u015f\u0131 Kozmetik"},"image":{"@id":"https:\/\/nisantasikozmetik.com\/de\/#\/schema\/logo\/image\/"}}]}},"_links":{"self":[{"href":"https:\/\/nisantasikozmetik.com\/tr\/wp-json\/wp\/v2\/pages\/581","targetHints":{"allow":["GET"]}}],"collection":[{"href":"https:\/\/nisantasikozmetik.com\/tr\/wp-json\/wp\/v2\/pages"}],"about":[{"href":"https:\/\/nisantasikozmetik.com\/tr\/wp-json\/wp\/v2\/types\/page"}],"author":[{"embeddable":true,"href":"https:\/\/nisantasikozmetik.com\/tr\/wp-json\/wp\/v2\/users\/1"}],"replies":[{"embeddable":true,"href":"https:\/\/nisantasikozmetik.com\/tr\/wp-json\/wp\/v2\/comments?post=581"}],"version-history":[{"count":0,"href":"https:\/\/nisantasikozmetik.com\/tr\/wp-json\/wp\/v2\/pages\/581\/revisions"}],"wp:attachment":[{"href":"https:\/\/nisantasikozmetik.com\/tr\/wp-json\/wp\/v2\/media?parent=581"}],"curies":[{"name":"wp","href":"https:\/\/api.w.org\/{rel}","templated":true}]}}