{"id":581,"date":"2024-06-05T09:56:41","date_gmt":"2024-06-05T06:56:41","guid":{"rendered":"https:\/\/nisantasi.zarendigital.com\/?page_id=581"},"modified":"2024-06-12T13:57:08","modified_gmt":"2024-06-12T10:57:08","slug":"uyelik-sozlesmesi","status":"publish","type":"page","link":"https:\/\/nisantasikozmetik.com\/pt_br\/acordo-de-adesao\/","title":{"rendered":"Acordo de Associa\u00e7\u00e3o"},"content":{"rendered":"<div data-elementor-type=\"wp-page\" data-elementor-id=\"581\" class=\"elementor elementor-581\" data-elementor-post-type=\"page\">\n\t\t\t\t\t\t<section class=\"elementor-section elementor-top-section elementor-element elementor-element-f6fdf1b elementor-section-height-min-height elementor-section-content-middle elementor-section-boxed elementor-section-height-default elementor-section-items-middle\" data-id=\"f6fdf1b\" data-element_type=\"section\">\n\t\t\t\t\t\t<div class=\"elementor-container elementor-column-gap-default\">\n\t\t\t\t\t<div class=\"elementor-column elementor-col-100 elementor-top-column elementor-element elementor-element-60133d5\" data-id=\"60133d5\" data-element_type=\"column\">\n\t\t\t<div class=\"elementor-widget-wrap elementor-element-populated\">\n\t\t\t\t\t\t<section class=\"elementor-section elementor-inner-section elementor-element elementor-element-42e5b59 elementor-section-content-middle elementor-section-boxed elementor-section-height-default elementor-section-height-default\" data-id=\"42e5b59\" data-element_type=\"section\">\n\t\t\t\t\t\t<div class=\"elementor-container elementor-column-gap-default\">\n\t\t\t\t\t<div class=\"elementor-column elementor-col-100 elementor-inner-column elementor-element elementor-element-eef93b9\" data-id=\"eef93b9\" data-element_type=\"column\">\n\t\t\t<div class=\"elementor-widget-wrap elementor-element-populated\">\n\t\t\t\t\t\t<div class=\"elementor-element elementor-element-e197cab elementor-widget elementor-widget-heading\" data-id=\"e197cab\" data-element_type=\"widget\" data-widget_type=\"heading.default\">\n\t\t\t\t<div class=\"elementor-widget-container\">\n\t\t\t<h2 class=\"elementor-heading-title elementor-size-default\">Acordo de Associa\u00e7\u00e3o<\/h2>\t\t<\/div>\n\t\t\t\t<\/div>\n\t\t\t\t<div class=\"elementor-element elementor-element-6050a0c elementor-widget elementor-widget-woocommerce-breadcrumb\" data-id=\"6050a0c\" data-element_type=\"widget\" data-widget_type=\"woocommerce-breadcrumb.default\">\n\t\t\t\t<div class=\"elementor-widget-container\">\n\t\t\t<nav class=\"woocommerce-breadcrumb\" aria-label=\"Breadcrumb\" data-no-translation=\"\" data-trp-gettext=\"\">In\u00edcio<\/nav>\t\t<\/div>\n\t\t\t\t<\/div>\n\t\t\t\t\t<\/div>\n\t\t<\/div>\n\t\t\t\t\t<\/div>\n\t\t<\/section>\n\t\t\t\t\t<\/div>\n\t\t<\/div>\n\t\t\t\t\t<\/div>\n\t\t<\/section>\n\t\t\t\t<section class=\"elementor-section elementor-top-section elementor-element elementor-element-582af76 elementor-section-content-middle elementor-section-boxed elementor-section-height-default elementor-section-height-default\" data-id=\"582af76\" data-element_type=\"section\">\n\t\t\t\t\t\t<div class=\"elementor-container elementor-column-gap-default\">\n\t\t\t\t\t<div class=\"elementor-column elementor-col-100 elementor-top-column elementor-element elementor-element-d649a91\" data-id=\"d649a91\" data-element_type=\"column\">\n\t\t\t<div class=\"elementor-widget-wrap elementor-element-populated\">\n\t\t\t\t\t\t<div class=\"elementor-element elementor-element-3c69c8b elementor-widget elementor-widget-spacer\" data-id=\"3c69c8b\" data-element_type=\"widget\" data-widget_type=\"spacer.default\">\n\t\t\t\t<div class=\"elementor-widget-container\">\n\t\t\t\t\t<div class=\"elementor-spacer\">\n\t\t\t<div class=\"elementor-spacer-inner\"><\/div>\n\t\t<\/div>\n\t\t\t\t<\/div>\n\t\t\t\t<\/div>\n\t\t\t\t\t<\/div>\n\t\t<\/div>\n\t\t\t\t\t<\/div>\n\t\t<\/section>\n\t\t\t\t<section class=\"elementor-section elementor-top-section elementor-element elementor-element-ed5e0dd elementor-section-content-middle elementor-section-boxed elementor-section-height-default elementor-section-height-default\" data-id=\"ed5e0dd\" data-element_type=\"section\">\n\t\t\t\t\t\t<div class=\"elementor-container elementor-column-gap-default\">\n\t\t\t\t\t<div class=\"elementor-column elementor-col-100 elementor-top-column elementor-element elementor-element-63cbb73\" data-id=\"63cbb73\" data-element_type=\"column\">\n\t\t\t<div class=\"elementor-widget-wrap elementor-element-populated\">\n\t\t\t\t\t\t<section class=\"elementor-section elementor-inner-section elementor-element elementor-element-34fdd35 elementor-section-content-middle elementor-section-boxed elementor-section-height-default elementor-section-height-default\" data-id=\"34fdd35\" data-element_type=\"section\">\n\t\t\t\t\t\t<div class=\"elementor-container elementor-column-gap-default\">\n\t\t\t\t\t<div class=\"elementor-column elementor-col-100 elementor-inner-column elementor-element elementor-element-ad730be\" data-id=\"ad730be\" data-element_type=\"column\">\n\t\t\t<div class=\"elementor-widget-wrap elementor-element-populated\">\n\t\t\t\t\t\t<div class=\"elementor-element elementor-element-09705db elementor-widget elementor-widget-text-editor\" data-id=\"09705db\" data-element_type=\"widget\" data-widget_type=\"text-editor.default\">\n\t\t\t\t<div class=\"elementor-widget-container\">\n\t\t\t\t\t\t\t<b><br>TERMOS DE USO<\/b>\n\n<br>Em nosso Contrato de Associa\u00e7\u00e3o, leia estes &#039;termos de uso do site&#039; com aten\u00e7\u00e3o antes de usar nosso site.\n\n<br>Considera-se que os nossos clientes que utilizam e compram neste site de compras aceitaram os seguintes termos:\n<br>As p\u00e1ginas da web em nosso site e todas as p\u00e1ginas vinculadas a essas p\u00e1ginas (&#039;site&#039;) pertencem e s\u00e3o operadas pela N\u0130\u015eANTA\u015eI KOZMETIK (Empresa) em www.nisantasikozmetik.com. Embora voc\u00ea (&#039;Usu\u00e1rio&#039;) beneficie de todos os servi\u00e7os oferecidos durante a utiliza\u00e7\u00e3o do site, estar\u00e1 sujeito \u00e0s seguintes condi\u00e7\u00f5es, ao continuar a beneficiar e utilizar o servi\u00e7o do site; Voc\u00ea reconhece que tem o direito, autoridade e capacidade legal para assinar um contrato de acordo com as leis pelas quais est\u00e1 vinculado, que tem mais de 18 anos de idade, que leu e compreendeu este contrato e que est\u00e1 vinculado pelas termos escritos no contrato.\n\n<br>Este Acordo de Afilia\u00e7\u00e3o imp\u00f5e direitos e obriga\u00e7\u00f5es \u00e0s partes em rela\u00e7\u00e3o ao site e, quando as partes aceitam este acordo, declaram que cumprir\u00e3o os direitos e obriga\u00e7\u00f5es especificados de forma completa, precisa, dentro do prazo e nas condi\u00e7\u00f5es exigidas neste acordo.\n\n<b><br>1. RESPONSABILIDADES<\/b>\n\n<br>a. A empresa reserva-se o direito de alterar os pre\u00e7os e os produtos e servi\u00e7os oferecidos a qualquer momento.\n\n<br>b. A empresa concede ao associado o direito de usufruir dos servi\u00e7os objeto do contrato, salvo avarias t\u00e9cnicas.\n\n<br>c. O usu\u00e1rio concorda antecipadamente que n\u00e3o far\u00e1 engenharia reversa no uso do site ou tomar\u00e1 qualquer outra a\u00e7\u00e3o para encontrar ou obter o c\u00f3digo-fonte do site, caso contr\u00e1rio ser\u00e1 respons\u00e1vel por quaisquer danos que possa causar a terceiros e a terceiros e a pessoas jur\u00eddicas e criminais. ser\u00e1 instaurado um processo contra ele.\n\n<br>D. O usu\u00e1rio concorda que n\u00e3o produzir\u00e1 ou compartilhar\u00e1 conte\u00fado que seja contr\u00e1rio \u00e0 moral e \u00e0 etiqueta geral, ilegal, que prejudique os direitos de terceiros, enganoso, ofensivo, obsceno, pornogr\u00e1fico, que prejudique direitos pessoais, viole direitos autorais ou encoraje atividades ilegais. em suas transa\u00e7\u00f5es e comunica\u00e7\u00f5es no site. Caso contr\u00e1rio, ele\/ela \u00e9 inteiramente respons\u00e1vel por quaisquer danos que possam ocorrer e, neste caso, as autoridades do \u2018Site\u2019 poder\u00e3o suspender ou encerrar tais contas e reservar-se o direito de tomar medidas legais. Portanto, reserva-se o direito de compartilhar informa\u00e7\u00f5es sobre atividades ou contas de usu\u00e1rios, caso solicitado pelas autoridades judiciais.\n\n<br>para. Os membros do site s\u00e3o respons\u00e1veis por seus relacionamentos entre si ou com terceiros.\n\n<b><br>2. Direitos de Propriedade Intelectual<\/b>\n\n<br>2.1. Todos os direitos de propriedade intelectual registrados ou n\u00e3o registrados, como t\u00edtulo, nome comercial, marca registrada, patente, logotipo, design, informa\u00e7\u00f5es e m\u00e9todo contidos neste Site, pertencem ao operador do site e \u00e0 empresa propriet\u00e1ria ou \u00e0 pessoa especificada e s\u00e3o protegidos pelas leis nacionais e internacionais. Visitar este Site ou utilizar os servi\u00e7os do Site n\u00e3o lhe confere quaisquer direitos relativos a esses direitos de propriedade intelectual.\n\n<br>2.2. As informa\u00e7\u00f5es contidas no site n\u00e3o podem ser reproduzidas, publicadas, copiadas, apresentadas e\/ou transferidas de forma alguma. A totalidade ou parte do site n\u00e3o pode ser usada em outro site sem permiss\u00e3o.\n\n<b><br>3. Informa\u00e7\u00f5es Confidenciais<\/b>\n\n<br>3.1. A empresa n\u00e3o divulgar\u00e1 informa\u00e7\u00f5es pessoais transmitidas pelos usu\u00e1rios atrav\u00e9s do site a terceiros. Estas informa\u00e7\u00f5es pessoais; Cont\u00e9m todo o tipo de informa\u00e7\u00f5es destinadas a identificar o utilizador, como nome-apelido, morada, n\u00famero de telefone, telem\u00f3vel, endere\u00e7o de e-mail da pessoa, e ser\u00e1 brevemente referida como &#039;Informa\u00e7\u00e3o Confidencial&#039;.\n\n<br>3.2. O Usu\u00e1rio receber\u00e1 apenas promo\u00e7\u00f5es, an\u00fancios, campanhas, promo\u00e7\u00f5es, an\u00fancios, etc. A Empresa aceita e declara que permite que a Empresa compartilhe seu contato, status de portf\u00f3lio e informa\u00e7\u00f5es demogr\u00e1ficas com suas afiliadas ou empresas do grupo. Estas informa\u00e7\u00f5es pessoais podem ser utilizadas para determinar perfis de clientes dentro da empresa, para oferecer promo\u00e7\u00f5es e campanhas adequadas ao perfil do cliente e para realizar estudos estat\u00edsticos.\n\n<br>3.3. As Informa\u00e7\u00f5es Confidenciais poder\u00e3o ser divulgadas a autoridades oficiais se devidamente solicitadas pelas autoridades oficiais e nos casos em que a divulga\u00e7\u00e3o \u00e0s autoridades oficiais seja obrigat\u00f3ria de acordo com a legisla\u00e7\u00e3o obrigat\u00f3ria em vigor.\n\n<b><br>4. Sem garantia:<\/b> ESTA CL\u00c1USULA DO CONTRATO SER\u00c1 V\u00c1LIDA NA MEDIDA M\u00c1XIMA PERMITIDA PELA LEI APLIC\u00c1VEL. OS SERVI\u00c7OS OFERECIDOS PELA EMPRESA S\u00c3O FORNECIDOS &quot;COMO EST\u00c3O&quot; E &quot;CONFORME DISPON\u00cdVEIS&quot; E SEM GARANTIA DE QUALQUER TIPO, EXPRESSA OU IMPL\u00cdCITA, INCLUINDO QUAISQUER GARANTIAS IMPL\u00cdCITAS DE COMERCIALIZA\u00c7\u00c3O, ADEQUA\u00c7\u00c3O A UM DETERMINADO FIM OU N\u00c3O VIOLA\u00c7\u00c3O. .\n\n<b><br>5. Registro e Seguran\u00e7a<\/b>\n\n<br>O Usu\u00e1rio dever\u00e1 fornecer informa\u00e7\u00f5es cadastrais precisas, completas e atualizadas. Caso contr\u00e1rio, este Contrato ser\u00e1 considerado violado e a conta poder\u00e1 ser encerrada sem aviso pr\u00e9vio ao Usu\u00e1rio.\n\n<br>O usu\u00e1rio \u00e9 respons\u00e1vel pela senha e seguran\u00e7a da conta no site e em sites de terceiros. Caso contr\u00e1rio, a Empresa n\u00e3o poder\u00e1 ser responsabilizada pela perda de dados, viola\u00e7\u00f5es de seguran\u00e7a ou danos que possam ocorrer ao hardware e aos dispositivos.\n\n<b><br>6. For\u00e7a Maior<\/b>\n\n<br>Desenvolver-se al\u00e9m do controle das partes; Devido a motivos como desastres naturais, inc\u00eandio, explos\u00e3o, guerra civil, guerra, rebeli\u00e3o, movimentos p\u00fablicos, declara\u00e7\u00e3o de mobiliza\u00e7\u00e3o, greve, bloqueio e epidemias, falhas de infraestrutura e internet, falta de energia (doravante denominados coletivamente como &quot;For\u00e7a Maior&quot;) Se as obriga\u00e7\u00f5es decorrentes n\u00e3o puderem ser cumpridas, as partes n\u00e3o ser\u00e3o respons\u00e1veis por isso. Durante este per\u00edodo, os direitos e obriga\u00e7\u00f5es das Partes decorrentes deste Acordo ficam suspensos.\n\n<b><br>7. Integridade do Contrato e Aplicabilidade<\/b>\n\n<br>Se um destes termos contratuais se tornar parcial ou totalmente inv\u00e1lido, o restante do contrato permanecer\u00e1 v\u00e1lido.\n\n<b><br>8. Altera\u00e7\u00f5es a serem feitas no Contrato<\/b>\n\n<br>A Empresa poder\u00e1 alterar os servi\u00e7os oferecidos no site e os termos deste contrato a qualquer momento, parcial ou totalmente. As altera\u00e7\u00f5es ser\u00e3o v\u00e1lidas a partir da data de publica\u00e7\u00e3o no site. O usu\u00e1rio \u00e9 respons\u00e1vel por acompanhar as altera\u00e7\u00f5es. Considera-se que o utilizador aceitou estas altera\u00e7\u00f5es continuando a beneficiar dos servi\u00e7os oferecidos.\n\n<b><br>9. Notifica\u00e7\u00e3o<\/b>\n\n<br>Todas as notifica\u00e7\u00f5es a serem enviadas \u00e0s partes em rela\u00e7\u00e3o a este Contrato de Ades\u00e3o ser\u00e3o feitas atrav\u00e9s do endere\u00e7o de e-mail conhecido da Empresa e do endere\u00e7o de e-mail especificado pelo usu\u00e1rio no formul\u00e1rio de ades\u00e3o. O Usu\u00e1rio concorda que o endere\u00e7o especificado no momento do registro \u00e9 o endere\u00e7o de notifica\u00e7\u00e3o v\u00e1lido e que, em caso de altera\u00e7\u00e3o, notificar\u00e1 a outra parte por escrito no prazo de 5 dias, caso contr\u00e1rio, as notifica\u00e7\u00f5es feitas a este endere\u00e7o ser\u00e3o consideradas v\u00e1lidas.\n\n<b><br>10. Acordo de Evid\u00eancia<\/b>\n\n<br>Em caso de disputas que possam surgir entre as Partes em rela\u00e7\u00e3o \u00e0s transa\u00e7\u00f5es relacionadas a este contrato, os livros, registros e documentos das Partes, registros de computador e registros de fax ser\u00e3o aceitos como prova de acordo com o C\u00f3digo de Processo Civil n\u00ba 6.100, e o usu\u00e1rio concorda que n\u00e3o se opor\u00e1 a esses registros.\n\n<b><br>11. Resolu\u00e7\u00e3o de disputas<\/b>\n\n<br>Os Tribunais e Escrit\u00f3rios de Execu\u00e7\u00e3o de Istambul (Central) est\u00e3o autorizados a resolver quaisquer disputas que possam surgir da implementa\u00e7\u00e3o ou interpreta\u00e7\u00e3o deste Acordo de Ades\u00e3o.\t\t\t\t\t\t<\/div>\n\t\t\t\t<\/div>\n\t\t\t\t\t<\/div>\n\t\t<\/div>\n\t\t\t\t\t<\/div>\n\t\t<\/section>\n\t\t\t\t\t<\/div>\n\t\t<\/div>\n\t\t\t\t\t<\/div>\n\t\t<\/section>\n\t\t\t\t<\/div>","protected":false},"excerpt":{"rendered":"<p>Acordo de Associa\u00e7\u00e3o TERMOS DE USO Em nosso Acordo de Associa\u00e7\u00e3o, leia estes &#039;termos de uso do site&#039; cuidadosamente antes de usar nosso site. Considera-se que nossos clientes que usam e compram neste site de compras aceitaram os seguintes termos: As p\u00e1ginas da web em nosso site e todas as p\u00e1ginas vinculadas a essas p\u00e1ginas (&#039;site&#039;) pertencem e s\u00e3o operadas pela empresa N\u0130\u015eANTA\u015eI KOZMETIK (Empresa) em www. .nisantasikozmetik.com. Enquanto voc\u00ea (&#039;Usu\u00e1rio&#039;) utiliza o site [\u2026]<\/p>","protected":false},"author":1,"featured_media":0,"parent":0,"menu_order":0,"comment_status":"closed","ping_status":"closed","template":"elementor_header_footer","meta":{"footnotes":""},"class_list":["post-581","page","type-page","status-publish","hentry"],"yoast_head":"<!-- This site is optimized with the Yoast SEO plugin v26.2 - https:\/\/yoast.com\/wordpress\/plugins\/seo\/ -->\n<title>\u00dcyelik S\u00f6zle\u015fmesi - Ni\u015fanta\u015f\u0131 Kozmetik<\/title>\n<meta name=\"description\" content=\"Membership Agreement\" \/>\n<meta name=\"robots\" content=\"index, follow, max-snippet:-1, max-image-preview:large, max-video-preview:-1\" \/>\n<link rel=\"canonical\" href=\"https:\/\/nisantasikozmetik.com\/pt_br\/acordo-de-adesao\/?wmc-currency=EUR\" \/>\n<meta property=\"og:locale\" content=\"pt_BR\" \/>\n<meta property=\"og:type\" content=\"article\" \/>\n<meta property=\"og:title\" content=\"\u00dcyelik S\u00f6zle\u015fmesi - Ni\u015fanta\u015f\u0131 Kozmetik\" \/>\n<meta property=\"og:description\" content=\"Membership Agreement\" \/>\n<meta property=\"og:url\" content=\"https:\/\/nisantasikozmetik.com\/pt_br\/acordo-de-adesao\/?wmc-currency=EUR\" \/>\n<meta property=\"og:site_name\" content=\"Ni\u015fanta\u015f\u0131 Kozmetik\" \/>\n<meta property=\"article:modified_time\" content=\"2024-06-12T10:57:08+00:00\" \/>\n<meta name=\"twitter:card\" content=\"summary_large_image\" \/>\n<meta name=\"twitter:label1\" content=\"Est. tempo de leitura\" \/>\n\t<meta name=\"twitter:data1\" content=\"6 minutos\" \/>\n<script type=\"application\/ld+json\" class=\"yoast-schema-graph\">{\"@context\":\"https:\/\/schema.org\",\"@graph\":[{\"@type\":\"WebPage\",\"@id\":\"https:\/\/nisantasikozmetik.com\/tr\/uyelik-sozlesmesi\/\",\"url\":\"https:\/\/nisantasikozmetik.com\/tr\/uyelik-sozlesmesi\/\",\"name\":\"\u00dcyelik S\u00f6zle\u015fmesi - Ni\u015fanta\u015f\u0131 Kozmetik\",\"isPartOf\":{\"@id\":\"https:\/\/nisantasikozmetik.com\/fr\/#website\"},\"datePublished\":\"2024-06-05T06:56:41+00:00\",\"dateModified\":\"2024-06-12T10:57:08+00:00\",\"description\":\"Membership Agreement\",\"breadcrumb\":{\"@id\":\"https:\/\/nisantasikozmetik.com\/tr\/uyelik-sozlesmesi\/#breadcrumb\"},\"inLanguage\":\"pt-BR\",\"potentialAction\":[{\"@type\":\"ReadAction\",\"target\":[\"https:\/\/nisantasikozmetik.com\/tr\/uyelik-sozlesmesi\/\"]}]},{\"@type\":\"BreadcrumbList\",\"@id\":\"https:\/\/nisantasikozmetik.com\/tr\/uyelik-sozlesmesi\/#breadcrumb\",\"itemListElement\":[{\"@type\":\"ListItem\",\"position\":1,\"name\":\"Anasayfa\",\"item\":\"https:\/\/nisantasikozmetik.com\/fr\/\"},{\"@type\":\"ListItem\",\"position\":2,\"name\":\"\u00dcyelik S\u00f6zle\u015fmesi\"}]},{\"@type\":\"WebSite\",\"@id\":\"https:\/\/nisantasikozmetik.com\/fr\/#website\",\"url\":\"https:\/\/nisantasikozmetik.com\/fr\/\",\"name\":\"Ni\u015fanta\u015f\u0131 Kozmetik\",\"description\":\"\",\"publisher\":{\"@id\":\"https:\/\/nisantasikozmetik.com\/fr\/#organization\"},\"potentialAction\":[{\"@type\":\"SearchAction\",\"target\":{\"@type\":\"EntryPoint\",\"urlTemplate\":\"https:\/\/nisantasikozmetik.com\/fr\/?s={search_term_string}\"},\"query-input\":{\"@type\":\"PropertyValueSpecification\",\"valueRequired\":true,\"valueName\":\"search_term_string\"}}],\"inLanguage\":\"pt-BR\"},{\"@type\":\"Organization\",\"@id\":\"https:\/\/nisantasikozmetik.com\/fr\/#organization\",\"name\":\"Ni\u015fanta\u015f\u0131 Kozmetik\",\"url\":\"https:\/\/nisantasikozmetik.com\/fr\/\",\"logo\":{\"@type\":\"ImageObject\",\"inLanguage\":\"pt-BR\",\"@id\":\"https:\/\/nisantasikozmetik.com\/fr\/#\/schema\/logo\/image\/\",\"url\":\"https:\/\/nisantasikozmetik.com\/wp-content\/uploads\/2024\/06\/Nisantasi-Cosmetic-Logo.png\",\"contentUrl\":\"https:\/\/nisantasikozmetik.com\/wp-content\/uploads\/2024\/06\/Nisantasi-Cosmetic-Logo.png\",\"width\":1080,\"height\":216,\"caption\":\"Ni\u015fanta\u015f\u0131 Kozmetik\"},\"image\":{\"@id\":\"https:\/\/nisantasikozmetik.com\/fr\/#\/schema\/logo\/image\/\"}}]}<\/script>\n<!-- \/ Yoast SEO plugin. -->","yoast_head_json":{"title":"\u00dcyelik S\u00f6zle\u015fmesi - Ni\u015fanta\u015f\u0131 Kozmetik","description":"Membership Agreement","robots":{"index":"index","follow":"follow","max-snippet":"max-snippet:-1","max-image-preview":"max-image-preview:large","max-video-preview":"max-video-preview:-1"},"canonical":"https:\/\/nisantasikozmetik.com\/pt_br\/acordo-de-adesao\/?wmc-currency=EUR","og_locale":"pt_BR","og_type":"article","og_title":"\u00dcyelik S\u00f6zle\u015fmesi - Ni\u015fanta\u015f\u0131 Kozmetik","og_description":"Membership Agreement","og_url":"https:\/\/nisantasikozmetik.com\/pt_br\/acordo-de-adesao\/?wmc-currency=EUR","og_site_name":"Ni\u015fanta\u015f\u0131 Kozmetik","article_modified_time":"2024-06-12T10:57:08+00:00","twitter_card":"summary_large_image","twitter_misc":{"Est. tempo de leitura":"6 minutos"},"schema":{"@context":"https:\/\/schema.org","@graph":[{"@type":"WebPage","@id":"https:\/\/nisantasikozmetik.com\/tr\/uyelik-sozlesmesi\/","url":"https:\/\/nisantasikozmetik.com\/tr\/uyelik-sozlesmesi\/","name":"\u00dcyelik S\u00f6zle\u015fmesi - Ni\u015fanta\u015f\u0131 Kozmetik","isPartOf":{"@id":"https:\/\/nisantasikozmetik.com\/fr\/#website"},"datePublished":"2024-06-05T06:56:41+00:00","dateModified":"2024-06-12T10:57:08+00:00","description":"Membership Agreement","breadcrumb":{"@id":"https:\/\/nisantasikozmetik.com\/tr\/uyelik-sozlesmesi\/#breadcrumb"},"inLanguage":"pt-BR","potentialAction":[{"@type":"ReadAction","target":["https:\/\/nisantasikozmetik.com\/tr\/uyelik-sozlesmesi\/"]}]},{"@type":"BreadcrumbList","@id":"https:\/\/nisantasikozmetik.com\/tr\/uyelik-sozlesmesi\/#breadcrumb","itemListElement":[{"@type":"ListItem","position":1,"name":"Anasayfa","item":"https:\/\/nisantasikozmetik.com\/fr\/"},{"@type":"ListItem","position":2,"name":"\u00dcyelik S\u00f6zle\u015fmesi"}]},{"@type":"WebSite","@id":"https:\/\/nisantasikozmetik.com\/fr\/#website","url":"https:\/\/nisantasikozmetik.com\/fr\/","name":"Ni\u015fanta\u015f\u0131 Kozmetik","description":"","publisher":{"@id":"https:\/\/nisantasikozmetik.com\/fr\/#organization"},"potentialAction":[{"@type":"SearchAction","target":{"@type":"EntryPoint","urlTemplate":"https:\/\/nisantasikozmetik.com\/fr\/?s={search_term_string}"},"query-input":{"@type":"PropertyValueSpecification","valueRequired":true,"valueName":"search_term_string"}}],"inLanguage":"pt-BR"},{"@type":"Organization","@id":"https:\/\/nisantasikozmetik.com\/fr\/#organization","name":"Ni\u015fanta\u015f\u0131 Kozmetik","url":"https:\/\/nisantasikozmetik.com\/fr\/","logo":{"@type":"ImageObject","inLanguage":"pt-BR","@id":"https:\/\/nisantasikozmetik.com\/fr\/#\/schema\/logo\/image\/","url":"https:\/\/nisantasikozmetik.com\/wp-content\/uploads\/2024\/06\/Nisantasi-Cosmetic-Logo.png","contentUrl":"https:\/\/nisantasikozmetik.com\/wp-content\/uploads\/2024\/06\/Nisantasi-Cosmetic-Logo.png","width":1080,"height":216,"caption":"Ni\u015fanta\u015f\u0131 Kozmetik"},"image":{"@id":"https:\/\/nisantasikozmetik.com\/fr\/#\/schema\/logo\/image\/"}}]}},"_links":{"self":[{"href":"https:\/\/nisantasikozmetik.com\/pt_br\/wp-json\/wp\/v2\/pages\/581","targetHints":{"allow":["GET"]}}],"collection":[{"href":"https:\/\/nisantasikozmetik.com\/pt_br\/wp-json\/wp\/v2\/pages"}],"about":[{"href":"https:\/\/nisantasikozmetik.com\/pt_br\/wp-json\/wp\/v2\/types\/page"}],"author":[{"embeddable":true,"href":"https:\/\/nisantasikozmetik.com\/pt_br\/wp-json\/wp\/v2\/users\/1"}],"replies":[{"embeddable":true,"href":"https:\/\/nisantasikozmetik.com\/pt_br\/wp-json\/wp\/v2\/comments?post=581"}],"version-history":[{"count":0,"href":"https:\/\/nisantasikozmetik.com\/pt_br\/wp-json\/wp\/v2\/pages\/581\/revisions"}],"wp:attachment":[{"href":"https:\/\/nisantasikozmetik.com\/pt_br\/wp-json\/wp\/v2\/media?parent=581"}],"curies":[{"name":"wp","href":"https:\/\/api.w.org\/{rel}","templated":true}]}}