{"id":581,"date":"2024-06-05T09:56:41","date_gmt":"2024-06-05T06:56:41","guid":{"rendered":"https:\/\/nisantasi.zarendigital.com\/?page_id=581"},"modified":"2024-06-12T13:57:08","modified_gmt":"2024-06-12T10:57:08","slug":"uyelik-sozlesmesi","status":"publish","type":"page","link":"https:\/\/nisantasikozmetik.com\/it\/contratto-di-adesione\/","title":{"rendered":"Contratto di adesione"},"content":{"rendered":"<div data-elementor-type=\"wp-page\" data-elementor-id=\"581\" class=\"elementor elementor-581\" data-elementor-post-type=\"page\">\n\t\t\t\t\t\t<section class=\"elementor-section elementor-top-section elementor-element elementor-element-f6fdf1b elementor-section-height-min-height elementor-section-content-middle elementor-section-boxed elementor-section-height-default elementor-section-items-middle\" data-id=\"f6fdf1b\" data-element_type=\"section\">\n\t\t\t\t\t\t<div class=\"elementor-container elementor-column-gap-default\">\n\t\t\t\t\t<div class=\"elementor-column elementor-col-100 elementor-top-column elementor-element elementor-element-60133d5\" data-id=\"60133d5\" data-element_type=\"column\">\n\t\t\t<div class=\"elementor-widget-wrap elementor-element-populated\">\n\t\t\t\t\t\t<section class=\"elementor-section elementor-inner-section elementor-element elementor-element-42e5b59 elementor-section-content-middle elementor-section-boxed elementor-section-height-default elementor-section-height-default\" data-id=\"42e5b59\" data-element_type=\"section\">\n\t\t\t\t\t\t<div class=\"elementor-container elementor-column-gap-default\">\n\t\t\t\t\t<div class=\"elementor-column elementor-col-100 elementor-inner-column elementor-element elementor-element-eef93b9\" data-id=\"eef93b9\" data-element_type=\"column\">\n\t\t\t<div class=\"elementor-widget-wrap elementor-element-populated\">\n\t\t\t\t\t\t<div class=\"elementor-element elementor-element-e197cab elementor-widget elementor-widget-heading\" data-id=\"e197cab\" data-element_type=\"widget\" data-widget_type=\"heading.default\">\n\t\t\t\t<div class=\"elementor-widget-container\">\n\t\t\t<h2 class=\"elementor-heading-title elementor-size-default\">Contratto di adesione<\/h2>\t\t<\/div>\n\t\t\t\t<\/div>\n\t\t\t\t<div class=\"elementor-element elementor-element-6050a0c elementor-widget elementor-widget-woocommerce-breadcrumb\" data-id=\"6050a0c\" data-element_type=\"widget\" data-widget_type=\"woocommerce-breadcrumb.default\">\n\t\t\t\t<div class=\"elementor-widget-container\">\n\t\t\t<nav class=\"woocommerce-breadcrumb\" aria-label=\"Breadcrumb\" data-no-translation=\"\" data-trp-gettext=\"\">Casa<\/nav>\t\t<\/div>\n\t\t\t\t<\/div>\n\t\t\t\t\t<\/div>\n\t\t<\/div>\n\t\t\t\t\t<\/div>\n\t\t<\/section>\n\t\t\t\t\t<\/div>\n\t\t<\/div>\n\t\t\t\t\t<\/div>\n\t\t<\/section>\n\t\t\t\t<section class=\"elementor-section elementor-top-section elementor-element elementor-element-582af76 elementor-section-content-middle elementor-section-boxed elementor-section-height-default elementor-section-height-default\" data-id=\"582af76\" data-element_type=\"section\">\n\t\t\t\t\t\t<div class=\"elementor-container elementor-column-gap-default\">\n\t\t\t\t\t<div class=\"elementor-column elementor-col-100 elementor-top-column elementor-element elementor-element-d649a91\" data-id=\"d649a91\" data-element_type=\"column\">\n\t\t\t<div class=\"elementor-widget-wrap elementor-element-populated\">\n\t\t\t\t\t\t<div class=\"elementor-element elementor-element-3c69c8b elementor-widget elementor-widget-spacer\" data-id=\"3c69c8b\" data-element_type=\"widget\" data-widget_type=\"spacer.default\">\n\t\t\t\t<div class=\"elementor-widget-container\">\n\t\t\t\t\t<div class=\"elementor-spacer\">\n\t\t\t<div class=\"elementor-spacer-inner\"><\/div>\n\t\t<\/div>\n\t\t\t\t<\/div>\n\t\t\t\t<\/div>\n\t\t\t\t\t<\/div>\n\t\t<\/div>\n\t\t\t\t\t<\/div>\n\t\t<\/section>\n\t\t\t\t<section class=\"elementor-section elementor-top-section elementor-element elementor-element-ed5e0dd elementor-section-content-middle elementor-section-boxed elementor-section-height-default elementor-section-height-default\" data-id=\"ed5e0dd\" data-element_type=\"section\">\n\t\t\t\t\t\t<div class=\"elementor-container elementor-column-gap-default\">\n\t\t\t\t\t<div class=\"elementor-column elementor-col-100 elementor-top-column elementor-element elementor-element-63cbb73\" data-id=\"63cbb73\" data-element_type=\"column\">\n\t\t\t<div class=\"elementor-widget-wrap elementor-element-populated\">\n\t\t\t\t\t\t<section class=\"elementor-section elementor-inner-section elementor-element elementor-element-34fdd35 elementor-section-content-middle elementor-section-boxed elementor-section-height-default elementor-section-height-default\" data-id=\"34fdd35\" data-element_type=\"section\">\n\t\t\t\t\t\t<div class=\"elementor-container elementor-column-gap-default\">\n\t\t\t\t\t<div class=\"elementor-column elementor-col-100 elementor-inner-column elementor-element elementor-element-ad730be\" data-id=\"ad730be\" data-element_type=\"column\">\n\t\t\t<div class=\"elementor-widget-wrap elementor-element-populated\">\n\t\t\t\t\t\t<div class=\"elementor-element elementor-element-09705db elementor-widget elementor-widget-text-editor\" data-id=\"09705db\" data-element_type=\"widget\" data-widget_type=\"text-editor.default\">\n\t\t\t\t<div class=\"elementor-widget-container\">\n\t\t\t\t\t\t\t<b><br>TERMINI DI UTILIZZO<\/b>\n\n<br>Nel nostro Contratto di adesione, leggi attentamente i presenti &quot;Termini di utilizzo del sito&quot; prima di utilizzare il nostro sito.\n\n<br>Si ritiene che i nostri clienti che utilizzano e acquistano su questo sito di shopping abbiano accettato i seguenti termini:\n<br>Le pagine web del nostro sito e tutte le pagine collegate a queste pagine (&quot;sito&quot;) sono di propriet\u00e0 e gestite da N\u0130\u015eANTA\u015eI KOZMETIK (Societ\u00e0) all&#039;indirizzo www.nisantasikozmetik.com. Mentre tu (&quot;Utente&quot;) beneficerai di tutti i servizi offerti durante l&#039;utilizzo del sito, sarai soggetto alle seguenti condizioni, continuando a beneficiare e utilizzare il servizio sul sito; Riconosci di avere il diritto, l&#039;autorit\u00e0 e la capacit\u00e0 legale di firmare un contratto in conformit\u00e0 con le leggi da cui sei vincolato, di avere pi\u00f9 di 18 anni, di aver letto e compreso questo contratto e di essere vincolato dalle termini scritti nel contratto.\n\n<br>Il presente Contratto di adesione impone diritti e obblighi alle parti in merito al sito e, quando le parti accettano il presente contratto, dichiarano che adempiranno ai diritti e agli obblighi specificati in modo completo, accurato, tempestivo ed entro le condizioni richieste nel presente contratto.\n\n<b><br>1. RESPONSABILIT\u00c0<\/b>\n\n<br>UN. L&#039;azienda si riserva il diritto di modificare i prezzi ed i prodotti e servizi offerti in qualsiasi momento.\n\n<br>B. La societ\u00e0 garantisce all&#039;iscritto il diritto di usufruire dei servizi oggetto del contratto, salvo guasti tecnici.\n\n<br>C. L&#039;utente concorda anticipatamente che non effettuer\u00e0 operazioni di reverse engineering sul suo utilizzo del sito n\u00e9 intraprender\u00e0 alcuna altra azione per trovare o ottenere il codice sorgente del sito, altrimenti sar\u00e0 responsabile di eventuali danni che potrebbe causare a terzi e legali e penali. verr\u00e0 avviato un procedimento contro di lui.\n\n<br>D. L&#039;utente si impegna a non produrre o condividere contenuti contrari alla morale generale e all&#039;etichetta, illegali, lesivi dei diritti di terzi, fuorvianti, offensivi, osceni, pornografici, lesivi dei diritti personali, violanti i diritti d&#039;autore o incoraggianti attivit\u00e0 illegali nelle sue transazioni e comunicazioni sul sito. In caso contrario, sar\u00e0 interamente responsabile degli eventuali danni che potrebbero verificarsi e, in questo caso, le autorit\u00e0 del &quot;Sito&quot; potranno sospendere o chiudere tali account e riservarsi il diritto di intraprendere azioni legali. Si riserva pertanto il diritto di condividere informazioni riguardanti attivit\u00e0 o account utente qualora richiesto dalle autorit\u00e0 giudiziarie.\n\n<br>A. I membri del sito sono responsabili dei loro rapporti reciproci o con terzi.\n\n<b><br>2. Diritti di propriet\u00e0 intellettuale<\/b>\n\n<br>2.1. Tutti i diritti di propriet\u00e0 intellettuale registrati o non registrati come titolo, ragione sociale, marchio, brevetto, logo, design, informazioni e metodi contenuti in questo sito appartengono al gestore del sito e alla societ\u00e0 proprietaria o alla persona specificata e sono protetti dalla legge nazionale e internazionale. Visitare questo Sito o utilizzare i servizi sul Sito non conferisce alcun diritto relativo a tali diritti di propriet\u00e0 intellettuale.\n\n<br>2.2. Le informazioni presenti nel sito non possono essere riprodotte, pubblicate, copiate, presentate e\/o trasferite in alcun modo. Tutto o parte del sito non pu\u00f2 essere utilizzato su un altro sito web senza autorizzazione.\n\n<b><br>3. Informazioni riservate<\/b>\n\n<br>3.1. La societ\u00e0 non divulgher\u00e0 a terzi i dati personali trasmessi dagli utenti attraverso il sito. Queste informazioni personali; Contengono tutti i tipi di informazioni intese a identificare l&#039;utente, quali nome-cognome, indirizzo, numero di telefono, telefono cellulare, indirizzo e-mail, e verranno brevemente definite &quot;Informazioni riservate&quot;.\n\n<br>3.2. L&#039;Utente ricever\u00e0 esclusivamente promozioni, annunci, campagne, promozioni, annunci, ecc. La Societ\u00e0 accetta e dichiara di consentire alla Societ\u00e0 di condividere i propri contatti, lo stato del portafoglio e le informazioni demografiche con le sue affiliate o societ\u00e0 del gruppo. Queste informazioni personali possono essere utilizzate per determinare i profili dei clienti all&#039;interno dell&#039;azienda, per offrire promozioni e campagne adeguate al profilo del cliente e per condurre studi statistici.\n\n<br>3.3. Le Informazioni riservate possono essere divulgate alle autorit\u00e0 ufficiali se debitamente richiesto dalle autorit\u00e0 ufficiali e nei casi in cui la divulgazione alle autorit\u00e0 ufficiali \u00e8 obbligatoria in conformit\u00e0 con la legislazione obbligatoria in vigore.\n\n<b><br>4. Nessuna garanzia:<\/b> LA PRESENTE CLAUSOLA CONTRATTO SAR\u00c0 VALIDA NELLA MISURA MASSIMA CONSENTITA DALLA LEGGE APPLICABILE. I SERVIZI OFFERTI DALL&#039;AZIENDA SONO FORNITI &quot;COS\u00cc COME SONO&quot; E &quot;COME DISPONIBILI&quot; E SENZA GARANZIA DI ALCUN TIPO, ESPRESSA O IMPLICITA, INCLUSE EVENTUALI GARANZIE IMPLICITE DI COMMERCIABILIT\u00c0, IDONEIT\u00c0 PER UNO SCOPO PARTICOLARE O NON VIOLAZIONE, COMPRESE LE GUIDE). .\n\n<b><br>5. Registrazione e sicurezza<\/b>\n\n<br>L&#039;Utente deve fornire informazioni di registrazione accurate, complete e aggiornate. In caso contrario il presente Contratto si riterr\u00e0 violato e l&#039;account potr\u00e0 essere chiuso senza preavviso all&#039;Utente.\n\n<br>L&#039;utente \u00e8 responsabile della sicurezza della password e dell&#039;account sul sito e sui siti di terzi. In caso contrario, la Societ\u00e0 non potr\u00e0 essere ritenuta responsabile per perdita di dati, violazioni della sicurezza o danni che potrebbero verificarsi all&#039;hardware e ai dispositivi.\n\n<b><br>6. Forza maggiore<\/b>\n\n<br>Svilupparsi al di fuori del controllo delle parti; Per motivi quali catastrofi naturali, incendi, esplosioni, guerre civili, guerre, ribellioni, movimenti pubblici, dichiarazioni di mobilitazione, scioperi, serrate ed epidemie, guasti alle infrastrutture e a Internet, interruzioni di corrente (di seguito collettivamente denominate &quot;Forza Maggiore&quot;) Se gli obblighi derivanti non possono essere adempiuti, le parti non ne sono responsabili. Durante tale periodo i diritti e gli obblighi delle Parti derivanti dal presente Contratto sono sospesi.\n\n<b><br>7. Integrit\u00e0 del Contratto e Applicabilit\u00e0<\/b>\n\n<br>Se uno di questi termini contrattuali diventa parzialmente o completamente invalido, il resto del contratto rimane valido.\n\n<b><br>8. Modifiche da apportare al Contratto<\/b>\n\n<br>La Societ\u00e0 potr\u00e0 modificare in qualsiasi momento, parzialmente o completamente, i servizi offerti sul sito ed i termini del presente accordo. Le modifiche saranno valide dalla data di pubblicazione sul sito. L&#039;utente \u00e8 responsabile di tenere traccia delle modifiche. Si ritiene che l&#039;utente abbia accettato tali modifiche continuando a beneficiare dei servizi offerti.\n\n<b><br>9. Notifica<\/b>\n\n<br>Tutte le comunicazioni da inviare alle parti in merito al presente Contratto di Adesione verranno effettuate tramite l&#039;indirizzo di posta elettronica conosciuto dalla Societ\u00e0 e l&#039;indirizzo di posta elettronica specificato dall&#039;utente nel modulo di adesione. L&#039;Utente accetta che l&#039;indirizzo indicato al momento della registrazione sia l&#039;indirizzo di notifica valido e che in caso di variazione avviser\u00e0 l&#039;altra parte per iscritto entro 5 giorni, altrimenti le notifiche effettuate a questo indirizzo saranno ritenute valide.\n\n<b><br>10. Accordo sulle prove<\/b>\n\n<br>In caso di controversie che potrebbero sorgere tra le Parti in merito alle transazioni relative al presente contratto, i libri, gli atti e i documenti, gli archivi informatici e i fax delle Parti saranno accettati come prova ai sensi del Codice di procedura civile n. 6100, e l&#039;utente accetta di non opporsi a tali registrazioni.\n\n<b><br>11. Risoluzione delle controversie<\/b>\n\n<br>I tribunali e gli uffici di controllo di Istanbul (Centrale) sono autorizzati a risolvere eventuali controversie che potrebbero derivare dall&#039;implementazione o dall&#039;interpretazione del presente Contratto di adesione.\t\t\t\t\t\t<\/div>\n\t\t\t\t<\/div>\n\t\t\t\t\t<\/div>\n\t\t<\/div>\n\t\t\t\t\t<\/div>\n\t\t<\/section>\n\t\t\t\t\t<\/div>\n\t\t<\/div>\n\t\t\t\t\t<\/div>\n\t\t<\/section>\n\t\t\t\t<\/div>","protected":false},"excerpt":{"rendered":"<p>Contratto di adesione TERMINI DI UTILIZZO Nel nostro Contratto di adesione, leggi attentamente i presenti &quot;Termini di utilizzo del sito&quot; prima di utilizzare il nostro sito. Si ritiene che i nostri clienti che utilizzano e acquistano su questo sito di shopping abbiano accettato i seguenti termini: Le pagine web sul nostro sito e tutte le pagine collegate a queste pagine (&quot;sito&quot;) sono di propriet\u00e0 e gestite dalla societ\u00e0 N\u0130\u015eANTA\u015eI KOZMETIK (Societ\u00e0) all&#039;indirizzo www .nisantasikozmetik.com. Mentre tu (&#039;Utente&#039;) utilizzi il sito [\u2026]<\/p>","protected":false},"author":1,"featured_media":0,"parent":0,"menu_order":0,"comment_status":"closed","ping_status":"closed","template":"elementor_header_footer","meta":{"footnotes":""},"class_list":["post-581","page","type-page","status-publish","hentry"],"yoast_head":"<!-- This site is optimized with the Yoast SEO plugin v26.2 - https:\/\/yoast.com\/wordpress\/plugins\/seo\/ -->\n<title>\u00dcyelik S\u00f6zle\u015fmesi - Ni\u015fanta\u015f\u0131 Kozmetik<\/title>\n<meta name=\"description\" content=\"Membership Agreement\" \/>\n<meta name=\"robots\" content=\"index, follow, max-snippet:-1, max-image-preview:large, max-video-preview:-1\" \/>\n<link rel=\"canonical\" href=\"https:\/\/nisantasikozmetik.com\/it\/contratto-di-adesione\/?wmc-currency=EUR\" \/>\n<meta property=\"og:locale\" content=\"it_IT\" \/>\n<meta property=\"og:type\" content=\"article\" \/>\n<meta property=\"og:title\" content=\"\u00dcyelik S\u00f6zle\u015fmesi - Ni\u015fanta\u015f\u0131 Kozmetik\" \/>\n<meta property=\"og:description\" content=\"Membership Agreement\" \/>\n<meta property=\"og:url\" content=\"https:\/\/nisantasikozmetik.com\/it\/contratto-di-adesione\/?wmc-currency=EUR\" \/>\n<meta property=\"og:site_name\" content=\"Ni\u015fanta\u015f\u0131 Kozmetik\" \/>\n<meta property=\"article:modified_time\" content=\"2024-06-12T10:57:08+00:00\" \/>\n<meta name=\"twitter:card\" content=\"summary_large_image\" \/>\n<meta name=\"twitter:label1\" content=\"Tempo di lettura stimato\" \/>\n\t<meta name=\"twitter:data1\" content=\"6 minuti\" \/>\n<script type=\"application\/ld+json\" class=\"yoast-schema-graph\">{\"@context\":\"https:\/\/schema.org\",\"@graph\":[{\"@type\":\"WebPage\",\"@id\":\"https:\/\/nisantasikozmetik.com\/tr\/uyelik-sozlesmesi\/\",\"url\":\"https:\/\/nisantasikozmetik.com\/tr\/uyelik-sozlesmesi\/\",\"name\":\"\u00dcyelik S\u00f6zle\u015fmesi - Ni\u015fanta\u015f\u0131 Kozmetik\",\"isPartOf\":{\"@id\":\"https:\/\/nisantasikozmetik.com\/fr\/#website\"},\"datePublished\":\"2024-06-05T06:56:41+00:00\",\"dateModified\":\"2024-06-12T10:57:08+00:00\",\"description\":\"Membership Agreement\",\"breadcrumb\":{\"@id\":\"https:\/\/nisantasikozmetik.com\/tr\/uyelik-sozlesmesi\/#breadcrumb\"},\"inLanguage\":\"it-IT\",\"potentialAction\":[{\"@type\":\"ReadAction\",\"target\":[\"https:\/\/nisantasikozmetik.com\/tr\/uyelik-sozlesmesi\/\"]}]},{\"@type\":\"BreadcrumbList\",\"@id\":\"https:\/\/nisantasikozmetik.com\/tr\/uyelik-sozlesmesi\/#breadcrumb\",\"itemListElement\":[{\"@type\":\"ListItem\",\"position\":1,\"name\":\"Anasayfa\",\"item\":\"https:\/\/nisantasikozmetik.com\/fr\/\"},{\"@type\":\"ListItem\",\"position\":2,\"name\":\"\u00dcyelik S\u00f6zle\u015fmesi\"}]},{\"@type\":\"WebSite\",\"@id\":\"https:\/\/nisantasikozmetik.com\/fr\/#website\",\"url\":\"https:\/\/nisantasikozmetik.com\/fr\/\",\"name\":\"Ni\u015fanta\u015f\u0131 Kozmetik\",\"description\":\"\",\"publisher\":{\"@id\":\"https:\/\/nisantasikozmetik.com\/fr\/#organization\"},\"potentialAction\":[{\"@type\":\"SearchAction\",\"target\":{\"@type\":\"EntryPoint\",\"urlTemplate\":\"https:\/\/nisantasikozmetik.com\/fr\/?s={search_term_string}\"},\"query-input\":{\"@type\":\"PropertyValueSpecification\",\"valueRequired\":true,\"valueName\":\"search_term_string\"}}],\"inLanguage\":\"it-IT\"},{\"@type\":\"Organization\",\"@id\":\"https:\/\/nisantasikozmetik.com\/fr\/#organization\",\"name\":\"Ni\u015fanta\u015f\u0131 Kozmetik\",\"url\":\"https:\/\/nisantasikozmetik.com\/fr\/\",\"logo\":{\"@type\":\"ImageObject\",\"inLanguage\":\"it-IT\",\"@id\":\"https:\/\/nisantasikozmetik.com\/fr\/#\/schema\/logo\/image\/\",\"url\":\"https:\/\/nisantasikozmetik.com\/wp-content\/uploads\/2024\/06\/Nisantasi-Cosmetic-Logo.png\",\"contentUrl\":\"https:\/\/nisantasikozmetik.com\/wp-content\/uploads\/2024\/06\/Nisantasi-Cosmetic-Logo.png\",\"width\":1080,\"height\":216,\"caption\":\"Ni\u015fanta\u015f\u0131 Kozmetik\"},\"image\":{\"@id\":\"https:\/\/nisantasikozmetik.com\/fr\/#\/schema\/logo\/image\/\"}}]}<\/script>\n<!-- \/ Yoast SEO plugin. -->","yoast_head_json":{"title":"\u00dcyelik S\u00f6zle\u015fmesi - Ni\u015fanta\u015f\u0131 Kozmetik","description":"Membership Agreement","robots":{"index":"index","follow":"follow","max-snippet":"max-snippet:-1","max-image-preview":"max-image-preview:large","max-video-preview":"max-video-preview:-1"},"canonical":"https:\/\/nisantasikozmetik.com\/it\/contratto-di-adesione\/?wmc-currency=EUR","og_locale":"it_IT","og_type":"article","og_title":"\u00dcyelik S\u00f6zle\u015fmesi - Ni\u015fanta\u015f\u0131 Kozmetik","og_description":"Membership Agreement","og_url":"https:\/\/nisantasikozmetik.com\/it\/contratto-di-adesione\/?wmc-currency=EUR","og_site_name":"Ni\u015fanta\u015f\u0131 Kozmetik","article_modified_time":"2024-06-12T10:57:08+00:00","twitter_card":"summary_large_image","twitter_misc":{"Tempo di lettura stimato":"6 minuti"},"schema":{"@context":"https:\/\/schema.org","@graph":[{"@type":"WebPage","@id":"https:\/\/nisantasikozmetik.com\/tr\/uyelik-sozlesmesi\/","url":"https:\/\/nisantasikozmetik.com\/tr\/uyelik-sozlesmesi\/","name":"\u00dcyelik S\u00f6zle\u015fmesi - Ni\u015fanta\u015f\u0131 Kozmetik","isPartOf":{"@id":"https:\/\/nisantasikozmetik.com\/fr\/#website"},"datePublished":"2024-06-05T06:56:41+00:00","dateModified":"2024-06-12T10:57:08+00:00","description":"Membership Agreement","breadcrumb":{"@id":"https:\/\/nisantasikozmetik.com\/tr\/uyelik-sozlesmesi\/#breadcrumb"},"inLanguage":"it-IT","potentialAction":[{"@type":"ReadAction","target":["https:\/\/nisantasikozmetik.com\/tr\/uyelik-sozlesmesi\/"]}]},{"@type":"BreadcrumbList","@id":"https:\/\/nisantasikozmetik.com\/tr\/uyelik-sozlesmesi\/#breadcrumb","itemListElement":[{"@type":"ListItem","position":1,"name":"Anasayfa","item":"https:\/\/nisantasikozmetik.com\/fr\/"},{"@type":"ListItem","position":2,"name":"\u00dcyelik S\u00f6zle\u015fmesi"}]},{"@type":"WebSite","@id":"https:\/\/nisantasikozmetik.com\/fr\/#website","url":"https:\/\/nisantasikozmetik.com\/fr\/","name":"Ni\u015fanta\u015f\u0131 Kozmetik","description":"","publisher":{"@id":"https:\/\/nisantasikozmetik.com\/fr\/#organization"},"potentialAction":[{"@type":"SearchAction","target":{"@type":"EntryPoint","urlTemplate":"https:\/\/nisantasikozmetik.com\/fr\/?s={search_term_string}"},"query-input":{"@type":"PropertyValueSpecification","valueRequired":true,"valueName":"search_term_string"}}],"inLanguage":"it-IT"},{"@type":"Organization","@id":"https:\/\/nisantasikozmetik.com\/fr\/#organization","name":"Ni\u015fanta\u015f\u0131 Kozmetik","url":"https:\/\/nisantasikozmetik.com\/fr\/","logo":{"@type":"ImageObject","inLanguage":"it-IT","@id":"https:\/\/nisantasikozmetik.com\/fr\/#\/schema\/logo\/image\/","url":"https:\/\/nisantasikozmetik.com\/wp-content\/uploads\/2024\/06\/Nisantasi-Cosmetic-Logo.png","contentUrl":"https:\/\/nisantasikozmetik.com\/wp-content\/uploads\/2024\/06\/Nisantasi-Cosmetic-Logo.png","width":1080,"height":216,"caption":"Ni\u015fanta\u015f\u0131 Kozmetik"},"image":{"@id":"https:\/\/nisantasikozmetik.com\/fr\/#\/schema\/logo\/image\/"}}]}},"_links":{"self":[{"href":"https:\/\/nisantasikozmetik.com\/it\/wp-json\/wp\/v2\/pages\/581","targetHints":{"allow":["GET"]}}],"collection":[{"href":"https:\/\/nisantasikozmetik.com\/it\/wp-json\/wp\/v2\/pages"}],"about":[{"href":"https:\/\/nisantasikozmetik.com\/it\/wp-json\/wp\/v2\/types\/page"}],"author":[{"embeddable":true,"href":"https:\/\/nisantasikozmetik.com\/it\/wp-json\/wp\/v2\/users\/1"}],"replies":[{"embeddable":true,"href":"https:\/\/nisantasikozmetik.com\/it\/wp-json\/wp\/v2\/comments?post=581"}],"version-history":[{"count":0,"href":"https:\/\/nisantasikozmetik.com\/it\/wp-json\/wp\/v2\/pages\/581\/revisions"}],"wp:attachment":[{"href":"https:\/\/nisantasikozmetik.com\/it\/wp-json\/wp\/v2\/media?parent=581"}],"curies":[{"name":"wp","href":"https:\/\/api.w.org\/{rel}","templated":true}]}}