{"id":1724,"date":"2024-06-21T14:18:47","date_gmt":"2024-06-21T11:18:47","guid":{"rendered":"https:\/\/nisantasikozmetik.com\/?post_type=product&#038;p=1724"},"modified":"2026-03-26T09:33:23","modified_gmt":"2026-03-26T06:33:23","slug":"konjac-coffee","status":"publish","type":"product","link":"https:\/\/nisantasikozmetik.com\/en_us\/product\/konjac-coffee\/","title":{"rendered":"Konjac Coffee"},"content":{"rendered":"<p><strong>Preparation of<\/strong><\/p>\n<ol>\n<li>Empty the entire Konjac Coffee bag into a cup.<\/li>\n<li>Add boiled water (200 ml).<\/li>\n<li>Wait 1 minute, then mix and consume with pleasure.<\/li>\n<\/ol>\n<p><strong>Nutritional Values (per 100 ml \u2013 1 Portion)<\/strong><\/p>\n<ul>\n<li><strong>Energy (kJ\/kcal):<\/strong> 160\/38<\/li>\n<li><strong>Oil:<\/strong> 0-0.9g\n<ul>\n<li><strong>Saturated fat:<\/strong> 0-0.1g<\/li>\n<\/ul>\n<\/li>\n<li><strong>Carbohydrate:<\/strong> 7.0-5.3g\n<ul>\n<li><strong>Sugar:<\/strong> 0.3g<\/li>\n<\/ul>\n<\/li>\n<li><strong>Fiber:<\/strong> 0.3g<\/li>\n<li><strong>Protein:<\/strong> 0.05g<\/li>\n<li><strong>Salt:<\/strong> 0g<\/li>\n<\/ul>\n<p><strong>Daily Value Percentages (based on 2000 kcal\/day)<\/strong><\/p>\n<ul>\n<li><strong>Energy:<\/strong> %4<\/li>\n<li><strong>Sugar:<\/strong> %2<\/li>\n<li><strong>Total Fat:<\/strong> %3<\/li>\n<li><strong>Saturated fat:<\/strong> %3<\/li>\n<li><strong>Salt:<\/strong> %2<\/li>\n<\/ul>\n<p><strong>Highlights<\/strong><\/p>\n<ul>\n<li><strong>Collagen Support:<\/strong> It preserves the skin&#039;s elasticity and vitality.<\/li>\n<li><strong>Practical and Easy Consumption:<\/strong> It is a practical drink alternative that can be easily added to your daily routine.<\/li>\n<li><strong>Low Calories:<\/strong> It is suitable for your diet with its low calorie content.<\/li>\n<li><strong>Fiber Content:<\/strong> It provides a feeling of fullness and supports digestion.<\/li>\n<\/ul>\n<p><strong>Consumption Instructions<\/strong><\/p>\n<p>Konjac Coffee is an ideal drink for those who want to start the day energetically in the morning and stay in shape throughout the day. It can be consumed at any time of the day, but it is recommended to consume it before breakfast to get maximum benefit.<\/p>","protected":false},"excerpt":{"rendered":"<p>Konjac Coffee provides a special beverage experience made with carefully selected coffee beans and harmonious herbal ingredients. Its smooth taste and aromatic flavor make for a delightful start to your morning routine.<\/p>\n<p>With its collagen support and herbal components, it adds a unique and rich touch to your daily coffee routine. This special coffee, enjoyable at any time of the day, is a practical and tasty alternative suited to the pace of modern life.<\/p>","protected":false},"featured_media":1727,"comment_status":"closed","ping_status":"closed","template":"","meta":[],"product_brand":[],"product_cat":[17],"product_tag":[],"class_list":{"0":"post-1724","1":"product","2":"type-product","3":"status-publish","4":"has-post-thumbnail","6":"product_cat-genel","8":"first","9":"instock","10":"sale","11":"taxable","12":"shipping-taxable","13":"purchasable","14":"product-type-simple"},"yoast_head":"<!-- This site is optimized with the Yoast SEO plugin v26.2 - https:\/\/yoast.com\/wordpress\/plugins\/seo\/ -->\n<title>Konjac Coffee - Ni\u015fanta\u015f\u0131 Kozmetik<\/title>\n<meta name=\"robots\" content=\"index, follow, max-snippet:-1, max-image-preview:large, max-video-preview:-1\" \/>\n<link rel=\"canonical\" href=\"https:\/\/nisantasikozmetik.com\/en_us\/product\/konjac-coffee\/?wmc-currency=USD\" \/>\n<meta property=\"og:locale\" content=\"en_US\" \/>\n<meta property=\"og:type\" content=\"article\" \/>\n<meta property=\"og:title\" content=\"Konjac Coffee - Ni\u015fanta\u015f\u0131 Kozmetik\" \/>\n<meta property=\"og:description\" content=\"Konjac Coffee, \u00f6zenle se\u00e7ilen kahve \u00e7ekirdekleri ve bitkisel i\u00e7eriklerin uyumuyla haz\u0131rlanan \u00f6zel bir i\u00e7ecek deneyimi sunar. Yumu\u015fak i\u00e7imi ve aromatik lezzetiyle sabah rutininize keyifli bir ba\u015flang\u0131\u00e7 yapman\u0131za e\u015flik eder.  \u0130\u00e7eri\u011finde yer alan kolajen deste\u011fi ve bitkisel bile\u015fenlerle g\u00fcnl\u00fck kahve al\u0131\u015fkanl\u0131\u011f\u0131n\u0131za farkl\u0131 ve zengin bir dokunu\u015f katar. G\u00fcn\u00fcn her an\u0131nda keyifle t\u00fcketebilece\u011finiz bu \u00f6zel kahve, modern ya\u015fam temposuna uyum sa\u011flayan pratik ve lezzetli bir alternatiftir.\" \/>\n<meta property=\"og:url\" content=\"https:\/\/nisantasikozmetik.com\/en_us\/product\/konjac-coffee\/?wmc-currency=USD\" \/>\n<meta property=\"og:site_name\" content=\"Ni\u015fanta\u015f\u0131 Kozmetik\" \/>\n<meta property=\"article:modified_time\" content=\"2026-03-26T06:33:23+00:00\" \/>\n<meta property=\"og:image\" content=\"https:\/\/nisantasikozmetik.com\/wp-content\/uploads\/2024\/06\/Coffee3-1.png\" \/>\n\t<meta property=\"og:image:width\" content=\"1000\" \/>\n\t<meta property=\"og:image:height\" content=\"1000\" \/>\n\t<meta property=\"og:image:type\" content=\"image\/png\" \/>\n<meta name=\"twitter:card\" content=\"summary_large_image\" \/>\n<meta name=\"twitter:label1\" content=\"Est. reading time\" \/>\n\t<meta name=\"twitter:data1\" content=\"2 minutes\" \/>\n<script type=\"application\/ld+json\" class=\"yoast-schema-graph\">{\"@context\":\"https:\/\/schema.org\",\"@graph\":[{\"@type\":\"WebPage\",\"@id\":\"https:\/\/nisantasikozmetik.com\/tr\/urun\/konjac-coffee\/\",\"url\":\"https:\/\/nisantasikozmetik.com\/tr\/urun\/konjac-coffee\/\",\"name\":\"Konjac Coffee - Ni\u015fanta\u015f\u0131 Kozmetik\",\"isPartOf\":{\"@id\":\"https:\/\/nisantasikozmetik.com\/fr\/#website\"},\"primaryImageOfPage\":{\"@id\":\"https:\/\/nisantasikozmetik.com\/tr\/urun\/konjac-coffee\/#primaryimage\"},\"image\":{\"@id\":\"https:\/\/nisantasikozmetik.com\/tr\/urun\/konjac-coffee\/#primaryimage\"},\"thumbnailUrl\":\"https:\/\/nisantasikozmetik.com\/wp-content\/uploads\/2024\/06\/Coffee3-1.png\",\"datePublished\":\"2024-06-21T11:18:47+00:00\",\"dateModified\":\"2026-03-26T06:33:23+00:00\",\"breadcrumb\":{\"@id\":\"https:\/\/nisantasikozmetik.com\/tr\/urun\/konjac-coffee\/#breadcrumb\"},\"inLanguage\":\"en-US\",\"potentialAction\":[{\"@type\":\"ReadAction\",\"target\":[\"https:\/\/nisantasikozmetik.com\/tr\/urun\/konjac-coffee\/\"]}]},{\"@type\":\"ImageObject\",\"inLanguage\":\"en-US\",\"@id\":\"https:\/\/nisantasikozmetik.com\/tr\/urun\/konjac-coffee\/#primaryimage\",\"url\":\"https:\/\/nisantasikozmetik.com\/wp-content\/uploads\/2024\/06\/Coffee3-1.png\",\"contentUrl\":\"https:\/\/nisantasikozmetik.com\/wp-content\/uploads\/2024\/06\/Coffee3-1.png\",\"width\":1000,\"height\":1000},{\"@type\":\"BreadcrumbList\",\"@id\":\"https:\/\/nisantasikozmetik.com\/tr\/urun\/konjac-coffee\/#breadcrumb\",\"itemListElement\":[{\"@type\":\"ListItem\",\"position\":1,\"name\":\"Anasayfa\",\"item\":\"https:\/\/nisantasikozmetik.com\/fr\/\"},{\"@type\":\"ListItem\",\"position\":2,\"name\":\"\u00dcr\u00fcnler\",\"item\":\"https:\/\/nisantasikozmetik.com\/tr\/shop\/\"},{\"@type\":\"ListItem\",\"position\":3,\"name\":\"Konjac Coffee\"}]},{\"@type\":\"WebSite\",\"@id\":\"https:\/\/nisantasikozmetik.com\/fr\/#website\",\"url\":\"https:\/\/nisantasikozmetik.com\/fr\/\",\"name\":\"Ni\u015fanta\u015f\u0131 Kozmetik\",\"description\":\"\",\"publisher\":{\"@id\":\"https:\/\/nisantasikozmetik.com\/fr\/#organization\"},\"potentialAction\":[{\"@type\":\"SearchAction\",\"target\":{\"@type\":\"EntryPoint\",\"urlTemplate\":\"https:\/\/nisantasikozmetik.com\/fr\/?s={search_term_string}\"},\"query-input\":{\"@type\":\"PropertyValueSpecification\",\"valueRequired\":true,\"valueName\":\"search_term_string\"}}],\"inLanguage\":\"en-US\"},{\"@type\":\"Organization\",\"@id\":\"https:\/\/nisantasikozmetik.com\/fr\/#organization\",\"name\":\"Ni\u015fanta\u015f\u0131 Kozmetik\",\"url\":\"https:\/\/nisantasikozmetik.com\/fr\/\",\"logo\":{\"@type\":\"ImageObject\",\"inLanguage\":\"en-US\",\"@id\":\"https:\/\/nisantasikozmetik.com\/fr\/#\/schema\/logo\/image\/\",\"url\":\"https:\/\/nisantasikozmetik.com\/wp-content\/uploads\/2024\/06\/Nisantasi-Cosmetic-Logo.png\",\"contentUrl\":\"https:\/\/nisantasikozmetik.com\/wp-content\/uploads\/2024\/06\/Nisantasi-Cosmetic-Logo.png\",\"width\":1080,\"height\":216,\"caption\":\"Ni\u015fanta\u015f\u0131 Kozmetik\"},\"image\":{\"@id\":\"https:\/\/nisantasikozmetik.com\/fr\/#\/schema\/logo\/image\/\"}}]}<\/script>\n<!-- \/ Yoast SEO plugin. -->","yoast_head_json":{"title":"Konjac Coffee - Ni\u015fanta\u015f\u0131 Kozmetik","robots":{"index":"index","follow":"follow","max-snippet":"max-snippet:-1","max-image-preview":"max-image-preview:large","max-video-preview":"max-video-preview:-1"},"canonical":"https:\/\/nisantasikozmetik.com\/en_us\/product\/konjac-coffee\/?wmc-currency=USD","og_locale":"en_US","og_type":"article","og_title":"Konjac Coffee - Ni\u015fanta\u015f\u0131 Kozmetik","og_description":"Konjac Coffee, \u00f6zenle se\u00e7ilen kahve \u00e7ekirdekleri ve bitkisel i\u00e7eriklerin uyumuyla haz\u0131rlanan \u00f6zel bir i\u00e7ecek deneyimi sunar. Yumu\u015fak i\u00e7imi ve aromatik lezzetiyle sabah rutininize keyifli bir ba\u015flang\u0131\u00e7 yapman\u0131za e\u015flik eder.  \u0130\u00e7eri\u011finde yer alan kolajen deste\u011fi ve bitkisel bile\u015fenlerle g\u00fcnl\u00fck kahve al\u0131\u015fkanl\u0131\u011f\u0131n\u0131za farkl\u0131 ve zengin bir dokunu\u015f katar. G\u00fcn\u00fcn her an\u0131nda keyifle t\u00fcketebilece\u011finiz bu \u00f6zel kahve, modern ya\u015fam temposuna uyum sa\u011flayan pratik ve lezzetli bir alternatiftir.","og_url":"https:\/\/nisantasikozmetik.com\/en_us\/product\/konjac-coffee\/?wmc-currency=USD","og_site_name":"Ni\u015fanta\u015f\u0131 Kozmetik","article_modified_time":"2026-03-26T06:33:23+00:00","og_image":[{"width":1000,"height":1000,"url":"https:\/\/nisantasikozmetik.com\/wp-content\/uploads\/2024\/06\/Coffee3-1.png","type":"image\/png"}],"twitter_card":"summary_large_image","twitter_misc":{"Est. reading time":"2 minutes"},"schema":{"@context":"https:\/\/schema.org","@graph":[{"@type":"WebPage","@id":"https:\/\/nisantasikozmetik.com\/tr\/urun\/konjac-coffee\/","url":"https:\/\/nisantasikozmetik.com\/tr\/urun\/konjac-coffee\/","name":"Konjac Coffee - Ni\u015fanta\u015f\u0131 Kozmetik","isPartOf":{"@id":"https:\/\/nisantasikozmetik.com\/fr\/#website"},"primaryImageOfPage":{"@id":"https:\/\/nisantasikozmetik.com\/tr\/urun\/konjac-coffee\/#primaryimage"},"image":{"@id":"https:\/\/nisantasikozmetik.com\/tr\/urun\/konjac-coffee\/#primaryimage"},"thumbnailUrl":"https:\/\/nisantasikozmetik.com\/wp-content\/uploads\/2024\/06\/Coffee3-1.png","datePublished":"2024-06-21T11:18:47+00:00","dateModified":"2026-03-26T06:33:23+00:00","breadcrumb":{"@id":"https:\/\/nisantasikozmetik.com\/tr\/urun\/konjac-coffee\/#breadcrumb"},"inLanguage":"en-US","potentialAction":[{"@type":"ReadAction","target":["https:\/\/nisantasikozmetik.com\/tr\/urun\/konjac-coffee\/"]}]},{"@type":"ImageObject","inLanguage":"en-US","@id":"https:\/\/nisantasikozmetik.com\/tr\/urun\/konjac-coffee\/#primaryimage","url":"https:\/\/nisantasikozmetik.com\/wp-content\/uploads\/2024\/06\/Coffee3-1.png","contentUrl":"https:\/\/nisantasikozmetik.com\/wp-content\/uploads\/2024\/06\/Coffee3-1.png","width":1000,"height":1000},{"@type":"BreadcrumbList","@id":"https:\/\/nisantasikozmetik.com\/tr\/urun\/konjac-coffee\/#breadcrumb","itemListElement":[{"@type":"ListItem","position":1,"name":"Anasayfa","item":"https:\/\/nisantasikozmetik.com\/fr\/"},{"@type":"ListItem","position":2,"name":"\u00dcr\u00fcnler","item":"https:\/\/nisantasikozmetik.com\/tr\/shop\/"},{"@type":"ListItem","position":3,"name":"Konjac Coffee"}]},{"@type":"WebSite","@id":"https:\/\/nisantasikozmetik.com\/fr\/#website","url":"https:\/\/nisantasikozmetik.com\/fr\/","name":"Ni\u015fanta\u015f\u0131 Kozmetik","description":"","publisher":{"@id":"https:\/\/nisantasikozmetik.com\/fr\/#organization"},"potentialAction":[{"@type":"SearchAction","target":{"@type":"EntryPoint","urlTemplate":"https:\/\/nisantasikozmetik.com\/fr\/?s={search_term_string}"},"query-input":{"@type":"PropertyValueSpecification","valueRequired":true,"valueName":"search_term_string"}}],"inLanguage":"en-US"},{"@type":"Organization","@id":"https:\/\/nisantasikozmetik.com\/fr\/#organization","name":"Ni\u015fanta\u015f\u0131 Kozmetik","url":"https:\/\/nisantasikozmetik.com\/fr\/","logo":{"@type":"ImageObject","inLanguage":"en-US","@id":"https:\/\/nisantasikozmetik.com\/fr\/#\/schema\/logo\/image\/","url":"https:\/\/nisantasikozmetik.com\/wp-content\/uploads\/2024\/06\/Nisantasi-Cosmetic-Logo.png","contentUrl":"https:\/\/nisantasikozmetik.com\/wp-content\/uploads\/2024\/06\/Nisantasi-Cosmetic-Logo.png","width":1080,"height":216,"caption":"Ni\u015fanta\u015f\u0131 Kozmetik"},"image":{"@id":"https:\/\/nisantasikozmetik.com\/fr\/#\/schema\/logo\/image\/"}}]}},"_links":{"self":[{"href":"https:\/\/nisantasikozmetik.com\/en_us\/wp-json\/wp\/v2\/product\/1724","targetHints":{"allow":["GET"]}}],"collection":[{"href":"https:\/\/nisantasikozmetik.com\/en_us\/wp-json\/wp\/v2\/product"}],"about":[{"href":"https:\/\/nisantasikozmetik.com\/en_us\/wp-json\/wp\/v2\/types\/product"}],"replies":[{"embeddable":true,"href":"https:\/\/nisantasikozmetik.com\/en_us\/wp-json\/wp\/v2\/comments?post=1724"}],"wp:featuredmedia":[{"embeddable":true,"href":"https:\/\/nisantasikozmetik.com\/en_us\/wp-json\/wp\/v2\/media\/1727"}],"wp:attachment":[{"href":"https:\/\/nisantasikozmetik.com\/en_us\/wp-json\/wp\/v2\/media?parent=1724"}],"wp:term":[{"taxonomy":"product_brand","embeddable":true,"href":"https:\/\/nisantasikozmetik.com\/en_us\/wp-json\/wp\/v2\/product_brand?post=1724"},{"taxonomy":"product_cat","embeddable":true,"href":"https:\/\/nisantasikozmetik.com\/en_us\/wp-json\/wp\/v2\/product_cat?post=1724"},{"taxonomy":"product_tag","embeddable":true,"href":"https:\/\/nisantasikozmetik.com\/en_us\/wp-json\/wp\/v2\/product_tag?post=1724"}],"curies":[{"name":"wp","href":"https:\/\/api.w.org\/{rel}","templated":true}]}}