{"id":1674,"date":"2024-06-14T11:10:41","date_gmt":"2024-06-14T08:10:41","guid":{"rendered":"https:\/\/nisantasikozmetik.com\/?post_type=product&#038;p=1674"},"modified":"2026-04-07T16:05:40","modified_gmt":"2026-04-07T13:05:40","slug":"konjac-vucut-jeli","status":"publish","type":"product","link":"https:\/\/nisantasikozmetik.com\/en_us\/product\/konjac-body-gel\/","title":{"rendered":"Konjac Body Gel"},"content":{"rendered":"<h2>A refreshing touch to your daily care routine<\/h2>\n<p>Konjac Body Gel absorbs quickly without weighing down your skin thanks to its water-based structure. It offers practical use with its formula that does not leave a greasy feeling. \u2728<\/p>\n<h3>Features<\/h3>\n<ul>\n<li class=\" translation-block\"><strong>Water-Based Structure:<\/strong> Fast-absorbing, lightweight formula.<\/li>\n<li class=\" translation-block\"><strong>Non-Greasy Feel:<\/strong> Practical and clean use.<\/li>\n<li class=\" translation-block\"><strong>Massage Support:<\/strong> Easily applied with massage thanks to its gel form.<\/li>\n<\/ul>\n<h3>Usage:<\/h3>\n<p>Apply to clean skin, massaging in circular motions. \ud83e\uddf4<\/p>\n<h3>\ud83d\udee1\ufe0f Legal Disclaimer<\/h3>\n<p>It is a cosmetic product. For external use only. Keep in a cool, dry place out of reach of children.<\/p>","protected":false},"excerpt":{"rendered":"<p>G\u00fcnl\u00fck Bak\u0131m Rutininize Tazeleyici Bir Dokunu\u015f Konjac Body Gel, su bazl\u0131 yap\u0131s\u0131 sayesinde cildinizde a\u011f\u0131rl\u0131k yapmadan h\u0131zla emilir. Ya\u011fl\u0131 his b\u0131rakmayan form\u00fcl\u00fcyle pratik bir kullan\u0131m sunar. \u2728 \u00d6zellikleri: Su Bazl\u0131 Yap\u0131: H\u0131zl\u0131 emilen, hafif form\u00fcl. Ya\u011fl\u0131 His B\u0131rakmaz: Pratik ve temiz kullan\u0131m. Masaj Deste\u011fi: Jel formu sayesinde masajla kolayca uygulan\u0131r. Kullan\u0131m: Temiz cildinize, dairesel hareketlerle [&hellip;]<\/p>","protected":false},"featured_media":1091,"comment_status":"closed","ping_status":"closed","template":"","meta":[],"product_brand":[],"product_cat":[17],"product_tag":[],"class_list":{"0":"post-1674","1":"product","2":"type-product","3":"status-publish","4":"has-post-thumbnail","6":"product_cat-genel","8":"first","9":"instock","10":"sale","11":"taxable","12":"shipping-taxable","13":"purchasable","14":"product-type-simple"},"yoast_head":"<!-- This site is optimized with the Yoast SEO plugin v26.2 - https:\/\/yoast.com\/wordpress\/plugins\/seo\/ -->\n<title>Konjac V\u00fccut Jeli - Ni\u015fanta\u015f\u0131 Kozmetik<\/title>\n<meta name=\"description\" content=\"Konjac Body Gel\" \/>\n<meta name=\"robots\" content=\"index, follow, max-snippet:-1, max-image-preview:large, max-video-preview:-1\" \/>\n<link rel=\"canonical\" href=\"https:\/\/nisantasikozmetik.com\/en_us\/product-2\/gel-corporal-konjac-2\/?wmc-currency=USD\" \/>\n<meta property=\"og:locale\" content=\"en_US\" \/>\n<meta property=\"og:type\" content=\"article\" \/>\n<meta property=\"og:title\" content=\"Konjac V\u00fccut Jeli - Ni\u015fanta\u015f\u0131 Kozmetik\" \/>\n<meta property=\"og:description\" content=\"Konjac Body Gel\" \/>\n<meta property=\"og:url\" content=\"https:\/\/nisantasikozmetik.com\/en_us\/product-2\/gel-corporal-konjac-2\/?wmc-currency=USD\" \/>\n<meta property=\"og:site_name\" content=\"Ni\u015fanta\u015f\u0131 Kozmetik\" \/>\n<meta property=\"article:modified_time\" content=\"2026-04-07T13:05:40+00:00\" \/>\n<meta property=\"og:image\" content=\"https:\/\/nisantasikozmetik.com\/wp-content\/uploads\/2024\/06\/Konjac-Jel-3.png\" \/>\n\t<meta property=\"og:image:width\" content=\"1000\" \/>\n\t<meta property=\"og:image:height\" content=\"1000\" \/>\n\t<meta property=\"og:image:type\" content=\"image\/png\" \/>\n<meta name=\"twitter:card\" content=\"summary_large_image\" \/>\n<meta name=\"twitter:label1\" content=\"Est. reading time\" \/>\n\t<meta name=\"twitter:data1\" content=\"3 minutes\" \/>\n<script type=\"application\/ld+json\" class=\"yoast-schema-graph\">{\"@context\":\"https:\/\/schema.org\",\"@graph\":[{\"@type\":\"WebPage\",\"@id\":\"https:\/\/nisantasikozmetik.com\/es\/urun\/gel-corporal-konjac-2\/\",\"url\":\"https:\/\/nisantasikozmetik.com\/es\/urun\/gel-corporal-konjac-2\/\",\"name\":\"Konjac V\u00fccut Jeli - Ni\u015fanta\u015f\u0131 Kozmetik\",\"isPartOf\":{\"@id\":\"https:\/\/nisantasikozmetik.com\/fr\/#website\"},\"primaryImageOfPage\":{\"@id\":\"https:\/\/nisantasikozmetik.com\/es\/urun\/gel-corporal-konjac-2\/#primaryimage\"},\"image\":{\"@id\":\"https:\/\/nisantasikozmetik.com\/es\/urun\/gel-corporal-konjac-2\/#primaryimage\"},\"thumbnailUrl\":\"https:\/\/nisantasikozmetik.com\/wp-content\/uploads\/2024\/06\/Konjac-Jel-3.png\",\"datePublished\":\"2024-06-14T08:10:41+00:00\",\"dateModified\":\"2026-04-07T13:05:40+00:00\",\"description\":\"Konjac Body Gel\",\"breadcrumb\":{\"@id\":\"https:\/\/nisantasikozmetik.com\/es\/urun\/gel-corporal-konjac-2\/#breadcrumb\"},\"inLanguage\":\"en-US\",\"potentialAction\":[{\"@type\":\"ReadAction\",\"target\":[\"https:\/\/nisantasikozmetik.com\/es\/urun\/gel-corporal-konjac-2\/\"]}]},{\"@type\":\"ImageObject\",\"inLanguage\":\"en-US\",\"@id\":\"https:\/\/nisantasikozmetik.com\/es\/urun\/gel-corporal-konjac-2\/#primaryimage\",\"url\":\"https:\/\/nisantasikozmetik.com\/wp-content\/uploads\/2024\/06\/Konjac-Jel-3.png\",\"contentUrl\":\"https:\/\/nisantasikozmetik.com\/wp-content\/uploads\/2024\/06\/Konjac-Jel-3.png\",\"width\":1000,\"height\":1000},{\"@type\":\"BreadcrumbList\",\"@id\":\"https:\/\/nisantasikozmetik.com\/es\/urun\/gel-corporal-konjac-2\/#breadcrumb\",\"itemListElement\":[{\"@type\":\"ListItem\",\"position\":1,\"name\":\"Anasayfa\",\"item\":\"https:\/\/nisantasikozmetik.com\/fr\/\"},{\"@type\":\"ListItem\",\"position\":2,\"name\":\"\u00dcr\u00fcnler\",\"item\":\"https:\/\/nisantasikozmetik.com\/tr\/shop\/\"},{\"@type\":\"ListItem\",\"position\":3,\"name\":\"Konjac V\u00fccut Jeli\"}]},{\"@type\":\"WebSite\",\"@id\":\"https:\/\/nisantasikozmetik.com\/fr\/#website\",\"url\":\"https:\/\/nisantasikozmetik.com\/fr\/\",\"name\":\"Ni\u015fanta\u015f\u0131 Kozmetik\",\"description\":\"\",\"publisher\":{\"@id\":\"https:\/\/nisantasikozmetik.com\/fr\/#organization\"},\"potentialAction\":[{\"@type\":\"SearchAction\",\"target\":{\"@type\":\"EntryPoint\",\"urlTemplate\":\"https:\/\/nisantasikozmetik.com\/fr\/?s={search_term_string}\"},\"query-input\":{\"@type\":\"PropertyValueSpecification\",\"valueRequired\":true,\"valueName\":\"search_term_string\"}}],\"inLanguage\":\"en-US\"},{\"@type\":\"Organization\",\"@id\":\"https:\/\/nisantasikozmetik.com\/fr\/#organization\",\"name\":\"Ni\u015fanta\u015f\u0131 Kozmetik\",\"url\":\"https:\/\/nisantasikozmetik.com\/fr\/\",\"logo\":{\"@type\":\"ImageObject\",\"inLanguage\":\"en-US\",\"@id\":\"https:\/\/nisantasikozmetik.com\/fr\/#\/schema\/logo\/image\/\",\"url\":\"https:\/\/nisantasikozmetik.com\/wp-content\/uploads\/2024\/06\/Nisantasi-Cosmetic-Logo.png\",\"contentUrl\":\"https:\/\/nisantasikozmetik.com\/wp-content\/uploads\/2024\/06\/Nisantasi-Cosmetic-Logo.png\",\"width\":1080,\"height\":216,\"caption\":\"Ni\u015fanta\u015f\u0131 Kozmetik\"},\"image\":{\"@id\":\"https:\/\/nisantasikozmetik.com\/fr\/#\/schema\/logo\/image\/\"}}]}<\/script>\n<!-- \/ Yoast SEO plugin. -->","yoast_head_json":{"title":"Konjac V\u00fccut Jeli - Ni\u015fanta\u015f\u0131 Kozmetik","description":"Konjac Body Gel","robots":{"index":"index","follow":"follow","max-snippet":"max-snippet:-1","max-image-preview":"max-image-preview:large","max-video-preview":"max-video-preview:-1"},"canonical":"https:\/\/nisantasikozmetik.com\/en_us\/product-2\/gel-corporal-konjac-2\/?wmc-currency=USD","og_locale":"en_US","og_type":"article","og_title":"Konjac V\u00fccut Jeli - Ni\u015fanta\u015f\u0131 Kozmetik","og_description":"Konjac Body Gel","og_url":"https:\/\/nisantasikozmetik.com\/en_us\/product-2\/gel-corporal-konjac-2\/?wmc-currency=USD","og_site_name":"Ni\u015fanta\u015f\u0131 Kozmetik","article_modified_time":"2026-04-07T13:05:40+00:00","og_image":[{"width":1000,"height":1000,"url":"https:\/\/nisantasikozmetik.com\/wp-content\/uploads\/2024\/06\/Konjac-Jel-3.png","type":"image\/png"}],"twitter_card":"summary_large_image","twitter_misc":{"Est. reading time":"3 minutes"},"schema":{"@context":"https:\/\/schema.org","@graph":[{"@type":"WebPage","@id":"https:\/\/nisantasikozmetik.com\/es\/urun\/gel-corporal-konjac-2\/","url":"https:\/\/nisantasikozmetik.com\/es\/urun\/gel-corporal-konjac-2\/","name":"Konjac V\u00fccut Jeli - Ni\u015fanta\u015f\u0131 Kozmetik","isPartOf":{"@id":"https:\/\/nisantasikozmetik.com\/fr\/#website"},"primaryImageOfPage":{"@id":"https:\/\/nisantasikozmetik.com\/es\/urun\/gel-corporal-konjac-2\/#primaryimage"},"image":{"@id":"https:\/\/nisantasikozmetik.com\/es\/urun\/gel-corporal-konjac-2\/#primaryimage"},"thumbnailUrl":"https:\/\/nisantasikozmetik.com\/wp-content\/uploads\/2024\/06\/Konjac-Jel-3.png","datePublished":"2024-06-14T08:10:41+00:00","dateModified":"2026-04-07T13:05:40+00:00","description":"Konjac Body Gel","breadcrumb":{"@id":"https:\/\/nisantasikozmetik.com\/es\/urun\/gel-corporal-konjac-2\/#breadcrumb"},"inLanguage":"en-US","potentialAction":[{"@type":"ReadAction","target":["https:\/\/nisantasikozmetik.com\/es\/urun\/gel-corporal-konjac-2\/"]}]},{"@type":"ImageObject","inLanguage":"en-US","@id":"https:\/\/nisantasikozmetik.com\/es\/urun\/gel-corporal-konjac-2\/#primaryimage","url":"https:\/\/nisantasikozmetik.com\/wp-content\/uploads\/2024\/06\/Konjac-Jel-3.png","contentUrl":"https:\/\/nisantasikozmetik.com\/wp-content\/uploads\/2024\/06\/Konjac-Jel-3.png","width":1000,"height":1000},{"@type":"BreadcrumbList","@id":"https:\/\/nisantasikozmetik.com\/es\/urun\/gel-corporal-konjac-2\/#breadcrumb","itemListElement":[{"@type":"ListItem","position":1,"name":"Anasayfa","item":"https:\/\/nisantasikozmetik.com\/fr\/"},{"@type":"ListItem","position":2,"name":"\u00dcr\u00fcnler","item":"https:\/\/nisantasikozmetik.com\/tr\/shop\/"},{"@type":"ListItem","position":3,"name":"Konjac V\u00fccut Jeli"}]},{"@type":"WebSite","@id":"https:\/\/nisantasikozmetik.com\/fr\/#website","url":"https:\/\/nisantasikozmetik.com\/fr\/","name":"Ni\u015fanta\u015f\u0131 Kozmetik","description":"","publisher":{"@id":"https:\/\/nisantasikozmetik.com\/fr\/#organization"},"potentialAction":[{"@type":"SearchAction","target":{"@type":"EntryPoint","urlTemplate":"https:\/\/nisantasikozmetik.com\/fr\/?s={search_term_string}"},"query-input":{"@type":"PropertyValueSpecification","valueRequired":true,"valueName":"search_term_string"}}],"inLanguage":"en-US"},{"@type":"Organization","@id":"https:\/\/nisantasikozmetik.com\/fr\/#organization","name":"Ni\u015fanta\u015f\u0131 Kozmetik","url":"https:\/\/nisantasikozmetik.com\/fr\/","logo":{"@type":"ImageObject","inLanguage":"en-US","@id":"https:\/\/nisantasikozmetik.com\/fr\/#\/schema\/logo\/image\/","url":"https:\/\/nisantasikozmetik.com\/wp-content\/uploads\/2024\/06\/Nisantasi-Cosmetic-Logo.png","contentUrl":"https:\/\/nisantasikozmetik.com\/wp-content\/uploads\/2024\/06\/Nisantasi-Cosmetic-Logo.png","width":1080,"height":216,"caption":"Ni\u015fanta\u015f\u0131 Kozmetik"},"image":{"@id":"https:\/\/nisantasikozmetik.com\/fr\/#\/schema\/logo\/image\/"}}]}},"_links":{"self":[{"href":"https:\/\/nisantasikozmetik.com\/en_us\/wp-json\/wp\/v2\/product\/1674","targetHints":{"allow":["GET"]}}],"collection":[{"href":"https:\/\/nisantasikozmetik.com\/en_us\/wp-json\/wp\/v2\/product"}],"about":[{"href":"https:\/\/nisantasikozmetik.com\/en_us\/wp-json\/wp\/v2\/types\/product"}],"replies":[{"embeddable":true,"href":"https:\/\/nisantasikozmetik.com\/en_us\/wp-json\/wp\/v2\/comments?post=1674"}],"wp:featuredmedia":[{"embeddable":true,"href":"https:\/\/nisantasikozmetik.com\/en_us\/wp-json\/wp\/v2\/media\/1091"}],"wp:attachment":[{"href":"https:\/\/nisantasikozmetik.com\/en_us\/wp-json\/wp\/v2\/media?parent=1674"}],"wp:term":[{"taxonomy":"product_brand","embeddable":true,"href":"https:\/\/nisantasikozmetik.com\/en_us\/wp-json\/wp\/v2\/product_brand?post=1674"},{"taxonomy":"product_cat","embeddable":true,"href":"https:\/\/nisantasikozmetik.com\/en_us\/wp-json\/wp\/v2\/product_cat?post=1674"},{"taxonomy":"product_tag","embeddable":true,"href":"https:\/\/nisantasikozmetik.com\/en_us\/wp-json\/wp\/v2\/product_tag?post=1674"}],"curies":[{"name":"wp","href":"https:\/\/api.w.org\/{rel}","templated":true}]}}