{"id":1670,"date":"2024-06-14T10:04:44","date_gmt":"2024-06-14T07:04:44","guid":{"rendered":"https:\/\/nisantasikozmetik.com\/?post_type=product&#038;p=1670"},"modified":"2026-03-26T15:11:35","modified_gmt":"2026-03-26T12:11:35","slug":"konjac-bitki-cayi","status":"publish","type":"product","link":"https:\/\/nisantasikozmetik.com\/en_us\/product\/konjac-herb-tea\/","title":{"rendered":"Konjac Herbal Tea"},"content":{"rendered":"<p><strong>What is the Content of Konjac Herbal Tea?<\/strong><\/p>\n<p>Konjac Herbal Tea is made from a carefully blended mix of herbal ingredients such as green tea, okra, oats, cinnamon, cloves, licorice root, and lemon peel.<\/p>\n<p><strong>How to Use Konjac Herbal Tea?<\/strong><\/p>\n<p>Add one tea bag to a cup of hot water and enjoy it throughout the day.<\/p>","protected":false},"excerpt":{"rendered":"<p>Konjac Herbal Tea is an herbal drink alternative with a special formula aimed at bringing lightness and balance to your daily routine.<\/p>","protected":false},"featured_media":1083,"comment_status":"closed","ping_status":"closed","template":"","meta":[],"product_brand":[],"product_cat":[17],"product_tag":[],"class_list":{"0":"post-1670","1":"product","2":"type-product","3":"status-publish","4":"has-post-thumbnail","6":"product_cat-genel","8":"first","9":"instock","10":"sale","11":"taxable","12":"shipping-taxable","13":"purchasable","14":"product-type-simple"},"yoast_head":"<!-- This site is optimized with the Yoast SEO plugin v26.2 - https:\/\/yoast.com\/wordpress\/plugins\/seo\/ -->\n<title>Konjac Bitki \u00c7ay\u0131 - Ni\u015fanta\u015f\u0131 Kozmetik<\/title>\n<meta name=\"description\" content=\"Konjac Bitki \u00c7ay\u0131, \u00f6zel form\u00fcl\u00fcyle g\u00fcnl\u00fck ya\u015fam rutininize hafiflik ve denge katmay\u0131 hedefleyen bitkisel bir i\u00e7ecek alternatifidir.\" \/>\n<meta name=\"robots\" content=\"index, follow, max-snippet:-1, max-image-preview:large, max-video-preview:-1\" \/>\n<link rel=\"canonical\" href=\"http:\/\/nisantasikozmetik.com\/en_us\/product-2\/konjak-krauter-tee\/?wmc-currency=USD\" \/>\n<meta property=\"og:locale\" content=\"en_US\" \/>\n<meta property=\"og:type\" content=\"article\" \/>\n<meta property=\"og:title\" content=\"Konjac Bitki \u00c7ay\u0131 - Ni\u015fanta\u015f\u0131 Kozmetik\" \/>\n<meta property=\"og:description\" content=\"Konjac Bitki \u00c7ay\u0131, \u00f6zel form\u00fcl\u00fcyle g\u00fcnl\u00fck ya\u015fam rutininize hafiflik ve denge katmay\u0131 hedefleyen bitkisel bir i\u00e7ecek alternatifidir.\" \/>\n<meta property=\"og:url\" content=\"http:\/\/nisantasikozmetik.com\/en_us\/product-2\/konjak-krauter-tee\/?wmc-currency=USD\" \/>\n<meta property=\"og:site_name\" content=\"Ni\u015fanta\u015f\u0131 Kozmetik\" \/>\n<meta property=\"article:modified_time\" content=\"2026-03-26T12:11:35+00:00\" \/>\n<meta property=\"og:image\" content=\"http:\/\/nisantasikozmetik.com\/wp-content\/uploads\/2024\/06\/Konjac-Herbal-Tea-1-1.png\" \/>\n\t<meta property=\"og:image:width\" content=\"1000\" \/>\n\t<meta property=\"og:image:height\" content=\"1000\" \/>\n\t<meta property=\"og:image:type\" content=\"image\/png\" \/>\n<meta name=\"twitter:card\" content=\"summary_large_image\" \/>\n<meta name=\"twitter:label1\" content=\"Est. reading time\" \/>\n\t<meta name=\"twitter:data1\" content=\"1 minute\" \/>\n<script type=\"application\/ld+json\" class=\"yoast-schema-graph\">{\"@context\":\"https:\/\/schema.org\",\"@graph\":[{\"@type\":\"WebPage\",\"@id\":\"http:\/\/nisantasikozmetik.com\/de\/urun\/konjak-krauter-tee\/\",\"url\":\"http:\/\/nisantasikozmetik.com\/de\/urun\/konjak-krauter-tee\/\",\"name\":\"Konjac Bitki \u00c7ay\u0131 - Ni\u015fanta\u015f\u0131 Kozmetik\",\"isPartOf\":{\"@id\":\"https:\/\/nisantasikozmetik.com\/fr\/#website\"},\"primaryImageOfPage\":{\"@id\":\"http:\/\/nisantasikozmetik.com\/de\/urun\/konjak-krauter-tee\/#primaryimage\"},\"image\":{\"@id\":\"http:\/\/nisantasikozmetik.com\/de\/urun\/konjak-krauter-tee\/#primaryimage\"},\"thumbnailUrl\":\"https:\/\/nisantasikozmetik.com\/wp-content\/uploads\/2024\/06\/Konjac-Herbal-Tea-1-1.png\",\"datePublished\":\"2024-06-14T07:04:44+00:00\",\"dateModified\":\"2026-03-26T12:11:35+00:00\",\"description\":\"Konjac Bitki \u00c7ay\u0131, \u00f6zel form\u00fcl\u00fcyle g\u00fcnl\u00fck ya\u015fam rutininize hafiflik ve denge katmay\u0131 hedefleyen bitkisel bir i\u00e7ecek alternatifidir.\",\"breadcrumb\":{\"@id\":\"http:\/\/nisantasikozmetik.com\/de\/urun\/konjak-krauter-tee\/#breadcrumb\"},\"inLanguage\":\"en-US\",\"potentialAction\":[{\"@type\":\"ReadAction\",\"target\":[\"http:\/\/nisantasikozmetik.com\/de\/urun\/konjak-krauter-tee\/\"]}]},{\"@type\":\"ImageObject\",\"inLanguage\":\"en-US\",\"@id\":\"http:\/\/nisantasikozmetik.com\/de\/urun\/konjak-krauter-tee\/#primaryimage\",\"url\":\"https:\/\/nisantasikozmetik.com\/wp-content\/uploads\/2024\/06\/Konjac-Herbal-Tea-1-1.png\",\"contentUrl\":\"https:\/\/nisantasikozmetik.com\/wp-content\/uploads\/2024\/06\/Konjac-Herbal-Tea-1-1.png\",\"width\":1000,\"height\":1000},{\"@type\":\"BreadcrumbList\",\"@id\":\"http:\/\/nisantasikozmetik.com\/de\/urun\/konjak-krauter-tee\/#breadcrumb\",\"itemListElement\":[{\"@type\":\"ListItem\",\"position\":1,\"name\":\"Anasayfa\",\"item\":\"https:\/\/nisantasikozmetik.com\/fr\/\"},{\"@type\":\"ListItem\",\"position\":2,\"name\":\"\u00dcr\u00fcnler\",\"item\":\"https:\/\/nisantasikozmetik.com\/tr\/shop\/\"},{\"@type\":\"ListItem\",\"position\":3,\"name\":\"Konjac Bitki \u00c7ay\u0131\"}]},{\"@type\":\"WebSite\",\"@id\":\"https:\/\/nisantasikozmetik.com\/fr\/#website\",\"url\":\"https:\/\/nisantasikozmetik.com\/fr\/\",\"name\":\"Ni\u015fanta\u015f\u0131 Kozmetik\",\"description\":\"\",\"publisher\":{\"@id\":\"https:\/\/nisantasikozmetik.com\/fr\/#organization\"},\"potentialAction\":[{\"@type\":\"SearchAction\",\"target\":{\"@type\":\"EntryPoint\",\"urlTemplate\":\"https:\/\/nisantasikozmetik.com\/fr\/?s={search_term_string}\"},\"query-input\":{\"@type\":\"PropertyValueSpecification\",\"valueRequired\":true,\"valueName\":\"search_term_string\"}}],\"inLanguage\":\"en-US\"},{\"@type\":\"Organization\",\"@id\":\"https:\/\/nisantasikozmetik.com\/fr\/#organization\",\"name\":\"Ni\u015fanta\u015f\u0131 Kozmetik\",\"url\":\"https:\/\/nisantasikozmetik.com\/fr\/\",\"logo\":{\"@type\":\"ImageObject\",\"inLanguage\":\"en-US\",\"@id\":\"https:\/\/nisantasikozmetik.com\/fr\/#\/schema\/logo\/image\/\",\"url\":\"https:\/\/nisantasikozmetik.com\/wp-content\/uploads\/2024\/06\/Nisantasi-Cosmetic-Logo.png\",\"contentUrl\":\"https:\/\/nisantasikozmetik.com\/wp-content\/uploads\/2024\/06\/Nisantasi-Cosmetic-Logo.png\",\"width\":1080,\"height\":216,\"caption\":\"Ni\u015fanta\u015f\u0131 Kozmetik\"},\"image\":{\"@id\":\"https:\/\/nisantasikozmetik.com\/fr\/#\/schema\/logo\/image\/\"}}]}<\/script>\n<!-- \/ Yoast SEO plugin. -->","yoast_head_json":{"title":"Konjac Bitki \u00c7ay\u0131 - Ni\u015fanta\u015f\u0131 Kozmetik","description":"Konjac Bitki \u00c7ay\u0131, \u00f6zel form\u00fcl\u00fcyle g\u00fcnl\u00fck ya\u015fam rutininize hafiflik ve denge katmay\u0131 hedefleyen bitkisel bir i\u00e7ecek alternatifidir.","robots":{"index":"index","follow":"follow","max-snippet":"max-snippet:-1","max-image-preview":"max-image-preview:large","max-video-preview":"max-video-preview:-1"},"canonical":"http:\/\/nisantasikozmetik.com\/en_us\/product-2\/konjak-krauter-tee\/?wmc-currency=USD","og_locale":"en_US","og_type":"article","og_title":"Konjac Bitki \u00c7ay\u0131 - Ni\u015fanta\u015f\u0131 Kozmetik","og_description":"Konjac Bitki \u00c7ay\u0131, \u00f6zel form\u00fcl\u00fcyle g\u00fcnl\u00fck ya\u015fam rutininize hafiflik ve denge katmay\u0131 hedefleyen bitkisel bir i\u00e7ecek alternatifidir.","og_url":"http:\/\/nisantasikozmetik.com\/en_us\/product-2\/konjak-krauter-tee\/?wmc-currency=USD","og_site_name":"Ni\u015fanta\u015f\u0131 Kozmetik","article_modified_time":"2026-03-26T12:11:35+00:00","og_image":[{"width":1000,"height":1000,"url":"http:\/\/nisantasikozmetik.com\/wp-content\/uploads\/2024\/06\/Konjac-Herbal-Tea-1-1.png","type":"image\/png"}],"twitter_card":"summary_large_image","twitter_misc":{"Est. reading time":"1 minute"},"schema":{"@context":"https:\/\/schema.org","@graph":[{"@type":"WebPage","@id":"http:\/\/nisantasikozmetik.com\/de\/urun\/konjak-krauter-tee\/","url":"http:\/\/nisantasikozmetik.com\/de\/urun\/konjak-krauter-tee\/","name":"Konjac Bitki \u00c7ay\u0131 - Ni\u015fanta\u015f\u0131 Kozmetik","isPartOf":{"@id":"https:\/\/nisantasikozmetik.com\/fr\/#website"},"primaryImageOfPage":{"@id":"http:\/\/nisantasikozmetik.com\/de\/urun\/konjak-krauter-tee\/#primaryimage"},"image":{"@id":"http:\/\/nisantasikozmetik.com\/de\/urun\/konjak-krauter-tee\/#primaryimage"},"thumbnailUrl":"https:\/\/nisantasikozmetik.com\/wp-content\/uploads\/2024\/06\/Konjac-Herbal-Tea-1-1.png","datePublished":"2024-06-14T07:04:44+00:00","dateModified":"2026-03-26T12:11:35+00:00","description":"Konjac Bitki \u00c7ay\u0131, \u00f6zel form\u00fcl\u00fcyle g\u00fcnl\u00fck ya\u015fam rutininize hafiflik ve denge katmay\u0131 hedefleyen bitkisel bir i\u00e7ecek alternatifidir.","breadcrumb":{"@id":"http:\/\/nisantasikozmetik.com\/de\/urun\/konjak-krauter-tee\/#breadcrumb"},"inLanguage":"en-US","potentialAction":[{"@type":"ReadAction","target":["http:\/\/nisantasikozmetik.com\/de\/urun\/konjak-krauter-tee\/"]}]},{"@type":"ImageObject","inLanguage":"en-US","@id":"http:\/\/nisantasikozmetik.com\/de\/urun\/konjak-krauter-tee\/#primaryimage","url":"https:\/\/nisantasikozmetik.com\/wp-content\/uploads\/2024\/06\/Konjac-Herbal-Tea-1-1.png","contentUrl":"https:\/\/nisantasikozmetik.com\/wp-content\/uploads\/2024\/06\/Konjac-Herbal-Tea-1-1.png","width":1000,"height":1000},{"@type":"BreadcrumbList","@id":"http:\/\/nisantasikozmetik.com\/de\/urun\/konjak-krauter-tee\/#breadcrumb","itemListElement":[{"@type":"ListItem","position":1,"name":"Anasayfa","item":"https:\/\/nisantasikozmetik.com\/fr\/"},{"@type":"ListItem","position":2,"name":"\u00dcr\u00fcnler","item":"https:\/\/nisantasikozmetik.com\/tr\/shop\/"},{"@type":"ListItem","position":3,"name":"Konjac Bitki \u00c7ay\u0131"}]},{"@type":"WebSite","@id":"https:\/\/nisantasikozmetik.com\/fr\/#website","url":"https:\/\/nisantasikozmetik.com\/fr\/","name":"Ni\u015fanta\u015f\u0131 Kozmetik","description":"","publisher":{"@id":"https:\/\/nisantasikozmetik.com\/fr\/#organization"},"potentialAction":[{"@type":"SearchAction","target":{"@type":"EntryPoint","urlTemplate":"https:\/\/nisantasikozmetik.com\/fr\/?s={search_term_string}"},"query-input":{"@type":"PropertyValueSpecification","valueRequired":true,"valueName":"search_term_string"}}],"inLanguage":"en-US"},{"@type":"Organization","@id":"https:\/\/nisantasikozmetik.com\/fr\/#organization","name":"Ni\u015fanta\u015f\u0131 Kozmetik","url":"https:\/\/nisantasikozmetik.com\/fr\/","logo":{"@type":"ImageObject","inLanguage":"en-US","@id":"https:\/\/nisantasikozmetik.com\/fr\/#\/schema\/logo\/image\/","url":"https:\/\/nisantasikozmetik.com\/wp-content\/uploads\/2024\/06\/Nisantasi-Cosmetic-Logo.png","contentUrl":"https:\/\/nisantasikozmetik.com\/wp-content\/uploads\/2024\/06\/Nisantasi-Cosmetic-Logo.png","width":1080,"height":216,"caption":"Ni\u015fanta\u015f\u0131 Kozmetik"},"image":{"@id":"https:\/\/nisantasikozmetik.com\/fr\/#\/schema\/logo\/image\/"}}]}},"_links":{"self":[{"href":"https:\/\/nisantasikozmetik.com\/en_us\/wp-json\/wp\/v2\/product\/1670","targetHints":{"allow":["GET"]}}],"collection":[{"href":"https:\/\/nisantasikozmetik.com\/en_us\/wp-json\/wp\/v2\/product"}],"about":[{"href":"https:\/\/nisantasikozmetik.com\/en_us\/wp-json\/wp\/v2\/types\/product"}],"replies":[{"embeddable":true,"href":"https:\/\/nisantasikozmetik.com\/en_us\/wp-json\/wp\/v2\/comments?post=1670"}],"wp:featuredmedia":[{"embeddable":true,"href":"https:\/\/nisantasikozmetik.com\/en_us\/wp-json\/wp\/v2\/media\/1083"}],"wp:attachment":[{"href":"https:\/\/nisantasikozmetik.com\/en_us\/wp-json\/wp\/v2\/media?parent=1670"}],"wp:term":[{"taxonomy":"product_brand","embeddable":true,"href":"https:\/\/nisantasikozmetik.com\/en_us\/wp-json\/wp\/v2\/product_brand?post=1670"},{"taxonomy":"product_cat","embeddable":true,"href":"https:\/\/nisantasikozmetik.com\/en_us\/wp-json\/wp\/v2\/product_cat?post=1670"},{"taxonomy":"product_tag","embeddable":true,"href":"https:\/\/nisantasikozmetik.com\/en_us\/wp-json\/wp\/v2\/product_tag?post=1670"}],"curies":[{"name":"wp","href":"https:\/\/api.w.org\/{rel}","templated":true}]}}