{"id":581,"date":"2024-06-05T09:56:41","date_gmt":"2024-06-05T06:56:41","guid":{"rendered":"https:\/\/nisantasi.zarendigital.com\/?page_id=581"},"modified":"2024-06-12T13:57:08","modified_gmt":"2024-06-12T10:57:08","slug":"uyelik-sozlesmesi","status":"publish","type":"page","link":"https:\/\/nisantasikozmetik.com\/en_us\/membership-agreement\/","title":{"rendered":"Membership Agreement"},"content":{"rendered":"<div data-elementor-type=\"wp-page\" data-elementor-id=\"581\" class=\"elementor elementor-581\" data-elementor-post-type=\"page\">\n\t\t\t\t\t\t<section class=\"elementor-section elementor-top-section elementor-element elementor-element-f6fdf1b elementor-section-height-min-height elementor-section-content-middle elementor-section-boxed elementor-section-height-default elementor-section-items-middle\" data-id=\"f6fdf1b\" data-element_type=\"section\">\n\t\t\t\t\t\t<div class=\"elementor-container elementor-column-gap-default\">\n\t\t\t\t\t<div class=\"elementor-column elementor-col-100 elementor-top-column elementor-element elementor-element-60133d5\" data-id=\"60133d5\" data-element_type=\"column\">\n\t\t\t<div class=\"elementor-widget-wrap elementor-element-populated\">\n\t\t\t\t\t\t<section class=\"elementor-section elementor-inner-section elementor-element elementor-element-42e5b59 elementor-section-content-middle elementor-section-boxed elementor-section-height-default elementor-section-height-default\" data-id=\"42e5b59\" data-element_type=\"section\">\n\t\t\t\t\t\t<div class=\"elementor-container elementor-column-gap-default\">\n\t\t\t\t\t<div class=\"elementor-column elementor-col-100 elementor-inner-column elementor-element elementor-element-eef93b9\" data-id=\"eef93b9\" data-element_type=\"column\">\n\t\t\t<div class=\"elementor-widget-wrap elementor-element-populated\">\n\t\t\t\t\t\t<div class=\"elementor-element elementor-element-e197cab elementor-widget elementor-widget-heading\" data-id=\"e197cab\" data-element_type=\"widget\" data-widget_type=\"heading.default\">\n\t\t\t\t<div class=\"elementor-widget-container\">\n\t\t\t<h2 class=\"elementor-heading-title elementor-size-default\">Membership Agreement<\/h2>\t\t<\/div>\n\t\t\t\t<\/div>\n\t\t\t\t<div class=\"elementor-element elementor-element-6050a0c elementor-widget elementor-widget-woocommerce-breadcrumb\" data-id=\"6050a0c\" data-element_type=\"widget\" data-widget_type=\"woocommerce-breadcrumb.default\">\n\t\t\t\t<div class=\"elementor-widget-container\">\n\t\t\t<nav class=\"woocommerce-breadcrumb\" aria-label=\"Breadcrumb\" data-no-translation=\"\" data-trp-gettext=\"\">Home<\/nav>\t\t<\/div>\n\t\t\t\t<\/div>\n\t\t\t\t\t<\/div>\n\t\t<\/div>\n\t\t\t\t\t<\/div>\n\t\t<\/section>\n\t\t\t\t\t<\/div>\n\t\t<\/div>\n\t\t\t\t\t<\/div>\n\t\t<\/section>\n\t\t\t\t<section class=\"elementor-section elementor-top-section elementor-element elementor-element-582af76 elementor-section-content-middle elementor-section-boxed elementor-section-height-default elementor-section-height-default\" data-id=\"582af76\" data-element_type=\"section\">\n\t\t\t\t\t\t<div class=\"elementor-container elementor-column-gap-default\">\n\t\t\t\t\t<div class=\"elementor-column elementor-col-100 elementor-top-column elementor-element elementor-element-d649a91\" data-id=\"d649a91\" data-element_type=\"column\">\n\t\t\t<div class=\"elementor-widget-wrap elementor-element-populated\">\n\t\t\t\t\t\t<div class=\"elementor-element elementor-element-3c69c8b elementor-widget elementor-widget-spacer\" data-id=\"3c69c8b\" data-element_type=\"widget\" data-widget_type=\"spacer.default\">\n\t\t\t\t<div class=\"elementor-widget-container\">\n\t\t\t\t\t<div class=\"elementor-spacer\">\n\t\t\t<div class=\"elementor-spacer-inner\"><\/div>\n\t\t<\/div>\n\t\t\t\t<\/div>\n\t\t\t\t<\/div>\n\t\t\t\t\t<\/div>\n\t\t<\/div>\n\t\t\t\t\t<\/div>\n\t\t<\/section>\n\t\t\t\t<section class=\"elementor-section elementor-top-section elementor-element elementor-element-ed5e0dd elementor-section-content-middle elementor-section-boxed elementor-section-height-default elementor-section-height-default\" data-id=\"ed5e0dd\" data-element_type=\"section\">\n\t\t\t\t\t\t<div class=\"elementor-container elementor-column-gap-default\">\n\t\t\t\t\t<div class=\"elementor-column elementor-col-100 elementor-top-column elementor-element elementor-element-63cbb73\" data-id=\"63cbb73\" data-element_type=\"column\">\n\t\t\t<div class=\"elementor-widget-wrap elementor-element-populated\">\n\t\t\t\t\t\t<section class=\"elementor-section elementor-inner-section elementor-element elementor-element-34fdd35 elementor-section-content-middle elementor-section-boxed elementor-section-height-default elementor-section-height-default\" data-id=\"34fdd35\" data-element_type=\"section\">\n\t\t\t\t\t\t<div class=\"elementor-container elementor-column-gap-default\">\n\t\t\t\t\t<div class=\"elementor-column elementor-col-100 elementor-inner-column elementor-element elementor-element-ad730be\" data-id=\"ad730be\" data-element_type=\"column\">\n\t\t\t<div class=\"elementor-widget-wrap elementor-element-populated\">\n\t\t\t\t\t\t<div class=\"elementor-element elementor-element-09705db elementor-widget elementor-widget-text-editor\" data-id=\"09705db\" data-element_type=\"widget\" data-widget_type=\"text-editor.default\">\n\t\t\t\t<div class=\"elementor-widget-container\">\n\t\t\t\t\t\t\t<b><br>TERMS OF USE<\/b>\n\n<br>In our Membership Agreement, please read these &#039;site terms of use&#039; carefully before using our site.\n\n<br>Our customers who use and shop on this shopping site are deemed to have accepted the following terms:\n<br>The web pages on our site and all pages linked to these pages (&#039;site&#039;) are owned and operated by N\u0130\u015eANTA\u015eI KOZMETIK (Company) at www.nisantasikozmetik.com. While you (&#039;User&#039;) benefit from all services offered while using the site, you will be subject to the following conditions, by continuing to benefit and use the service on the site; You acknowledge that you have the right, authority and legal capacity to sign a contract in accordance with the laws you are bound by, that you are over 18 years of age, that you have read and understood this contract and that you are bound by the terms written in the contract.\n\n<br>This Membership Agreement imposes rights and obligations on the parties regarding the site, and when the parties accept this agreement, they declare that they will fulfill the specified rights and obligations fully, accurately, on time and within the conditions required in this agreement.\n\n<b><br>1. RESPONSIBILITIES<\/b>\n\n<br>a. The company reserves the right to change prices and the products and services offered at any time.\n\n<br>b. The company grants the member the right to benefit from the services subject to the contract, except for technical malfunctions.\n\n<br>c. The user agrees in advance that he will not reverse engineer his use of the site or take any other action to find or obtain the source code of the site, otherwise he will be responsible for any damage he may cause to third parties and legal and criminal proceedings will be taken against him.\n\n<br>D. The user agrees that he\/she will not produce or share content that is contrary to general morality and etiquette, unlawful, harms the rights of third parties, misleading, offensive, obscene, pornographic, harms personal rights, violates copyrights, or encourages illegal activities in his\/her transactions and communications on the site. It does. Otherwise, he\/she is entirely responsible for any damages that may occur, and in this case, the &#039;Site&#039; authorities may suspend or terminate such accounts and reserve the right to take legal action. Therefore, it reserves the right to share information regarding activity or user accounts if requested by judicial authorities.\n\n<br>to. Site members are responsible for their relationships with each other or with third parties.\n\n<b><br>2. Intellectual Property Rights<\/b>\n\n<br>2.1. All registered or unregistered intellectual property rights such as title, business name, trademark, patent, logo, design, information and method contained in this Site belong to the site operator and owner company or the specified person and are protected by national and international law. Visiting this Site or using the services on the Site does not give you any rights regarding these intellectual property rights.\n\n<br>2.2. The information on the site cannot be reproduced, published, copied, presented and\/or transferred in any way. The whole or part of the site cannot be used on another website without permission.\n\n<b><br>3. Confidential Information<\/b>\n\n<br>3.1. The company will not disclose personal information transmitted by users through the site to third parties. This personal information; It contains all kinds of information intended to identify the user, such as the person&#039;s name-surname, address, telephone number, mobile phone, e-mail address, and will be briefly referred to as &#039;Confidential Information&#039;.\n\n<br>3.2. The User shall only receive promotions, advertisements, campaigns, promotions, announcements, etc. The Company accepts and declares that it allows the Company to share its contact, portfolio status and demographic information with its affiliates or group companies. This personal information can be used to determine customer profiles within the company, to offer promotions and campaigns appropriate to the customer profile, and to conduct statistical studies.\n\n<br>3.3. Confidential Information may be disclosed to official authorities if duly requested by official authorities and in cases where disclosure to official authorities is mandatory in accordance with the mandatory legislation in force.\n\n<b><br>4. No Warranty:<\/b> THIS AGREEMENT CLAUSE SHALL BE VALID TO THE MAXIMUM EXTENT PERMITTED BY APPLICABLE LAW. THE SERVICES OFFERED BY THE COMPANY ARE PROVIDED &quot;AS IS&quot; AND &quot;AS AVAILABLE&quot; AND WITHOUT WARRANTY OF ANY KIND, EXPRESSED OR IMPLIED, INCLUDING ANY IMPLIED WARRANTIES OF MERCHANTABILITY, FITNESS FOR A PARTICULAR PURPOSE, OR NON-INFRINGEMENT. INCLUDING GUIDES).\n\n<b><br>5. Registration and Security<\/b>\n\n<br>The User must provide accurate, complete and up-to-date registration information. Otherwise, this Agreement will be deemed to have been violated and the account may be closed without notice to the User.\n\n<br>The user is responsible for password and account security on the site and third-party sites. Otherwise, the Company cannot be held responsible for data loss, security breaches or damage that may occur to hardware and devices.\n\n<b><br>6. Force Majeure<\/b>\n\n<br>Developing beyond the control of the parties; Due to reasons such as natural disasters, fire, explosion, civil war, war, rebellion, public movements, declaration of mobilization, strike, lockout and epidemics, infrastructure and internet failures, power outage (hereinafter collectively referred to as &quot;Force Majeure&quot;) If the obligations arising cannot be fulfilled, the parties are not responsible for this. During this period, the rights and obligations of the Parties arising from this Agreement are suspended.\n\n<b><br>7. Integrity of the Agreement and Applicability<\/b>\n\n<br>If one of these contractual terms becomes partially or completely invalid, the remainder of the contract remains valid.\n\n<b><br>8. Changes to be Made in the Agreement<\/b>\n\n<br>The Company may change the services offered on the site and the terms of this agreement at any time, partially or completely. Changes will be valid from the date of publication on the site. The user is responsible for keeping track of changes. The user is deemed to have accepted these changes by continuing to benefit from the services offered.\n\n<b><br>9. Notification<\/b>\n\n<br>All notifications to be sent to the parties regarding this Membership Agreement will be made through the Company&#039;s known e-mail address and the e-mail address specified by the user in the membership form. The User agrees that the address specified when registering is the valid notification address and that if it changes, he will notify the other party in writing within 5 days, otherwise notifications made to this address will be deemed valid.\n\n<b><br>10. Evidence Agreement<\/b>\n\n<br>In case of disputes that may arise between the Parties regarding the transactions related to this agreement, the Parties&#039; books, records and documents, computer records and fax records will be accepted as evidence in accordance with the Code of Civil Procedure No. 6100, and the user agrees that he will not object to these records.\n\n<b><br>11. Dispute Resolution<\/b>\n\n<br>Istanbul (Central) Courthouse Courts and Enforcement Offices are authorized to resolve any disputes that may arise from the implementation or interpretation of this Membership Agreement.\t\t\t\t\t\t<\/div>\n\t\t\t\t<\/div>\n\t\t\t\t\t<\/div>\n\t\t<\/div>\n\t\t\t\t\t<\/div>\n\t\t<\/section>\n\t\t\t\t\t<\/div>\n\t\t<\/div>\n\t\t\t\t\t<\/div>\n\t\t<\/section>\n\t\t\t\t<\/div>","protected":false},"excerpt":{"rendered":"<p>Membership Agreement TERMS OF USE In our Membership Agreement, please read these &#039;site terms of use&#039; carefully before using our site. Our customers who use and shop on this shopping site are deemed to have accepted the following terms: The web pages on our site and all pages linked to these pages (&#039;site&#039;) are owned and operated by N\u0130\u015eANTA\u015eI KOZMETIK company (Company) at www.nisantasikozmetik.com. While you (&#039;User&#039;) use the site [\u2026]<\/p>","protected":false},"author":1,"featured_media":0,"parent":0,"menu_order":0,"comment_status":"closed","ping_status":"closed","template":"elementor_header_footer","meta":{"footnotes":""},"class_list":["post-581","page","type-page","status-publish","hentry"],"yoast_head":"<!-- This site is optimized with the Yoast SEO plugin v26.2 - https:\/\/yoast.com\/wordpress\/plugins\/seo\/ -->\n<title>\u00dcyelik S\u00f6zle\u015fmesi - Ni\u015fanta\u015f\u0131 Kozmetik<\/title>\n<meta name=\"description\" content=\"Membership Agreement\" \/>\n<meta name=\"robots\" content=\"index, follow, max-snippet:-1, max-image-preview:large, max-video-preview:-1\" \/>\n<link rel=\"canonical\" href=\"https:\/\/nisantasikozmetik.com\/en_us\/membership-agreement\/?wmc-currency=USD\" \/>\n<meta property=\"og:locale\" content=\"en_US\" \/>\n<meta property=\"og:type\" content=\"article\" \/>\n<meta property=\"og:title\" content=\"\u00dcyelik S\u00f6zle\u015fmesi - Ni\u015fanta\u015f\u0131 Kozmetik\" \/>\n<meta property=\"og:description\" content=\"Membership Agreement\" \/>\n<meta property=\"og:url\" content=\"https:\/\/nisantasikozmetik.com\/en_us\/membership-agreement\/?wmc-currency=USD\" \/>\n<meta property=\"og:site_name\" content=\"Ni\u015fanta\u015f\u0131 Kozmetik\" \/>\n<meta property=\"article:modified_time\" content=\"2024-06-12T10:57:08+00:00\" \/>\n<meta name=\"twitter:card\" content=\"summary_large_image\" \/>\n<meta name=\"twitter:label1\" content=\"Est. reading time\" \/>\n\t<meta name=\"twitter:data1\" content=\"6 minutes\" \/>\n<script type=\"application\/ld+json\" class=\"yoast-schema-graph\">{\"@context\":\"https:\/\/schema.org\",\"@graph\":[{\"@type\":\"WebPage\",\"@id\":\"https:\/\/nisantasikozmetik.com\/tr\/uyelik-sozlesmesi\/\",\"url\":\"https:\/\/nisantasikozmetik.com\/tr\/uyelik-sozlesmesi\/\",\"name\":\"\u00dcyelik S\u00f6zle\u015fmesi - Ni\u015fanta\u015f\u0131 Kozmetik\",\"isPartOf\":{\"@id\":\"https:\/\/nisantasikozmetik.com\/fr\/#website\"},\"datePublished\":\"2024-06-05T06:56:41+00:00\",\"dateModified\":\"2024-06-12T10:57:08+00:00\",\"description\":\"Membership Agreement\",\"breadcrumb\":{\"@id\":\"https:\/\/nisantasikozmetik.com\/tr\/uyelik-sozlesmesi\/#breadcrumb\"},\"inLanguage\":\"en-US\",\"potentialAction\":[{\"@type\":\"ReadAction\",\"target\":[\"https:\/\/nisantasikozmetik.com\/tr\/uyelik-sozlesmesi\/\"]}]},{\"@type\":\"BreadcrumbList\",\"@id\":\"https:\/\/nisantasikozmetik.com\/tr\/uyelik-sozlesmesi\/#breadcrumb\",\"itemListElement\":[{\"@type\":\"ListItem\",\"position\":1,\"name\":\"Anasayfa\",\"item\":\"https:\/\/nisantasikozmetik.com\/fr\/\"},{\"@type\":\"ListItem\",\"position\":2,\"name\":\"\u00dcyelik S\u00f6zle\u015fmesi\"}]},{\"@type\":\"WebSite\",\"@id\":\"https:\/\/nisantasikozmetik.com\/fr\/#website\",\"url\":\"https:\/\/nisantasikozmetik.com\/fr\/\",\"name\":\"Ni\u015fanta\u015f\u0131 Kozmetik\",\"description\":\"\",\"publisher\":{\"@id\":\"https:\/\/nisantasikozmetik.com\/fr\/#organization\"},\"potentialAction\":[{\"@type\":\"SearchAction\",\"target\":{\"@type\":\"EntryPoint\",\"urlTemplate\":\"https:\/\/nisantasikozmetik.com\/fr\/?s={search_term_string}\"},\"query-input\":{\"@type\":\"PropertyValueSpecification\",\"valueRequired\":true,\"valueName\":\"search_term_string\"}}],\"inLanguage\":\"en-US\"},{\"@type\":\"Organization\",\"@id\":\"https:\/\/nisantasikozmetik.com\/fr\/#organization\",\"name\":\"Ni\u015fanta\u015f\u0131 Kozmetik\",\"url\":\"https:\/\/nisantasikozmetik.com\/fr\/\",\"logo\":{\"@type\":\"ImageObject\",\"inLanguage\":\"en-US\",\"@id\":\"https:\/\/nisantasikozmetik.com\/fr\/#\/schema\/logo\/image\/\",\"url\":\"https:\/\/nisantasikozmetik.com\/wp-content\/uploads\/2024\/06\/Nisantasi-Cosmetic-Logo.png\",\"contentUrl\":\"https:\/\/nisantasikozmetik.com\/wp-content\/uploads\/2024\/06\/Nisantasi-Cosmetic-Logo.png\",\"width\":1080,\"height\":216,\"caption\":\"Ni\u015fanta\u015f\u0131 Kozmetik\"},\"image\":{\"@id\":\"https:\/\/nisantasikozmetik.com\/fr\/#\/schema\/logo\/image\/\"}}]}<\/script>\n<!-- \/ Yoast SEO plugin. -->","yoast_head_json":{"title":"\u00dcyelik S\u00f6zle\u015fmesi - Ni\u015fanta\u015f\u0131 Kozmetik","description":"Membership Agreement","robots":{"index":"index","follow":"follow","max-snippet":"max-snippet:-1","max-image-preview":"max-image-preview:large","max-video-preview":"max-video-preview:-1"},"canonical":"https:\/\/nisantasikozmetik.com\/en_us\/membership-agreement\/?wmc-currency=USD","og_locale":"en_US","og_type":"article","og_title":"\u00dcyelik S\u00f6zle\u015fmesi - Ni\u015fanta\u015f\u0131 Kozmetik","og_description":"Membership Agreement","og_url":"https:\/\/nisantasikozmetik.com\/en_us\/membership-agreement\/?wmc-currency=USD","og_site_name":"Ni\u015fanta\u015f\u0131 Kozmetik","article_modified_time":"2024-06-12T10:57:08+00:00","twitter_card":"summary_large_image","twitter_misc":{"Est. reading time":"6 minutes"},"schema":{"@context":"https:\/\/schema.org","@graph":[{"@type":"WebPage","@id":"https:\/\/nisantasikozmetik.com\/tr\/uyelik-sozlesmesi\/","url":"https:\/\/nisantasikozmetik.com\/tr\/uyelik-sozlesmesi\/","name":"\u00dcyelik S\u00f6zle\u015fmesi - Ni\u015fanta\u015f\u0131 Kozmetik","isPartOf":{"@id":"https:\/\/nisantasikozmetik.com\/fr\/#website"},"datePublished":"2024-06-05T06:56:41+00:00","dateModified":"2024-06-12T10:57:08+00:00","description":"Membership Agreement","breadcrumb":{"@id":"https:\/\/nisantasikozmetik.com\/tr\/uyelik-sozlesmesi\/#breadcrumb"},"inLanguage":"en-US","potentialAction":[{"@type":"ReadAction","target":["https:\/\/nisantasikozmetik.com\/tr\/uyelik-sozlesmesi\/"]}]},{"@type":"BreadcrumbList","@id":"https:\/\/nisantasikozmetik.com\/tr\/uyelik-sozlesmesi\/#breadcrumb","itemListElement":[{"@type":"ListItem","position":1,"name":"Anasayfa","item":"https:\/\/nisantasikozmetik.com\/fr\/"},{"@type":"ListItem","position":2,"name":"\u00dcyelik S\u00f6zle\u015fmesi"}]},{"@type":"WebSite","@id":"https:\/\/nisantasikozmetik.com\/fr\/#website","url":"https:\/\/nisantasikozmetik.com\/fr\/","name":"Ni\u015fanta\u015f\u0131 Kozmetik","description":"","publisher":{"@id":"https:\/\/nisantasikozmetik.com\/fr\/#organization"},"potentialAction":[{"@type":"SearchAction","target":{"@type":"EntryPoint","urlTemplate":"https:\/\/nisantasikozmetik.com\/fr\/?s={search_term_string}"},"query-input":{"@type":"PropertyValueSpecification","valueRequired":true,"valueName":"search_term_string"}}],"inLanguage":"en-US"},{"@type":"Organization","@id":"https:\/\/nisantasikozmetik.com\/fr\/#organization","name":"Ni\u015fanta\u015f\u0131 Kozmetik","url":"https:\/\/nisantasikozmetik.com\/fr\/","logo":{"@type":"ImageObject","inLanguage":"en-US","@id":"https:\/\/nisantasikozmetik.com\/fr\/#\/schema\/logo\/image\/","url":"https:\/\/nisantasikozmetik.com\/wp-content\/uploads\/2024\/06\/Nisantasi-Cosmetic-Logo.png","contentUrl":"https:\/\/nisantasikozmetik.com\/wp-content\/uploads\/2024\/06\/Nisantasi-Cosmetic-Logo.png","width":1080,"height":216,"caption":"Ni\u015fanta\u015f\u0131 Kozmetik"},"image":{"@id":"https:\/\/nisantasikozmetik.com\/fr\/#\/schema\/logo\/image\/"}}]}},"_links":{"self":[{"href":"https:\/\/nisantasikozmetik.com\/en_us\/wp-json\/wp\/v2\/pages\/581","targetHints":{"allow":["GET"]}}],"collection":[{"href":"https:\/\/nisantasikozmetik.com\/en_us\/wp-json\/wp\/v2\/pages"}],"about":[{"href":"https:\/\/nisantasikozmetik.com\/en_us\/wp-json\/wp\/v2\/types\/page"}],"author":[{"embeddable":true,"href":"https:\/\/nisantasikozmetik.com\/en_us\/wp-json\/wp\/v2\/users\/1"}],"replies":[{"embeddable":true,"href":"https:\/\/nisantasikozmetik.com\/en_us\/wp-json\/wp\/v2\/comments?post=581"}],"version-history":[{"count":0,"href":"https:\/\/nisantasikozmetik.com\/en_us\/wp-json\/wp\/v2\/pages\/581\/revisions"}],"wp:attachment":[{"href":"https:\/\/nisantasikozmetik.com\/en_us\/wp-json\/wp\/v2\/media?parent=581"}],"curies":[{"name":"wp","href":"https:\/\/api.w.org\/{rel}","templated":true}]}}