{"id":64,"date":"2024-06-03T17:04:10","date_gmt":"2024-06-03T14:04:10","guid":{"rendered":"http:\/\/nisantasi-kozmetik.test\/?page_id=64"},"modified":"2026-03-25T15:33:30","modified_gmt":"2026-03-25T12:33:30","slug":"hakkimizda","status":"publish","type":"page","link":"https:\/\/nisantasikozmetik.com\/de\/uber-uns\/","title":{"rendered":"\u00dcber uns"},"content":{"rendered":"<div data-elementor-type=\"wp-page\" data-elementor-id=\"64\" class=\"elementor elementor-64\" data-elementor-post-type=\"page\">\n\t\t\t\t\t\t<section class=\"elementor-section elementor-top-section elementor-element elementor-element-6f55a29 elementor-section-height-min-height elementor-section-content-middle elementor-section-boxed elementor-section-height-default elementor-section-items-middle\" data-id=\"6f55a29\" data-element_type=\"section\">\n\t\t\t\t\t\t<div class=\"elementor-container elementor-column-gap-default\">\n\t\t\t\t\t<div class=\"elementor-column elementor-col-100 elementor-top-column elementor-element elementor-element-adf0021\" data-id=\"adf0021\" data-element_type=\"column\">\n\t\t\t<div class=\"elementor-widget-wrap elementor-element-populated\">\n\t\t\t\t\t\t<section class=\"elementor-section elementor-inner-section elementor-element elementor-element-2601934 elementor-section-content-middle elementor-section-boxed elementor-section-height-default elementor-section-height-default\" data-id=\"2601934\" data-element_type=\"section\">\n\t\t\t\t\t\t<div class=\"elementor-container elementor-column-gap-default\">\n\t\t\t\t\t<div class=\"elementor-column elementor-col-100 elementor-inner-column elementor-element elementor-element-eddc5ff\" data-id=\"eddc5ff\" data-element_type=\"column\">\n\t\t\t<div class=\"elementor-widget-wrap elementor-element-populated\">\n\t\t\t\t\t\t<div class=\"elementor-element elementor-element-178da9b elementor-widget elementor-widget-heading\" data-id=\"178da9b\" data-element_type=\"widget\" data-widget_type=\"heading.default\">\n\t\t\t\t<div class=\"elementor-widget-container\">\n\t\t\t<h2 class=\"elementor-heading-title elementor-size-default\">\u00dcber uns<\/h2>\t\t<\/div>\n\t\t\t\t<\/div>\n\t\t\t\t<div class=\"elementor-element elementor-element-7415991 elementor-widget elementor-widget-woocommerce-breadcrumb\" data-id=\"7415991\" data-element_type=\"widget\" data-widget_type=\"woocommerce-breadcrumb.default\">\n\t\t\t\t<div class=\"elementor-widget-container\">\n\t\t\t<nav class=\"woocommerce-breadcrumb\" aria-label=\"Breadcrumb\" data-no-translation=\"\" data-trp-gettext=\"\">Startseite<\/nav>\t\t<\/div>\n\t\t\t\t<\/div>\n\t\t\t\t\t<\/div>\n\t\t<\/div>\n\t\t\t\t\t<\/div>\n\t\t<\/section>\n\t\t\t\t\t<\/div>\n\t\t<\/div>\n\t\t\t\t\t<\/div>\n\t\t<\/section>\n\t\t\t\t<section class=\"elementor-section elementor-top-section elementor-element elementor-element-582af76 elementor-section-content-middle elementor-section-boxed elementor-section-height-default elementor-section-height-default\" data-id=\"582af76\" data-element_type=\"section\">\n\t\t\t\t\t\t<div class=\"elementor-container elementor-column-gap-default\">\n\t\t\t\t\t<div class=\"elementor-column elementor-col-100 elementor-top-column elementor-element elementor-element-d649a91\" data-id=\"d649a91\" data-element_type=\"column\">\n\t\t\t<div class=\"elementor-widget-wrap elementor-element-populated\">\n\t\t\t\t\t\t<div class=\"elementor-element elementor-element-3c69c8b elementor-widget elementor-widget-spacer\" data-id=\"3c69c8b\" data-element_type=\"widget\" data-widget_type=\"spacer.default\">\n\t\t\t\t<div class=\"elementor-widget-container\">\n\t\t\t\t\t<div class=\"elementor-spacer\">\n\t\t\t<div class=\"elementor-spacer-inner\"><\/div>\n\t\t<\/div>\n\t\t\t\t<\/div>\n\t\t\t\t<\/div>\n\t\t\t\t\t<\/div>\n\t\t<\/div>\n\t\t\t\t\t<\/div>\n\t\t<\/section>\n\t\t\t\t<section class=\"elementor-section elementor-top-section elementor-element elementor-element-ed5e0dd elementor-section-content-middle elementor-section-boxed elementor-section-height-default elementor-section-height-default\" data-id=\"ed5e0dd\" data-element_type=\"section\">\n\t\t\t\t\t\t<div class=\"elementor-container elementor-column-gap-default\">\n\t\t\t\t\t<div class=\"elementor-column elementor-col-100 elementor-top-column elementor-element elementor-element-63cbb73\" data-id=\"63cbb73\" data-element_type=\"column\">\n\t\t\t<div class=\"elementor-widget-wrap elementor-element-populated\">\n\t\t\t\t\t\t<section class=\"elementor-section elementor-inner-section elementor-element elementor-element-34fdd35 elementor-section-content-middle elementor-section-boxed elementor-section-height-default elementor-section-height-default\" data-id=\"34fdd35\" data-element_type=\"section\">\n\t\t\t\t\t\t<div class=\"elementor-container elementor-column-gap-default\">\n\t\t\t\t\t<div class=\"elementor-column elementor-col-100 elementor-inner-column elementor-element elementor-element-ad730be\" data-id=\"ad730be\" data-element_type=\"column\">\n\t\t\t<div class=\"elementor-widget-wrap elementor-element-populated\">\n\t\t\t\t\t\t<div class=\"elementor-element elementor-element-09705db elementor-widget elementor-widget-text-editor\" data-id=\"09705db\" data-element_type=\"widget\" data-widget_type=\"text-editor.default\">\n\t\t\t\t<div class=\"elementor-widget-container\">\n\t\t\t\t\t\t\t<p>Ni\u015fanta\u015f\u0131 Kozmetik ist eine Online-Handelsplattform, die eine gro\u00dfe Auswahl an Produkten f\u00fcr pers\u00f6nliche Pflege und Kosmetik anbietet. Unser Ziel ist es, den Nutzern Optionen anzubieten, die unterschiedlichen Bed\u00fcrfnissen gerecht werden, von Formeln, die von nat\u00fcrlichen Inhaltsstoffen inspiriert sind, bis hin zu Produkten, die mit modernen Produktionstechniken entwickelt wurden.<\/p><p><span style=\"font-size: 1rem;\">Beim Zusammenstellen von Produkten, die t\u00e4gliche Pflegeroutinen angenehmer und praktischer machen, legen wir Wert auf Qualit\u00e4t, Zuverl\u00e4ssigkeit und Benutzererfahrung. Mit den Produkten, die wir in den Kategorien Hautpflege, pers\u00f6nliche Pflege und Lifestyle anbieten, m\u00f6chten wir unseren Kunden ein reichhaltiges Einkaufserlebnis bieten.<\/span><\/p><p><span style=\"font-size: 1rem;\">Bei Ni\u015fanta\u015f\u0131 Kozmetik betrachten wir die Kundenzufriedenheit als unsere oberste Priorit\u00e4t. Dementsprechend treffen wir unsere Produktauswahl sorgf\u00e4ltig und stellen sicher, dass die Marken, mit denen wir zusammenarbeiten, Qualit\u00e4ts- und Sicherheitsstandards erf\u00fcllen. Wir achten aufmerksam auf das Feedback der Nutzer, um unsere Dienstleistungen kontinuierlich zu verbessern.<\/span><\/p><p><span style=\"font-size: 1rem;\">Mit unserem Verst\u00e4ndnis f\u00fcr transparente Kommunikation bieten wir klare und verst\u00e4ndliche Informationen \u00fcber unsere Produkte und legen Wert darauf, in jeder Phase des Einkaufsprozesses ein verl\u00e4ssliches Erlebnis zu gew\u00e4hrleisten.<\/span><\/p><p><span style=\"font-size: 1rem;\">Als Familie von Ni\u015fanta\u015f\u0131 Kozmetik freuen wir uns, Ihnen Produkte zu pr\u00e4sentieren, die Ihre t\u00e4glichen Pflege- und Lebensgewohnheiten begleiten.<\/span><\/p>\n<p>Wir w\u00fcnschen Ihnen gesunde und sch\u00f6ne Tage!<\/p>\n<p>Ni\u015fanta\u015f\u0131 Cosmetics-Team<\/p>\t\t\t\t\t\t<\/div>\n\t\t\t\t<\/div>\n\t\t\t\t\t<\/div>\n\t\t<\/div>\n\t\t\t\t\t<\/div>\n\t\t<\/section>\n\t\t\t\t\t<\/div>\n\t\t<\/div>\n\t\t\t\t\t<\/div>\n\t\t<\/section>\n\t\t\t\t<\/div>","protected":false},"excerpt":{"rendered":"<p>Hakk\u0131m\u0131zda Ni\u015fanta\u015f\u0131 Kozmetik, ki\u015fisel bak\u0131m ve kozmetik alan\u0131nda geni\u015f \u00fcr\u00fcn \u00e7e\u015fitlili\u011fi sunan bir online perakende platformudur. Amac\u0131m\u0131z; do\u011fal i\u00e7eriklerden ilham alan form\u00fcllerden modern \u00fcretim teknikleriyle geli\u015ftirilen \u00fcr\u00fcnlere kadar farkl\u0131 ihtiya\u00e7lara hitap eden se\u00e7enekleri kullan\u0131c\u0131lar\u0131m\u0131zla bulu\u015fturmakt\u0131r. G\u00fcnl\u00fck bak\u0131m rutinlerini daha keyifli ve pratik h\u00e2le getiren \u00fcr\u00fcnleri bir araya getirirken kalite, g\u00fcvenilirlik ve kullan\u0131c\u0131 deneyimini \u00f6n planda [&hellip;]<\/p>","protected":false},"author":1,"featured_media":0,"parent":0,"menu_order":0,"comment_status":"closed","ping_status":"closed","template":"elementor_header_footer","meta":{"footnotes":""},"class_list":["post-64","page","type-page","status-publish","hentry"],"yoast_head":"<!-- This site is optimized with the Yoast SEO plugin v26.2 - https:\/\/yoast.com\/wordpress\/plugins\/seo\/ -->\n<title>Hakk\u0131m\u0131zda - Ni\u015fanta\u015f\u0131 Kozmetik<\/title>\n<meta name=\"robots\" content=\"index, follow, max-snippet:-1, max-image-preview:large, max-video-preview:-1\" \/>\n<link rel=\"canonical\" href=\"https:\/\/nisantasikozmetik.com\/de\/\u043e-\u043d\u0430\u0441\/?wmc-currency=EUR\" \/>\n<meta property=\"og:locale\" content=\"de_DE\" \/>\n<meta property=\"og:type\" content=\"article\" \/>\n<meta property=\"og:title\" content=\"Hakk\u0131m\u0131zda - Ni\u015fanta\u015f\u0131 Kozmetik\" \/>\n<meta property=\"og:description\" content=\"Hakk\u0131m\u0131zda Ni\u015fanta\u015f\u0131 Kozmetik, ki\u015fisel bak\u0131m ve kozmetik alan\u0131nda geni\u015f \u00fcr\u00fcn \u00e7e\u015fitlili\u011fi sunan bir online perakende platformudur. Amac\u0131m\u0131z; do\u011fal i\u00e7eriklerden ilham alan form\u00fcllerden modern \u00fcretim teknikleriyle geli\u015ftirilen \u00fcr\u00fcnlere kadar farkl\u0131 ihtiya\u00e7lara hitap eden se\u00e7enekleri kullan\u0131c\u0131lar\u0131m\u0131zla bulu\u015fturmakt\u0131r. G\u00fcnl\u00fck bak\u0131m rutinlerini daha keyifli ve pratik h\u00e2le getiren \u00fcr\u00fcnleri bir araya getirirken kalite, g\u00fcvenilirlik ve kullan\u0131c\u0131 deneyimini \u00f6n planda [&hellip;]\" \/>\n<meta property=\"og:url\" content=\"https:\/\/nisantasikozmetik.com\/de\/\u043e-\u043d\u0430\u0441\/?wmc-currency=EUR\" \/>\n<meta property=\"og:site_name\" content=\"Ni\u015fanta\u015f\u0131 Kozmetik\" \/>\n<meta property=\"article:modified_time\" content=\"2026-03-25T12:33:30+00:00\" \/>\n<meta name=\"twitter:card\" content=\"summary_large_image\" \/>\n<meta name=\"twitter:label1\" content=\"Gesch\u00e4tzte Lesezeit\" \/>\n\t<meta name=\"twitter:data1\" content=\"1\u00a0Minute\" \/>\n<script type=\"application\/ld+json\" class=\"yoast-schema-graph\">{\"@context\":\"https:\/\/schema.org\",\"@graph\":[{\"@type\":\"WebPage\",\"@id\":\"https:\/\/nisantasikozmetik.com\/ru\/\u043e-\u043d\u0430\u0441\/\",\"url\":\"https:\/\/nisantasikozmetik.com\/ru\/\u043e-\u043d\u0430\u0441\/\",\"name\":\"Hakk\u0131m\u0131zda - Ni\u015fanta\u015f\u0131 Kozmetik\",\"isPartOf\":{\"@id\":\"https:\/\/nisantasikozmetik.com\/fr\/#website\"},\"datePublished\":\"2024-06-03T14:04:10+00:00\",\"dateModified\":\"2026-03-25T12:33:30+00:00\",\"breadcrumb\":{\"@id\":\"https:\/\/nisantasikozmetik.com\/ru\/\u043e-\u043d\u0430\u0441\/#breadcrumb\"},\"inLanguage\":\"de\",\"potentialAction\":[{\"@type\":\"ReadAction\",\"target\":[\"https:\/\/nisantasikozmetik.com\/ru\/\u043e-\u043d\u0430\u0441\/\"]}]},{\"@type\":\"BreadcrumbList\",\"@id\":\"https:\/\/nisantasikozmetik.com\/ru\/\u043e-\u043d\u0430\u0441\/#breadcrumb\",\"itemListElement\":[{\"@type\":\"ListItem\",\"position\":1,\"name\":\"Anasayfa\",\"item\":\"https:\/\/nisantasikozmetik.com\/fr\/\"},{\"@type\":\"ListItem\",\"position\":2,\"name\":\"Hakk\u0131m\u0131zda\"}]},{\"@type\":\"WebSite\",\"@id\":\"https:\/\/nisantasikozmetik.com\/fr\/#website\",\"url\":\"https:\/\/nisantasikozmetik.com\/fr\/\",\"name\":\"Ni\u015fanta\u015f\u0131 Kozmetik\",\"description\":\"\",\"publisher\":{\"@id\":\"https:\/\/nisantasikozmetik.com\/fr\/#organization\"},\"potentialAction\":[{\"@type\":\"SearchAction\",\"target\":{\"@type\":\"EntryPoint\",\"urlTemplate\":\"https:\/\/nisantasikozmetik.com\/fr\/?s={search_term_string}\"},\"query-input\":{\"@type\":\"PropertyValueSpecification\",\"valueRequired\":true,\"valueName\":\"search_term_string\"}}],\"inLanguage\":\"de\"},{\"@type\":\"Organization\",\"@id\":\"https:\/\/nisantasikozmetik.com\/fr\/#organization\",\"name\":\"Ni\u015fanta\u015f\u0131 Kozmetik\",\"url\":\"https:\/\/nisantasikozmetik.com\/fr\/\",\"logo\":{\"@type\":\"ImageObject\",\"inLanguage\":\"de\",\"@id\":\"https:\/\/nisantasikozmetik.com\/fr\/#\/schema\/logo\/image\/\",\"url\":\"https:\/\/nisantasikozmetik.com\/wp-content\/uploads\/2024\/06\/Nisantasi-Cosmetic-Logo.png\",\"contentUrl\":\"https:\/\/nisantasikozmetik.com\/wp-content\/uploads\/2024\/06\/Nisantasi-Cosmetic-Logo.png\",\"width\":1080,\"height\":216,\"caption\":\"Ni\u015fanta\u015f\u0131 Kozmetik\"},\"image\":{\"@id\":\"https:\/\/nisantasikozmetik.com\/fr\/#\/schema\/logo\/image\/\"}}]}<\/script>\n<!-- \/ Yoast SEO plugin. -->","yoast_head_json":{"title":"Hakk\u0131m\u0131zda - Ni\u015fanta\u015f\u0131 Kozmetik","robots":{"index":"index","follow":"follow","max-snippet":"max-snippet:-1","max-image-preview":"max-image-preview:large","max-video-preview":"max-video-preview:-1"},"canonical":"https:\/\/nisantasikozmetik.com\/de\/\u043e-\u043d\u0430\u0441\/?wmc-currency=EUR","og_locale":"de_DE","og_type":"article","og_title":"Hakk\u0131m\u0131zda - Ni\u015fanta\u015f\u0131 Kozmetik","og_description":"Hakk\u0131m\u0131zda Ni\u015fanta\u015f\u0131 Kozmetik, ki\u015fisel bak\u0131m ve kozmetik alan\u0131nda geni\u015f \u00fcr\u00fcn \u00e7e\u015fitlili\u011fi sunan bir online perakende platformudur. Amac\u0131m\u0131z; do\u011fal i\u00e7eriklerden ilham alan form\u00fcllerden modern \u00fcretim teknikleriyle geli\u015ftirilen \u00fcr\u00fcnlere kadar farkl\u0131 ihtiya\u00e7lara hitap eden se\u00e7enekleri kullan\u0131c\u0131lar\u0131m\u0131zla bulu\u015fturmakt\u0131r. G\u00fcnl\u00fck bak\u0131m rutinlerini daha keyifli ve pratik h\u00e2le getiren \u00fcr\u00fcnleri bir araya getirirken kalite, g\u00fcvenilirlik ve kullan\u0131c\u0131 deneyimini \u00f6n planda [&hellip;]","og_url":"https:\/\/nisantasikozmetik.com\/de\/\u043e-\u043d\u0430\u0441\/?wmc-currency=EUR","og_site_name":"Ni\u015fanta\u015f\u0131 Kozmetik","article_modified_time":"2026-03-25T12:33:30+00:00","twitter_card":"summary_large_image","twitter_misc":{"Gesch\u00e4tzte Lesezeit":"1\u00a0Minute"},"schema":{"@context":"https:\/\/schema.org","@graph":[{"@type":"WebPage","@id":"https:\/\/nisantasikozmetik.com\/ru\/\u043e-\u043d\u0430\u0441\/","url":"https:\/\/nisantasikozmetik.com\/ru\/\u043e-\u043d\u0430\u0441\/","name":"Hakk\u0131m\u0131zda - Ni\u015fanta\u015f\u0131 Kozmetik","isPartOf":{"@id":"https:\/\/nisantasikozmetik.com\/fr\/#website"},"datePublished":"2024-06-03T14:04:10+00:00","dateModified":"2026-03-25T12:33:30+00:00","breadcrumb":{"@id":"https:\/\/nisantasikozmetik.com\/ru\/\u043e-\u043d\u0430\u0441\/#breadcrumb"},"inLanguage":"de","potentialAction":[{"@type":"ReadAction","target":["https:\/\/nisantasikozmetik.com\/ru\/\u043e-\u043d\u0430\u0441\/"]}]},{"@type":"BreadcrumbList","@id":"https:\/\/nisantasikozmetik.com\/ru\/\u043e-\u043d\u0430\u0441\/#breadcrumb","itemListElement":[{"@type":"ListItem","position":1,"name":"Anasayfa","item":"https:\/\/nisantasikozmetik.com\/fr\/"},{"@type":"ListItem","position":2,"name":"Hakk\u0131m\u0131zda"}]},{"@type":"WebSite","@id":"https:\/\/nisantasikozmetik.com\/fr\/#website","url":"https:\/\/nisantasikozmetik.com\/fr\/","name":"Ni\u015fanta\u015f\u0131 Kozmetik","description":"","publisher":{"@id":"https:\/\/nisantasikozmetik.com\/fr\/#organization"},"potentialAction":[{"@type":"SearchAction","target":{"@type":"EntryPoint","urlTemplate":"https:\/\/nisantasikozmetik.com\/fr\/?s={search_term_string}"},"query-input":{"@type":"PropertyValueSpecification","valueRequired":true,"valueName":"search_term_string"}}],"inLanguage":"de"},{"@type":"Organization","@id":"https:\/\/nisantasikozmetik.com\/fr\/#organization","name":"Ni\u015fanta\u015f\u0131 Kozmetik","url":"https:\/\/nisantasikozmetik.com\/fr\/","logo":{"@type":"ImageObject","inLanguage":"de","@id":"https:\/\/nisantasikozmetik.com\/fr\/#\/schema\/logo\/image\/","url":"https:\/\/nisantasikozmetik.com\/wp-content\/uploads\/2024\/06\/Nisantasi-Cosmetic-Logo.png","contentUrl":"https:\/\/nisantasikozmetik.com\/wp-content\/uploads\/2024\/06\/Nisantasi-Cosmetic-Logo.png","width":1080,"height":216,"caption":"Ni\u015fanta\u015f\u0131 Kozmetik"},"image":{"@id":"https:\/\/nisantasikozmetik.com\/fr\/#\/schema\/logo\/image\/"}}]}},"_links":{"self":[{"href":"https:\/\/nisantasikozmetik.com\/de\/wp-json\/wp\/v2\/pages\/64","targetHints":{"allow":["GET"]}}],"collection":[{"href":"https:\/\/nisantasikozmetik.com\/de\/wp-json\/wp\/v2\/pages"}],"about":[{"href":"https:\/\/nisantasikozmetik.com\/de\/wp-json\/wp\/v2\/types\/page"}],"author":[{"embeddable":true,"href":"https:\/\/nisantasikozmetik.com\/de\/wp-json\/wp\/v2\/users\/1"}],"replies":[{"embeddable":true,"href":"https:\/\/nisantasikozmetik.com\/de\/wp-json\/wp\/v2\/comments?post=64"}],"version-history":[{"count":3,"href":"https:\/\/nisantasikozmetik.com\/de\/wp-json\/wp\/v2\/pages\/64\/revisions"}],"predecessor-version":[{"id":2008,"href":"https:\/\/nisantasikozmetik.com\/de\/wp-json\/wp\/v2\/pages\/64\/revisions\/2008"}],"wp:attachment":[{"href":"https:\/\/nisantasikozmetik.com\/de\/wp-json\/wp\/v2\/media?parent=64"}],"curies":[{"name":"wp","href":"https:\/\/api.w.org\/{rel}","templated":true}]}}