{"id":581,"date":"2024-06-05T09:56:41","date_gmt":"2024-06-05T06:56:41","guid":{"rendered":"https:\/\/nisantasi.zarendigital.com\/?page_id=581"},"modified":"2024-06-12T13:57:08","modified_gmt":"2024-06-12T10:57:08","slug":"uyelik-sozlesmesi","status":"publish","type":"page","link":"https:\/\/nisantasikozmetik.com\/de\/mitgliedschaftsvereinbarung\/","title":{"rendered":"Mitgliedschaftsvereinbarung"},"content":{"rendered":"<div data-elementor-type=\"wp-page\" data-elementor-id=\"581\" class=\"elementor elementor-581\" data-elementor-post-type=\"page\">\n\t\t\t\t\t\t<section class=\"elementor-section elementor-top-section elementor-element elementor-element-f6fdf1b elementor-section-height-min-height elementor-section-content-middle elementor-section-boxed elementor-section-height-default elementor-section-items-middle\" data-id=\"f6fdf1b\" data-element_type=\"section\">\n\t\t\t\t\t\t<div class=\"elementor-container elementor-column-gap-default\">\n\t\t\t\t\t<div class=\"elementor-column elementor-col-100 elementor-top-column elementor-element elementor-element-60133d5\" data-id=\"60133d5\" data-element_type=\"column\">\n\t\t\t<div class=\"elementor-widget-wrap elementor-element-populated\">\n\t\t\t\t\t\t<section class=\"elementor-section elementor-inner-section elementor-element elementor-element-42e5b59 elementor-section-content-middle elementor-section-boxed elementor-section-height-default elementor-section-height-default\" data-id=\"42e5b59\" data-element_type=\"section\">\n\t\t\t\t\t\t<div class=\"elementor-container elementor-column-gap-default\">\n\t\t\t\t\t<div class=\"elementor-column elementor-col-100 elementor-inner-column elementor-element elementor-element-eef93b9\" data-id=\"eef93b9\" data-element_type=\"column\">\n\t\t\t<div class=\"elementor-widget-wrap elementor-element-populated\">\n\t\t\t\t\t\t<div class=\"elementor-element elementor-element-e197cab elementor-widget elementor-widget-heading\" data-id=\"e197cab\" data-element_type=\"widget\" data-widget_type=\"heading.default\">\n\t\t\t\t<div class=\"elementor-widget-container\">\n\t\t\t<h2 class=\"elementor-heading-title elementor-size-default\">Mitgliedschaftsvereinbarung<\/h2>\t\t<\/div>\n\t\t\t\t<\/div>\n\t\t\t\t<div class=\"elementor-element elementor-element-6050a0c elementor-widget elementor-widget-woocommerce-breadcrumb\" data-id=\"6050a0c\" data-element_type=\"widget\" data-widget_type=\"woocommerce-breadcrumb.default\">\n\t\t\t\t<div class=\"elementor-widget-container\">\n\t\t\t<nav class=\"woocommerce-breadcrumb\" aria-label=\"Breadcrumb\" data-no-translation=\"\" data-trp-gettext=\"\">Startseite<\/nav>\t\t<\/div>\n\t\t\t\t<\/div>\n\t\t\t\t\t<\/div>\n\t\t<\/div>\n\t\t\t\t\t<\/div>\n\t\t<\/section>\n\t\t\t\t\t<\/div>\n\t\t<\/div>\n\t\t\t\t\t<\/div>\n\t\t<\/section>\n\t\t\t\t<section class=\"elementor-section elementor-top-section elementor-element elementor-element-582af76 elementor-section-content-middle elementor-section-boxed elementor-section-height-default elementor-section-height-default\" data-id=\"582af76\" data-element_type=\"section\">\n\t\t\t\t\t\t<div class=\"elementor-container elementor-column-gap-default\">\n\t\t\t\t\t<div class=\"elementor-column elementor-col-100 elementor-top-column elementor-element elementor-element-d649a91\" data-id=\"d649a91\" data-element_type=\"column\">\n\t\t\t<div class=\"elementor-widget-wrap elementor-element-populated\">\n\t\t\t\t\t\t<div class=\"elementor-element elementor-element-3c69c8b elementor-widget elementor-widget-spacer\" data-id=\"3c69c8b\" data-element_type=\"widget\" data-widget_type=\"spacer.default\">\n\t\t\t\t<div class=\"elementor-widget-container\">\n\t\t\t\t\t<div class=\"elementor-spacer\">\n\t\t\t<div class=\"elementor-spacer-inner\"><\/div>\n\t\t<\/div>\n\t\t\t\t<\/div>\n\t\t\t\t<\/div>\n\t\t\t\t\t<\/div>\n\t\t<\/div>\n\t\t\t\t\t<\/div>\n\t\t<\/section>\n\t\t\t\t<section class=\"elementor-section elementor-top-section elementor-element elementor-element-ed5e0dd elementor-section-content-middle elementor-section-boxed elementor-section-height-default elementor-section-height-default\" data-id=\"ed5e0dd\" data-element_type=\"section\">\n\t\t\t\t\t\t<div class=\"elementor-container elementor-column-gap-default\">\n\t\t\t\t\t<div class=\"elementor-column elementor-col-100 elementor-top-column elementor-element elementor-element-63cbb73\" data-id=\"63cbb73\" data-element_type=\"column\">\n\t\t\t<div class=\"elementor-widget-wrap elementor-element-populated\">\n\t\t\t\t\t\t<section class=\"elementor-section elementor-inner-section elementor-element elementor-element-34fdd35 elementor-section-content-middle elementor-section-boxed elementor-section-height-default elementor-section-height-default\" data-id=\"34fdd35\" data-element_type=\"section\">\n\t\t\t\t\t\t<div class=\"elementor-container elementor-column-gap-default\">\n\t\t\t\t\t<div class=\"elementor-column elementor-col-100 elementor-inner-column elementor-element elementor-element-ad730be\" data-id=\"ad730be\" data-element_type=\"column\">\n\t\t\t<div class=\"elementor-widget-wrap elementor-element-populated\">\n\t\t\t\t\t\t<div class=\"elementor-element elementor-element-09705db elementor-widget elementor-widget-text-editor\" data-id=\"09705db\" data-element_type=\"widget\" data-widget_type=\"text-editor.default\">\n\t\t\t\t<div class=\"elementor-widget-container\">\n\t\t\t\t\t\t\t<b><br>NUTZUNGSBEDINGUNGEN<\/b>\n\n<br>Bitte lesen Sie diese \u201eNutzungsbedingungen der Website\u201c in unserer Mitgliedschaftsvereinbarung sorgf\u00e4ltig durch, bevor Sie unsere Website nutzen.\n\n<br>Es wird davon ausgegangen, dass unsere Kunden, die diese Einkaufsseite nutzen und dort einkaufen, die folgenden Bedingungen akzeptiert haben:\n<br>Die Webseiten auf unserer Website und alle mit diesen Seiten verlinkten Seiten (\u201eWebsite\u201c) sind Eigentum von N\u0130\u015eANTA\u015eI KOZMETIK (Unternehmen) unter www.nisantasikozmetik.com und werden von diesem betrieben. W\u00e4hrend Sie (\u201eBenutzer\u201c) von allen angebotenen Diensten profitieren, w\u00e4hrend Sie die Website nutzen, unterliegen Sie den folgenden Bedingungen, wenn Sie weiterhin von den Diensten auf der Website profitieren und diese nutzen. Sie erkennen an, dass Sie das Recht, die Befugnis und die Rechtsf\u00e4higkeit haben, einen Vertrag gem\u00e4\u00df den f\u00fcr Sie geltenden Gesetzen zu unterzeichnen, dass Sie \u00fcber 18 Jahre alt sind, dass Sie diesen Vertrag gelesen und verstanden haben und dass Sie an ihn gebunden sind Bedingungen, die im Vertrag niedergelegt sind.\n\n<br>Diese Mitgliedschaftsvereinbarung erlegt den Parteien Rechte und Pflichten in Bezug auf die Website auf, und wenn die Parteien diese Vereinbarung akzeptieren, erkl\u00e4ren sie, dass sie die festgelegten Rechte und Pflichten vollst\u00e4ndig, genau, p\u00fcnktlich und innerhalb der in dieser Vereinbarung geforderten Bedingungen erf\u00fcllen werden.\n\n<b><br>1. VERANTWORTLICHKEITEN<\/b>\n\n<br>A. Das Unternehmen beh\u00e4lt sich das Recht vor, die Preise sowie die angebotenen Produkte und Dienstleistungen jederzeit zu \u00e4ndern.\n\n<br>B. Das Unternehmen gew\u00e4hrt dem Mitglied das Recht, die vertragsgegenst\u00e4ndlichen Leistungen in Anspruch zu nehmen, mit Ausnahme technischer St\u00f6rungen.\n\n<br>C. Der Benutzer stimmt im Voraus zu, dass er seine Nutzung der Website nicht zur\u00fcckentwickeln oder andere Ma\u00dfnahmen ergreifen wird, um den Quellcode der Website zu finden oder zu erhalten, andernfalls ist er f\u00fcr alle Sch\u00e4den verantwortlich, die er Dritten sowie aus rechtlichen und strafrechtlichen Gr\u00fcnden zuf\u00fcgt Gegen ihn wird ein Verfahren eingeleitet.\n\n<br>D. Der Nutzer verpflichtet sich, keine Inhalte zu produzieren oder zu teilen, die gegen die allgemeinen Sitten und die guten Sitten versto\u00dfen, rechtswidrig sind, die Rechte Dritter verletzen, irref\u00fchrend, anst\u00f6\u00dfig, obsz\u00f6n, pornographisch sind, Pers\u00f6nlichkeitsrechte verletzen, Urheberrechte verletzen oder zu illegalen Aktivit\u00e4ten ermutigen in seinen\/ihren Transaktionen und Kommunikationen auf der Website. Andernfalls tr\u00e4gt er\/sie die volle Verantwortung f\u00fcr etwaige Sch\u00e4den. In diesem Fall k\u00f6nnen die Beh\u00f6rden der \u201eWebsite\u201c solche Konten sperren oder k\u00fcndigen und behalten sich das Recht vor, rechtliche Schritte einzuleiten. Daher beh\u00e4lt es sich das Recht vor, Informationen \u00fcber Aktivit\u00e4ten oder Benutzerkonten weiterzugeben, wenn dies von den Justizbeh\u00f6rden verlangt wird.\n\n<br>Zu. Site-Mitglieder sind f\u00fcr ihre Beziehungen untereinander oder mit Dritten verantwortlich.\n\n<b><br>2. Geistige Eigentumsrechte<\/b>\n\n<br>2.1. Alle registrierten oder nicht registrierten geistigen Eigentumsrechte wie Titel, Firmenname, Marke, Patent, Logo, Design, Informationen und Methoden, die auf dieser Website enthalten sind, geh\u00f6ren dem Websitebetreiber und Eigent\u00fcmerunternehmen oder der angegebenen Person und sind durch nationales und internationales Recht gesch\u00fctzt. Durch den Besuch dieser Website oder die Nutzung der Dienste auf der Website erhalten Sie keinerlei Rechte in Bezug auf diese geistigen Eigentumsrechte.\n\n<br>2.2. Die Informationen auf der Website d\u00fcrfen in keiner Weise reproduziert, ver\u00f6ffentlicht, kopiert, pr\u00e4sentiert und\/oder \u00fcbertragen werden. Die gesamte Website oder Teile davon d\u00fcrfen ohne Genehmigung nicht auf einer anderen Website verwendet werden.\n\n<b><br>3. Vertrauliche Informationen<\/b>\n\n<br>3.1. Das Unternehmen gibt die von Benutzern \u00fcber die Website \u00fcbermittelten personenbezogenen Daten nicht an Dritte weiter. Diese pers\u00f6nlichen Informationen; Sie enthalten alle Arten von Informationen, die dazu dienen, den Benutzer zu identifizieren, wie z. B. Vor- und Nachname, Adresse, Telefonnummer, Mobiltelefonnummer, E-Mail-Adresse, und werden kurz als \u201evertrauliche Informationen\u201c bezeichnet.\n\n<br>3.2. Der Nutzer erh\u00e4lt lediglich Werbeaktionen, Anzeigen, Kampagnen, Werbeaktionen, Ank\u00fcndigungen usw. Das Unternehmen akzeptiert und erkl\u00e4rt, dass es dem Unternehmen erlaubt, seine Kontakt-, Portfolio-Status- und demografischen Informationen mit seinen verbundenen Unternehmen oder Konzernunternehmen zu teilen. Diese personenbezogenen Daten k\u00f6nnen verwendet werden, um Kundenprofile innerhalb des Unternehmens zu ermitteln, auf das Kundenprofil abgestimmte Werbeaktionen und Kampagnen anzubieten und um statistische Studien durchzuf\u00fchren.\n\n<br>3.3. Vertrauliche Informationen k\u00f6nnen an offizielle Beh\u00f6rden weitergegeben werden, wenn die offiziellen Beh\u00f6rden dies ordnungsgem\u00e4\u00df verlangen und in F\u00e4llen, in denen die Offenlegung gegen\u00fcber offiziellen Beh\u00f6rden gem\u00e4\u00df den geltenden zwingenden Rechtsvorschriften obligatorisch ist.\n\n<b><br>4. Keine Garantie:<\/b> DIESE VERTRAGSKLAUSEL IST SOWEIT NACH GELTENDEM RECHT ZUL\u00c4SSIG G\u00dcLTIG. DIE VON DER UNTERNEHMEN ANGEBOTENEN DIENSTLEISTUNGEN WERDEN \u201eWIE BESEHEN\u201c UND \u201eWIE VERF\u00dcGBAR\u201c UND OHNE JEGLICHE AUSDR\u00dcCKLICHE ODER STILLSCHWEIGENDE GEW\u00c4HRLEISTUNG ZUR VERF\u00dcGUNG GESTELLT, EINSCHLIESSLICH STILLSCHWEIGENDER GEW\u00c4HRLEISTUNGEN DER MARKTG\u00c4NGIGKEIT, EIGNUNG F\u00dcR EINEN BESTIMMTEN ZWECK ODER NICHTVERLETZUNG VON RECHTEN RECHTEN. .\n\n<b><br>5. Registrierung und Sicherheit<\/b>\n\n<br>Der Benutzer muss genaue, vollst\u00e4ndige und aktuelle Registrierungsinformationen angeben. Andernfalls wird davon ausgegangen, dass gegen diese Vereinbarung versto\u00dfen wurde, und das Konto kann ohne Benachrichtigung des Benutzers geschlossen werden.\n\n<br>Der Benutzer ist f\u00fcr die Passwort- und Kontosicherheit auf der Website und auf Websites Dritter verantwortlich. Andernfalls kann das Unternehmen nicht f\u00fcr Datenverluste, Sicherheitsverletzungen oder Sch\u00e4den an Hardware und Ger\u00e4ten haftbar gemacht werden.\n\n<b><br>6. H\u00f6here Gewalt<\/b>\n\n<br>Entwicklung au\u00dferhalb der Kontrolle der Parteien; Aus Gr\u00fcnden wie Naturkatastrophen, Feuer, Explosion, B\u00fcrgerkrieg, Krieg, Aufstand, \u00f6ffentliche Bewegungen, Mobilmachungserkl\u00e4rung, Streik, Aussperrung und Epidemien, Infrastruktur- und Internetausf\u00e4lle, Stromausfall (im Folgenden zusammenfassend als \u201eH\u00f6here Gewalt\u201c bezeichnet) K\u00f6nnen die sich daraus ergebenden Verpflichtungen nicht erf\u00fcllt werden, so ist dies nicht von den Parteien zu vertreten. W\u00e4hrend dieser Zeit ruhen die Rechte und Pflichten der Vertragsparteien aus dieser Vereinbarung.\n\n<b><br>7. Integrit\u00e4t der Vereinbarung und Anwendbarkeit<\/b>\n\n<br>Sollte eine dieser Vertragsbedingungen ganz oder teilweise unwirksam sein, bleibt der Vertrag im \u00dcbrigen wirksam.\n\n<b><br>8. An der Vereinbarung vorzunehmende \u00c4nderungen<\/b>\n\n<br>Das Unternehmen kann die auf der Website angebotenen Dienste und die Bedingungen dieser Vereinbarung jederzeit teilweise oder vollst\u00e4ndig \u00e4ndern. \u00c4nderungen gelten ab dem Datum der Ver\u00f6ffentlichung auf der Website. Der Benutzer ist daf\u00fcr verantwortlich, \u00c4nderungen im Auge zu behalten. Es wird davon ausgegangen, dass der Nutzer diese \u00c4nderungen akzeptiert, indem er weiterhin von den angebotenen Diensten profitiert.\n\n<b><br>9. Benachrichtigung<\/b>\n\n<br>Alle an die Parteien im Zusammenhang mit dieser Mitgliedschaftsvereinbarung zu sendenden Benachrichtigungen erfolgen \u00fcber die dem Unternehmen bekannte E-Mail-Adresse und die vom Benutzer im Mitgliedschaftsformular angegebene E-Mail-Adresse. Der Nutzer erkl\u00e4rt sich damit einverstanden, dass die bei der Registrierung angegebene Adresse die g\u00fcltige Benachrichtigungsadresse ist und dass er im Falle einer \u00c4nderung die andere Partei innerhalb von 5 Tagen schriftlich benachrichtigt, andernfalls gelten an diese Adresse gerichtete Benachrichtigungen als g\u00fcltig.\n\n<b><br>10. Beweisvereinbarung<\/b>\n\n<br>Im Falle von Streitigkeiten, die zwischen den Parteien bez\u00fcglich der Transaktionen im Zusammenhang mit dieser Vereinbarung entstehen k\u00f6nnen, werden die B\u00fccher, Aufzeichnungen und Dokumente, Computeraufzeichnungen und Faxaufzeichnungen der Parteien als Beweismittel gem\u00e4\u00df der Zivilprozessordnung Nr. 6100 akzeptiert Der Nutzer erkl\u00e4rt sich damit einverstanden, dass er diesen Aufzeichnungen nicht widersprechen wird.\n\n<b><br>11. Streitbeilegung<\/b>\n\n<br>Die Gerichte und Vollstreckungs\u00e4mter des Istanbuler (Zentral-)Gerichtsgeb\u00e4udes sind befugt, alle Streitigkeiten beizulegen, die sich aus der Umsetzung oder Auslegung dieser Mitgliedschaftsvereinbarung ergeben k\u00f6nnen.\t\t\t\t\t\t<\/div>\n\t\t\t\t<\/div>\n\t\t\t\t\t<\/div>\n\t\t<\/div>\n\t\t\t\t\t<\/div>\n\t\t<\/section>\n\t\t\t\t\t<\/div>\n\t\t<\/div>\n\t\t\t\t\t<\/div>\n\t\t<\/section>\n\t\t\t\t<\/div>","protected":false},"excerpt":{"rendered":"<p>Mitgliedschaftsvereinbarung NUTZUNGSBEDINGUNGEN Bitte lesen Sie in unserer Mitgliedschaftsvereinbarung diese \u201eNutzungsbedingungen f\u00fcr die Website\u201c sorgf\u00e4ltig durch, bevor Sie unsere Website nutzen. Es wird davon ausgegangen, dass unsere Kunden, die diese Einkaufsseite nutzen und dort einkaufen, die folgenden Bedingungen akzeptiert haben: Die Webseiten auf unserer Website und alle mit diesen Seiten verlinkten Seiten (\u201eWebsite\u201c) sind Eigentum der Firma N\u0130\u015eANTA\u015eI KOZMETIK (Unternehmen) unter www .nisantasikozmetik.com. W\u00e4hrend Sie (\u201eBenutzer\u201c) die Website nutzen, [\u2026]<\/p>","protected":false},"author":1,"featured_media":0,"parent":0,"menu_order":0,"comment_status":"closed","ping_status":"closed","template":"elementor_header_footer","meta":{"footnotes":""},"class_list":["post-581","page","type-page","status-publish","hentry"],"yoast_head":"<!-- This site is optimized with the Yoast SEO plugin v26.2 - https:\/\/yoast.com\/wordpress\/plugins\/seo\/ -->\n<title>\u00dcyelik S\u00f6zle\u015fmesi - Ni\u015fanta\u015f\u0131 Kozmetik<\/title>\n<meta name=\"description\" content=\"Membership Agreement\" \/>\n<meta name=\"robots\" content=\"index, follow, max-snippet:-1, max-image-preview:large, max-video-preview:-1\" \/>\n<link rel=\"canonical\" href=\"https:\/\/nisantasikozmetik.com\/de\/mitgliedschaftsvereinbarung\/?wmc-currency=EUR\" \/>\n<meta property=\"og:locale\" content=\"de_DE\" \/>\n<meta property=\"og:type\" content=\"article\" \/>\n<meta property=\"og:title\" content=\"\u00dcyelik S\u00f6zle\u015fmesi - Ni\u015fanta\u015f\u0131 Kozmetik\" \/>\n<meta property=\"og:description\" content=\"Membership Agreement\" \/>\n<meta property=\"og:url\" content=\"https:\/\/nisantasikozmetik.com\/de\/mitgliedschaftsvereinbarung\/?wmc-currency=EUR\" \/>\n<meta property=\"og:site_name\" content=\"Ni\u015fanta\u015f\u0131 Kozmetik\" \/>\n<meta property=\"article:modified_time\" content=\"2024-06-12T10:57:08+00:00\" \/>\n<meta name=\"twitter:card\" content=\"summary_large_image\" \/>\n<meta name=\"twitter:label1\" content=\"Gesch\u00e4tzte Lesezeit\" \/>\n\t<meta name=\"twitter:data1\" content=\"6\u00a0Minuten\" \/>\n<script type=\"application\/ld+json\" class=\"yoast-schema-graph\">{\"@context\":\"https:\/\/schema.org\",\"@graph\":[{\"@type\":\"WebPage\",\"@id\":\"https:\/\/nisantasikozmetik.com\/tr\/uyelik-sozlesmesi\/\",\"url\":\"https:\/\/nisantasikozmetik.com\/tr\/uyelik-sozlesmesi\/\",\"name\":\"\u00dcyelik S\u00f6zle\u015fmesi - Ni\u015fanta\u015f\u0131 Kozmetik\",\"isPartOf\":{\"@id\":\"https:\/\/nisantasikozmetik.com\/fr\/#website\"},\"datePublished\":\"2024-06-05T06:56:41+00:00\",\"dateModified\":\"2024-06-12T10:57:08+00:00\",\"description\":\"Membership Agreement\",\"breadcrumb\":{\"@id\":\"https:\/\/nisantasikozmetik.com\/tr\/uyelik-sozlesmesi\/#breadcrumb\"},\"inLanguage\":\"de\",\"potentialAction\":[{\"@type\":\"ReadAction\",\"target\":[\"https:\/\/nisantasikozmetik.com\/tr\/uyelik-sozlesmesi\/\"]}]},{\"@type\":\"BreadcrumbList\",\"@id\":\"https:\/\/nisantasikozmetik.com\/tr\/uyelik-sozlesmesi\/#breadcrumb\",\"itemListElement\":[{\"@type\":\"ListItem\",\"position\":1,\"name\":\"Anasayfa\",\"item\":\"https:\/\/nisantasikozmetik.com\/fr\/\"},{\"@type\":\"ListItem\",\"position\":2,\"name\":\"\u00dcyelik S\u00f6zle\u015fmesi\"}]},{\"@type\":\"WebSite\",\"@id\":\"https:\/\/nisantasikozmetik.com\/fr\/#website\",\"url\":\"https:\/\/nisantasikozmetik.com\/fr\/\",\"name\":\"Ni\u015fanta\u015f\u0131 Kozmetik\",\"description\":\"\",\"publisher\":{\"@id\":\"https:\/\/nisantasikozmetik.com\/fr\/#organization\"},\"potentialAction\":[{\"@type\":\"SearchAction\",\"target\":{\"@type\":\"EntryPoint\",\"urlTemplate\":\"https:\/\/nisantasikozmetik.com\/fr\/?s={search_term_string}\"},\"query-input\":{\"@type\":\"PropertyValueSpecification\",\"valueRequired\":true,\"valueName\":\"search_term_string\"}}],\"inLanguage\":\"de\"},{\"@type\":\"Organization\",\"@id\":\"https:\/\/nisantasikozmetik.com\/fr\/#organization\",\"name\":\"Ni\u015fanta\u015f\u0131 Kozmetik\",\"url\":\"https:\/\/nisantasikozmetik.com\/fr\/\",\"logo\":{\"@type\":\"ImageObject\",\"inLanguage\":\"de\",\"@id\":\"https:\/\/nisantasikozmetik.com\/fr\/#\/schema\/logo\/image\/\",\"url\":\"https:\/\/nisantasikozmetik.com\/wp-content\/uploads\/2024\/06\/Nisantasi-Cosmetic-Logo.png\",\"contentUrl\":\"https:\/\/nisantasikozmetik.com\/wp-content\/uploads\/2024\/06\/Nisantasi-Cosmetic-Logo.png\",\"width\":1080,\"height\":216,\"caption\":\"Ni\u015fanta\u015f\u0131 Kozmetik\"},\"image\":{\"@id\":\"https:\/\/nisantasikozmetik.com\/fr\/#\/schema\/logo\/image\/\"}}]}<\/script>\n<!-- \/ Yoast SEO plugin. -->","yoast_head_json":{"title":"\u00dcyelik S\u00f6zle\u015fmesi - Ni\u015fanta\u015f\u0131 Kozmetik","description":"Membership Agreement","robots":{"index":"index","follow":"follow","max-snippet":"max-snippet:-1","max-image-preview":"max-image-preview:large","max-video-preview":"max-video-preview:-1"},"canonical":"https:\/\/nisantasikozmetik.com\/de\/mitgliedschaftsvereinbarung\/?wmc-currency=EUR","og_locale":"de_DE","og_type":"article","og_title":"\u00dcyelik S\u00f6zle\u015fmesi - Ni\u015fanta\u015f\u0131 Kozmetik","og_description":"Membership Agreement","og_url":"https:\/\/nisantasikozmetik.com\/de\/mitgliedschaftsvereinbarung\/?wmc-currency=EUR","og_site_name":"Ni\u015fanta\u015f\u0131 Kozmetik","article_modified_time":"2024-06-12T10:57:08+00:00","twitter_card":"summary_large_image","twitter_misc":{"Gesch\u00e4tzte Lesezeit":"6\u00a0Minuten"},"schema":{"@context":"https:\/\/schema.org","@graph":[{"@type":"WebPage","@id":"https:\/\/nisantasikozmetik.com\/tr\/uyelik-sozlesmesi\/","url":"https:\/\/nisantasikozmetik.com\/tr\/uyelik-sozlesmesi\/","name":"\u00dcyelik S\u00f6zle\u015fmesi - Ni\u015fanta\u015f\u0131 Kozmetik","isPartOf":{"@id":"https:\/\/nisantasikozmetik.com\/fr\/#website"},"datePublished":"2024-06-05T06:56:41+00:00","dateModified":"2024-06-12T10:57:08+00:00","description":"Membership Agreement","breadcrumb":{"@id":"https:\/\/nisantasikozmetik.com\/tr\/uyelik-sozlesmesi\/#breadcrumb"},"inLanguage":"de","potentialAction":[{"@type":"ReadAction","target":["https:\/\/nisantasikozmetik.com\/tr\/uyelik-sozlesmesi\/"]}]},{"@type":"BreadcrumbList","@id":"https:\/\/nisantasikozmetik.com\/tr\/uyelik-sozlesmesi\/#breadcrumb","itemListElement":[{"@type":"ListItem","position":1,"name":"Anasayfa","item":"https:\/\/nisantasikozmetik.com\/fr\/"},{"@type":"ListItem","position":2,"name":"\u00dcyelik S\u00f6zle\u015fmesi"}]},{"@type":"WebSite","@id":"https:\/\/nisantasikozmetik.com\/fr\/#website","url":"https:\/\/nisantasikozmetik.com\/fr\/","name":"Ni\u015fanta\u015f\u0131 Kozmetik","description":"","publisher":{"@id":"https:\/\/nisantasikozmetik.com\/fr\/#organization"},"potentialAction":[{"@type":"SearchAction","target":{"@type":"EntryPoint","urlTemplate":"https:\/\/nisantasikozmetik.com\/fr\/?s={search_term_string}"},"query-input":{"@type":"PropertyValueSpecification","valueRequired":true,"valueName":"search_term_string"}}],"inLanguage":"de"},{"@type":"Organization","@id":"https:\/\/nisantasikozmetik.com\/fr\/#organization","name":"Ni\u015fanta\u015f\u0131 Kozmetik","url":"https:\/\/nisantasikozmetik.com\/fr\/","logo":{"@type":"ImageObject","inLanguage":"de","@id":"https:\/\/nisantasikozmetik.com\/fr\/#\/schema\/logo\/image\/","url":"https:\/\/nisantasikozmetik.com\/wp-content\/uploads\/2024\/06\/Nisantasi-Cosmetic-Logo.png","contentUrl":"https:\/\/nisantasikozmetik.com\/wp-content\/uploads\/2024\/06\/Nisantasi-Cosmetic-Logo.png","width":1080,"height":216,"caption":"Ni\u015fanta\u015f\u0131 Kozmetik"},"image":{"@id":"https:\/\/nisantasikozmetik.com\/fr\/#\/schema\/logo\/image\/"}}]}},"_links":{"self":[{"href":"https:\/\/nisantasikozmetik.com\/de\/wp-json\/wp\/v2\/pages\/581","targetHints":{"allow":["GET"]}}],"collection":[{"href":"https:\/\/nisantasikozmetik.com\/de\/wp-json\/wp\/v2\/pages"}],"about":[{"href":"https:\/\/nisantasikozmetik.com\/de\/wp-json\/wp\/v2\/types\/page"}],"author":[{"embeddable":true,"href":"https:\/\/nisantasikozmetik.com\/de\/wp-json\/wp\/v2\/users\/1"}],"replies":[{"embeddable":true,"href":"https:\/\/nisantasikozmetik.com\/de\/wp-json\/wp\/v2\/comments?post=581"}],"version-history":[{"count":0,"href":"https:\/\/nisantasikozmetik.com\/de\/wp-json\/wp\/v2\/pages\/581\/revisions"}],"wp:attachment":[{"href":"https:\/\/nisantasikozmetik.com\/de\/wp-json\/wp\/v2\/media?parent=581"}],"curies":[{"name":"wp","href":"https:\/\/api.w.org\/{rel}","templated":true}]}}