{"id":1724,"date":"2024-06-21T14:18:47","date_gmt":"2024-06-21T11:18:47","guid":{"rendered":"https:\/\/nisantasikozmetik.com\/?post_type=product&#038;p=1724"},"modified":"2026-03-26T09:33:23","modified_gmt":"2026-03-26T06:33:23","slug":"konjac-coffee","status":"publish","type":"product","link":"http:\/\/nisantasikozmetik.com\/pt\/produto\/cafe-konjac\/","title":{"rendered":"Caf\u00e9 Konjac"},"content":{"rendered":"<p><strong>Prepara\u00e7\u00e3o de<\/strong><\/p>\n<ol>\n<li>Esvazie todo o saco de caf\u00e9 Konjac em uma x\u00edcara.<\/li>\n<li>Adicione \u00e1gua fervida (200 ml).<\/li>\n<li>Espere 1 minuto, depois misture e consuma com prazer.<\/li>\n<\/ol>\n<p><strong>Valores Nutricionais (por 100 ml \u2013 1 Por\u00e7\u00e3o)<\/strong><\/p>\n<ul>\n<li><strong>Energia (kJ\/kcal):<\/strong> 160\/38<\/li>\n<li><strong>\u00d3leo:<\/strong> 0-0,9g\n<ul>\n<li><strong>Gordura saturada:<\/strong> 0-0,1g<\/li>\n<\/ul>\n<\/li>\n<li><strong>Carboidrato:<\/strong> 7,0-5,3g\n<ul>\n<li><strong>A\u00e7\u00facar:<\/strong> 0,3g<\/li>\n<\/ul>\n<\/li>\n<li><strong>Fibra:<\/strong> 0,3g<\/li>\n<li><strong>Prote\u00edna:<\/strong> 0,05g<\/li>\n<li><strong>Sal:<\/strong> 0g<\/li>\n<\/ul>\n<p><strong>Porcentagens de valores di\u00e1rios (com base em 2.000 kcal\/dia)<\/strong><\/p>\n<ul>\n<li><strong>Energia:<\/strong> %4<\/li>\n<li><strong>A\u00e7\u00facar:<\/strong> %2<\/li>\n<li><strong>Gordura total:<\/strong> %3<\/li>\n<li><strong>Gordura saturada:<\/strong> %3<\/li>\n<li><strong>Sal:<\/strong> %2<\/li>\n<\/ul>\n<p><strong>Destaques<\/strong><\/p>\n<ul>\n<li><strong>Suporte de col\u00e1geno:<\/strong> Preserva a elasticidade e vitalidade da pele.<\/li>\n<li><strong>Consumo Pr\u00e1tico e F\u00e1cil:<\/strong> \u00c9 uma alternativa de bebida pr\u00e1tica que pode facilmente integrar na sua rotina di\u00e1ria.<\/li>\n<li><strong>Baixas calorias:<\/strong> \u00c9 adequado para a sua dieta devido ao seu baixo teor cal\u00f3rico.<\/li>\n<li><strong>Conte\u00fado de fibra:<\/strong> Proporciona uma sensa\u00e7\u00e3o de saciedade e auxilia na digest\u00e3o.<\/li>\n<\/ul>\n<p><strong>Instru\u00e7\u00f5es de consumo<\/strong><\/p>\n<p>O Caf\u00e9 Konjac \u00e9 uma bebida ideal para quem quer come\u00e7ar o dia com energia pela manh\u00e3 e manter a forma ao longo do dia. Pode ser consumido a qualquer hora do dia, mas \u00e9 recomend\u00e1vel consumi-lo antes do caf\u00e9 da manh\u00e3 para obter o m\u00e1ximo benef\u00edcio.<\/p>","protected":false},"excerpt":{"rendered":"<p>Konjac Coffee oferece uma experi\u00eancia de bebida especial, feita com gr\u00e3os de caf\u00e9 cuidadosamente selecionados e a harmonia de ingredientes herbais. O seu sabor suave e arom\u00e1tico acompanha um in\u00edcio agrad\u00e1vel da sua rotina matinal.<\/p>\n<p>Com o seu aporte de colag\u00e9nio e componentes vegetais, acrescenta um toque diferente e rico ao seu h\u00e1bito di\u00e1rio de caf\u00e9. Este caf\u00e9 especial, que pode ser apreciado a qualquer momento do dia, \u00e9 uma alternativa pr\u00e1tica e deliciosa que se adapta ao ritmo da vida moderna.<\/p>","protected":false},"featured_media":1727,"comment_status":"closed","ping_status":"closed","template":"","meta":[],"product_brand":[],"product_cat":[17],"product_tag":[],"class_list":{"0":"post-1724","1":"product","2":"type-product","3":"status-publish","4":"has-post-thumbnail","6":"product_cat-genel","8":"first","9":"instock","10":"sale","11":"taxable","12":"shipping-taxable","13":"purchasable","14":"product-type-simple"},"yoast_head":"<!-- This site is optimized with the Yoast SEO plugin v26.2 - https:\/\/yoast.com\/wordpress\/plugins\/seo\/ -->\n<title>Konjac Coffee - Ni\u015fanta\u015f\u0131 Kozmetik<\/title>\n<meta name=\"robots\" content=\"index, follow, max-snippet:-1, max-image-preview:large, max-video-preview:-1\" \/>\n<link rel=\"canonical\" href=\"http:\/\/nisantasikozmetik.com\/pt\/produto\/cafe-konjac\/?wmc-currency=EUR\" \/>\n<meta property=\"og:locale\" content=\"pt_PT\" \/>\n<meta property=\"og:type\" content=\"article\" \/>\n<meta property=\"og:title\" content=\"Konjac Coffee - Ni\u015fanta\u015f\u0131 Kozmetik\" \/>\n<meta property=\"og:description\" content=\"Konjac Coffee, \u00f6zenle se\u00e7ilen kahve \u00e7ekirdekleri ve bitkisel i\u00e7eriklerin uyumuyla haz\u0131rlanan \u00f6zel bir i\u00e7ecek deneyimi sunar. Yumu\u015fak i\u00e7imi ve aromatik lezzetiyle sabah rutininize keyifli bir ba\u015flang\u0131\u00e7 yapman\u0131za e\u015flik eder.  \u0130\u00e7eri\u011finde yer alan kolajen deste\u011fi ve bitkisel bile\u015fenlerle g\u00fcnl\u00fck kahve al\u0131\u015fkanl\u0131\u011f\u0131n\u0131za farkl\u0131 ve zengin bir dokunu\u015f katar. G\u00fcn\u00fcn her an\u0131nda keyifle t\u00fcketebilece\u011finiz bu \u00f6zel kahve, modern ya\u015fam temposuna uyum sa\u011flayan pratik ve lezzetli bir alternatiftir.\" \/>\n<meta property=\"og:url\" content=\"http:\/\/nisantasikozmetik.com\/pt\/produto\/cafe-konjac\/?wmc-currency=EUR\" \/>\n<meta property=\"og:site_name\" content=\"Ni\u015fanta\u015f\u0131 Kozmetik\" \/>\n<meta property=\"article:modified_time\" content=\"2026-03-26T06:33:23+00:00\" \/>\n<meta property=\"og:image\" content=\"https:\/\/nisantasikozmetik.com\/wp-content\/uploads\/2024\/06\/Coffee3-1.png\" \/>\n\t<meta property=\"og:image:width\" content=\"1000\" \/>\n\t<meta property=\"og:image:height\" content=\"1000\" \/>\n\t<meta property=\"og:image:type\" content=\"image\/png\" \/>\n<meta name=\"twitter:card\" content=\"summary_large_image\" \/>\n<meta name=\"twitter:label1\" content=\"Tempo estimado de leitura\" \/>\n\t<meta name=\"twitter:data1\" content=\"2 minutos\" \/>\n<script type=\"application\/ld+json\" class=\"yoast-schema-graph\">{\"@context\":\"https:\/\/schema.org\",\"@graph\":[{\"@type\":\"WebPage\",\"@id\":\"https:\/\/nisantasikozmetik.com\/tr\/urun\/konjac-coffee\/\",\"url\":\"https:\/\/nisantasikozmetik.com\/tr\/urun\/konjac-coffee\/\",\"name\":\"Konjac Coffee - Ni\u015fanta\u015f\u0131 Kozmetik\",\"isPartOf\":{\"@id\":\"https:\/\/nisantasikozmetik.com\/fr\/#website\"},\"primaryImageOfPage\":{\"@id\":\"https:\/\/nisantasikozmetik.com\/tr\/urun\/konjac-coffee\/#primaryimage\"},\"image\":{\"@id\":\"https:\/\/nisantasikozmetik.com\/tr\/urun\/konjac-coffee\/#primaryimage\"},\"thumbnailUrl\":\"http:\/\/nisantasikozmetik.com\/wp-content\/uploads\/2024\/06\/Coffee3-1.png\",\"datePublished\":\"2024-06-21T11:18:47+00:00\",\"dateModified\":\"2026-03-26T06:33:23+00:00\",\"breadcrumb\":{\"@id\":\"https:\/\/nisantasikozmetik.com\/tr\/urun\/konjac-coffee\/#breadcrumb\"},\"inLanguage\":\"pt-PT\",\"potentialAction\":[{\"@type\":\"ReadAction\",\"target\":[\"https:\/\/nisantasikozmetik.com\/tr\/urun\/konjac-coffee\/\"]}]},{\"@type\":\"ImageObject\",\"inLanguage\":\"pt-PT\",\"@id\":\"https:\/\/nisantasikozmetik.com\/tr\/urun\/konjac-coffee\/#primaryimage\",\"url\":\"http:\/\/nisantasikozmetik.com\/wp-content\/uploads\/2024\/06\/Coffee3-1.png\",\"contentUrl\":\"http:\/\/nisantasikozmetik.com\/wp-content\/uploads\/2024\/06\/Coffee3-1.png\",\"width\":1000,\"height\":1000},{\"@type\":\"BreadcrumbList\",\"@id\":\"https:\/\/nisantasikozmetik.com\/tr\/urun\/konjac-coffee\/#breadcrumb\",\"itemListElement\":[{\"@type\":\"ListItem\",\"position\":1,\"name\":\"Anasayfa\",\"item\":\"https:\/\/nisantasikozmetik.com\/fr\/\"},{\"@type\":\"ListItem\",\"position\":2,\"name\":\"\u00dcr\u00fcnler\",\"item\":\"https:\/\/nisantasikozmetik.com\/tr\/shop\/\"},{\"@type\":\"ListItem\",\"position\":3,\"name\":\"Konjac Coffee\"}]},{\"@type\":\"WebSite\",\"@id\":\"https:\/\/nisantasikozmetik.com\/fr\/#website\",\"url\":\"https:\/\/nisantasikozmetik.com\/fr\/\",\"name\":\"Ni\u015fanta\u015f\u0131 Kozmetik\",\"description\":\"\",\"publisher\":{\"@id\":\"https:\/\/nisantasikozmetik.com\/fr\/#organization\"},\"potentialAction\":[{\"@type\":\"SearchAction\",\"target\":{\"@type\":\"EntryPoint\",\"urlTemplate\":\"https:\/\/nisantasikozmetik.com\/fr\/?s={search_term_string}\"},\"query-input\":{\"@type\":\"PropertyValueSpecification\",\"valueRequired\":true,\"valueName\":\"search_term_string\"}}],\"inLanguage\":\"pt-PT\"},{\"@type\":\"Organization\",\"@id\":\"https:\/\/nisantasikozmetik.com\/fr\/#organization\",\"name\":\"Ni\u015fanta\u015f\u0131 Kozmetik\",\"url\":\"https:\/\/nisantasikozmetik.com\/fr\/\",\"logo\":{\"@type\":\"ImageObject\",\"inLanguage\":\"pt-PT\",\"@id\":\"https:\/\/nisantasikozmetik.com\/fr\/#\/schema\/logo\/image\/\",\"url\":\"http:\/\/nisantasikozmetik.com\/wp-content\/uploads\/2024\/06\/Nisantasi-Cosmetic-Logo.png\",\"contentUrl\":\"http:\/\/nisantasikozmetik.com\/wp-content\/uploads\/2024\/06\/Nisantasi-Cosmetic-Logo.png\",\"width\":1080,\"height\":216,\"caption\":\"Ni\u015fanta\u015f\u0131 Kozmetik\"},\"image\":{\"@id\":\"https:\/\/nisantasikozmetik.com\/fr\/#\/schema\/logo\/image\/\"}}]}<\/script>\n<!-- \/ Yoast SEO plugin. -->","yoast_head_json":{"title":"Konjac Coffee - Ni\u015fanta\u015f\u0131 Kozmetik","robots":{"index":"index","follow":"follow","max-snippet":"max-snippet:-1","max-image-preview":"max-image-preview:large","max-video-preview":"max-video-preview:-1"},"canonical":"http:\/\/nisantasikozmetik.com\/pt\/produto\/cafe-konjac\/?wmc-currency=EUR","og_locale":"pt_PT","og_type":"article","og_title":"Konjac Coffee - Ni\u015fanta\u015f\u0131 Kozmetik","og_description":"Konjac Coffee, \u00f6zenle se\u00e7ilen kahve \u00e7ekirdekleri ve bitkisel i\u00e7eriklerin uyumuyla haz\u0131rlanan \u00f6zel bir i\u00e7ecek deneyimi sunar. Yumu\u015fak i\u00e7imi ve aromatik lezzetiyle sabah rutininize keyifli bir ba\u015flang\u0131\u00e7 yapman\u0131za e\u015flik eder.  \u0130\u00e7eri\u011finde yer alan kolajen deste\u011fi ve bitkisel bile\u015fenlerle g\u00fcnl\u00fck kahve al\u0131\u015fkanl\u0131\u011f\u0131n\u0131za farkl\u0131 ve zengin bir dokunu\u015f katar. G\u00fcn\u00fcn her an\u0131nda keyifle t\u00fcketebilece\u011finiz bu \u00f6zel kahve, modern ya\u015fam temposuna uyum sa\u011flayan pratik ve lezzetli bir alternatiftir.","og_url":"http:\/\/nisantasikozmetik.com\/pt\/produto\/cafe-konjac\/?wmc-currency=EUR","og_site_name":"Ni\u015fanta\u015f\u0131 Kozmetik","article_modified_time":"2026-03-26T06:33:23+00:00","og_image":[{"width":1000,"height":1000,"url":"https:\/\/nisantasikozmetik.com\/wp-content\/uploads\/2024\/06\/Coffee3-1.png","type":"image\/png"}],"twitter_card":"summary_large_image","twitter_misc":{"Tempo estimado de leitura":"2 minutos"},"schema":{"@context":"https:\/\/schema.org","@graph":[{"@type":"WebPage","@id":"https:\/\/nisantasikozmetik.com\/tr\/urun\/konjac-coffee\/","url":"https:\/\/nisantasikozmetik.com\/tr\/urun\/konjac-coffee\/","name":"Konjac Coffee - Ni\u015fanta\u015f\u0131 Kozmetik","isPartOf":{"@id":"https:\/\/nisantasikozmetik.com\/fr\/#website"},"primaryImageOfPage":{"@id":"https:\/\/nisantasikozmetik.com\/tr\/urun\/konjac-coffee\/#primaryimage"},"image":{"@id":"https:\/\/nisantasikozmetik.com\/tr\/urun\/konjac-coffee\/#primaryimage"},"thumbnailUrl":"http:\/\/nisantasikozmetik.com\/wp-content\/uploads\/2024\/06\/Coffee3-1.png","datePublished":"2024-06-21T11:18:47+00:00","dateModified":"2026-03-26T06:33:23+00:00","breadcrumb":{"@id":"https:\/\/nisantasikozmetik.com\/tr\/urun\/konjac-coffee\/#breadcrumb"},"inLanguage":"pt-PT","potentialAction":[{"@type":"ReadAction","target":["https:\/\/nisantasikozmetik.com\/tr\/urun\/konjac-coffee\/"]}]},{"@type":"ImageObject","inLanguage":"pt-PT","@id":"https:\/\/nisantasikozmetik.com\/tr\/urun\/konjac-coffee\/#primaryimage","url":"http:\/\/nisantasikozmetik.com\/wp-content\/uploads\/2024\/06\/Coffee3-1.png","contentUrl":"http:\/\/nisantasikozmetik.com\/wp-content\/uploads\/2024\/06\/Coffee3-1.png","width":1000,"height":1000},{"@type":"BreadcrumbList","@id":"https:\/\/nisantasikozmetik.com\/tr\/urun\/konjac-coffee\/#breadcrumb","itemListElement":[{"@type":"ListItem","position":1,"name":"Anasayfa","item":"https:\/\/nisantasikozmetik.com\/fr\/"},{"@type":"ListItem","position":2,"name":"\u00dcr\u00fcnler","item":"https:\/\/nisantasikozmetik.com\/tr\/shop\/"},{"@type":"ListItem","position":3,"name":"Konjac Coffee"}]},{"@type":"WebSite","@id":"https:\/\/nisantasikozmetik.com\/fr\/#website","url":"https:\/\/nisantasikozmetik.com\/fr\/","name":"Ni\u015fanta\u015f\u0131 Kozmetik","description":"","publisher":{"@id":"https:\/\/nisantasikozmetik.com\/fr\/#organization"},"potentialAction":[{"@type":"SearchAction","target":{"@type":"EntryPoint","urlTemplate":"https:\/\/nisantasikozmetik.com\/fr\/?s={search_term_string}"},"query-input":{"@type":"PropertyValueSpecification","valueRequired":true,"valueName":"search_term_string"}}],"inLanguage":"pt-PT"},{"@type":"Organization","@id":"https:\/\/nisantasikozmetik.com\/fr\/#organization","name":"Ni\u015fanta\u015f\u0131 Kozmetik","url":"https:\/\/nisantasikozmetik.com\/fr\/","logo":{"@type":"ImageObject","inLanguage":"pt-PT","@id":"https:\/\/nisantasikozmetik.com\/fr\/#\/schema\/logo\/image\/","url":"http:\/\/nisantasikozmetik.com\/wp-content\/uploads\/2024\/06\/Nisantasi-Cosmetic-Logo.png","contentUrl":"http:\/\/nisantasikozmetik.com\/wp-content\/uploads\/2024\/06\/Nisantasi-Cosmetic-Logo.png","width":1080,"height":216,"caption":"Ni\u015fanta\u015f\u0131 Kozmetik"},"image":{"@id":"https:\/\/nisantasikozmetik.com\/fr\/#\/schema\/logo\/image\/"}}]}},"_links":{"self":[{"href":"http:\/\/nisantasikozmetik.com\/pt\/wp-json\/wp\/v2\/product\/1724","targetHints":{"allow":["GET"]}}],"collection":[{"href":"http:\/\/nisantasikozmetik.com\/pt\/wp-json\/wp\/v2\/product"}],"about":[{"href":"http:\/\/nisantasikozmetik.com\/pt\/wp-json\/wp\/v2\/types\/product"}],"replies":[{"embeddable":true,"href":"http:\/\/nisantasikozmetik.com\/pt\/wp-json\/wp\/v2\/comments?post=1724"}],"wp:featuredmedia":[{"embeddable":true,"href":"http:\/\/nisantasikozmetik.com\/pt\/wp-json\/wp\/v2\/media\/1727"}],"wp:attachment":[{"href":"http:\/\/nisantasikozmetik.com\/pt\/wp-json\/wp\/v2\/media?parent=1724"}],"wp:term":[{"taxonomy":"product_brand","embeddable":true,"href":"http:\/\/nisantasikozmetik.com\/pt\/wp-json\/wp\/v2\/product_brand?post=1724"},{"taxonomy":"product_cat","embeddable":true,"href":"http:\/\/nisantasikozmetik.com\/pt\/wp-json\/wp\/v2\/product_cat?post=1724"},{"taxonomy":"product_tag","embeddable":true,"href":"http:\/\/nisantasikozmetik.com\/pt\/wp-json\/wp\/v2\/product_tag?post=1724"}],"curies":[{"name":"wp","href":"https:\/\/api.w.org\/{rel}","templated":true}]}}