{"id":1669,"date":"2024-06-14T09:54:39","date_gmt":"2024-06-14T06:54:39","guid":{"rendered":"https:\/\/nisantasikozmetik.com\/?post_type=product&#038;p=1669"},"modified":"2026-03-25T15:31:56","modified_gmt":"2026-03-25T12:31:56","slug":"konjac-tea","status":"publish","type":"product","link":"http:\/\/nisantasikozmetik.com\/it\/prodotto\/te-konjac-2\/","title":{"rendered":"T\u00e8 Konjac"},"content":{"rendered":"<p><strong>\ud83c\udf3f Quali sono gli ingredienti del T\u00e8 Konjac?<\/strong><\/p>\n<p>Il T\u00e8 Konjac \u00e8 preparato con una miscela accuratamente bilanciata di ingredienti vegetali come estratto di crusca di riso, estratto di rosmarino, estratto di broccoli, estratto di echinacea, estratto di goji, estratto di mirtillo, estratto di erba dello yogurt, estratto di palma nana, estratto di betulla, aroma di frutti di bosco e L-Carnitina.<\/p>\n<p><strong>\u2615 Come usare il T\u00e8 Konjac?<\/strong><\/p>\n<p>Aggiungi una bustina di t\u00e8 a una tazza di acqua calda e gustala durante la giornata. La sua facile preparazione lo rende facilmente integrabile nella tua routine quotidiana di bevande.<\/p>\n<p><strong>\u26a0 Chi non dovrebbe assumere il T\u00e8 Konjac?<\/strong><\/p>\n<ul>\n<li>Donne in gravidanza e in allattamento<\/li>\n<li>Persone con problemi cardiaci, renali, pressione alta o zucchero basso nel sangue<\/li>\n<li>Persone sensibili o allergiche alle erbe contenute nel prodotto<\/li>\n<\/ul>\n<p><\/p>\n<p>Se hai qualche condizione di salute o assumi farmaci regolarmente, \u00e8 consigliabile consultare uno specialista prima dell\u2019uso.<\/p>","protected":false},"excerpt":{"rendered":"<p>Il Konjac \u00e8 uno zucchero fibroso a zero calorie derivato dalla radice Konja.<\/p>","protected":false},"featured_media":1159,"comment_status":"closed","ping_status":"closed","template":"","meta":[],"product_brand":[],"product_cat":[17],"product_tag":[],"class_list":{"0":"post-1669","1":"product","2":"type-product","3":"status-publish","4":"has-post-thumbnail","6":"product_cat-genel","8":"first","9":"instock","10":"sale","11":"taxable","12":"shipping-taxable","13":"purchasable","14":"product-type-simple"},"yoast_head":"<!-- This site is optimized with the Yoast SEO plugin v26.2 - https:\/\/yoast.com\/wordpress\/plugins\/seo\/ -->\n<title>Konjac Tea - Ni\u015fanta\u015f\u0131 Kozmetik<\/title>\n<meta name=\"description\" content=\"Konjac, Konja k\u00f6k\u00fcnden elde edilen s\u0131f\u0131r kalori i\u00e7eren lifli bir \u015fekerdir.\" \/>\n<meta name=\"robots\" content=\"index, follow, max-snippet:-1, max-image-preview:large, max-video-preview:-1\" \/>\n<link rel=\"canonical\" href=\"http:\/\/nisantasikozmetik.com\/it\/urun\/cha-konjac-2\/?wmc-currency=EUR\" \/>\n<meta property=\"og:locale\" content=\"it_IT\" \/>\n<meta property=\"og:type\" content=\"article\" \/>\n<meta property=\"og:title\" content=\"Konjac Tea - Ni\u015fanta\u015f\u0131 Kozmetik\" \/>\n<meta property=\"og:description\" content=\"Konjac, Konja k\u00f6k\u00fcnden elde edilen s\u0131f\u0131r kalori i\u00e7eren lifli bir \u015fekerdir.\" \/>\n<meta property=\"og:url\" content=\"http:\/\/nisantasikozmetik.com\/it\/urun\/cha-konjac-2\/?wmc-currency=EUR\" \/>\n<meta property=\"og:site_name\" content=\"Ni\u015fanta\u015f\u0131 Kozmetik\" \/>\n<meta property=\"article:modified_time\" content=\"2026-03-25T12:31:56+00:00\" \/>\n<meta property=\"og:image\" content=\"http:\/\/nisantasikozmetik.com\/wp-content\/uploads\/2024\/06\/Konjac-Tea-55-1.png\" \/>\n\t<meta property=\"og:image:width\" content=\"1000\" \/>\n\t<meta property=\"og:image:height\" content=\"1000\" \/>\n\t<meta property=\"og:image:type\" content=\"image\/png\" \/>\n<meta name=\"twitter:card\" content=\"summary_large_image\" \/>\n<meta name=\"twitter:label1\" content=\"Tempo di lettura stimato\" \/>\n\t<meta name=\"twitter:data1\" content=\"1 minuto\" \/>\n<script type=\"application\/ld+json\" class=\"yoast-schema-graph\">{\"@context\":\"https:\/\/schema.org\",\"@graph\":[{\"@type\":\"WebPage\",\"@id\":\"http:\/\/nisantasikozmetik.com\/pt\/urun\/cha-konjac-2\/\",\"url\":\"http:\/\/nisantasikozmetik.com\/pt\/urun\/cha-konjac-2\/\",\"name\":\"Konjac Tea - Ni\u015fanta\u015f\u0131 Kozmetik\",\"isPartOf\":{\"@id\":\"https:\/\/nisantasikozmetik.com\/fr\/#website\"},\"primaryImageOfPage\":{\"@id\":\"http:\/\/nisantasikozmetik.com\/pt\/urun\/cha-konjac-2\/#primaryimage\"},\"image\":{\"@id\":\"http:\/\/nisantasikozmetik.com\/pt\/urun\/cha-konjac-2\/#primaryimage\"},\"thumbnailUrl\":\"http:\/\/nisantasikozmetik.com\/wp-content\/uploads\/2024\/06\/Konjac-Tea-55-1.png\",\"datePublished\":\"2024-06-14T06:54:39+00:00\",\"dateModified\":\"2026-03-25T12:31:56+00:00\",\"description\":\"Konjac, Konja k\u00f6k\u00fcnden elde edilen s\u0131f\u0131r kalori i\u00e7eren lifli bir \u015fekerdir.\",\"breadcrumb\":{\"@id\":\"http:\/\/nisantasikozmetik.com\/pt\/urun\/cha-konjac-2\/#breadcrumb\"},\"inLanguage\":\"it-IT\",\"potentialAction\":[{\"@type\":\"ReadAction\",\"target\":[\"http:\/\/nisantasikozmetik.com\/pt\/urun\/cha-konjac-2\/\"]}]},{\"@type\":\"ImageObject\",\"inLanguage\":\"it-IT\",\"@id\":\"http:\/\/nisantasikozmetik.com\/pt\/urun\/cha-konjac-2\/#primaryimage\",\"url\":\"http:\/\/nisantasikozmetik.com\/wp-content\/uploads\/2024\/06\/Konjac-Tea-55-1.png\",\"contentUrl\":\"http:\/\/nisantasikozmetik.com\/wp-content\/uploads\/2024\/06\/Konjac-Tea-55-1.png\",\"width\":1000,\"height\":1000},{\"@type\":\"BreadcrumbList\",\"@id\":\"http:\/\/nisantasikozmetik.com\/pt\/urun\/cha-konjac-2\/#breadcrumb\",\"itemListElement\":[{\"@type\":\"ListItem\",\"position\":1,\"name\":\"Anasayfa\",\"item\":\"https:\/\/nisantasikozmetik.com\/fr\/\"},{\"@type\":\"ListItem\",\"position\":2,\"name\":\"\u00dcr\u00fcnler\",\"item\":\"https:\/\/nisantasikozmetik.com\/tr\/shop\/\"},{\"@type\":\"ListItem\",\"position\":3,\"name\":\"Konjac Tea\"}]},{\"@type\":\"WebSite\",\"@id\":\"https:\/\/nisantasikozmetik.com\/fr\/#website\",\"url\":\"https:\/\/nisantasikozmetik.com\/fr\/\",\"name\":\"Ni\u015fanta\u015f\u0131 Kozmetik\",\"description\":\"\",\"publisher\":{\"@id\":\"https:\/\/nisantasikozmetik.com\/fr\/#organization\"},\"potentialAction\":[{\"@type\":\"SearchAction\",\"target\":{\"@type\":\"EntryPoint\",\"urlTemplate\":\"https:\/\/nisantasikozmetik.com\/fr\/?s={search_term_string}\"},\"query-input\":{\"@type\":\"PropertyValueSpecification\",\"valueRequired\":true,\"valueName\":\"search_term_string\"}}],\"inLanguage\":\"it-IT\"},{\"@type\":\"Organization\",\"@id\":\"https:\/\/nisantasikozmetik.com\/fr\/#organization\",\"name\":\"Ni\u015fanta\u015f\u0131 Kozmetik\",\"url\":\"https:\/\/nisantasikozmetik.com\/fr\/\",\"logo\":{\"@type\":\"ImageObject\",\"inLanguage\":\"it-IT\",\"@id\":\"https:\/\/nisantasikozmetik.com\/fr\/#\/schema\/logo\/image\/\",\"url\":\"http:\/\/nisantasikozmetik.com\/wp-content\/uploads\/2024\/06\/Nisantasi-Cosmetic-Logo.png\",\"contentUrl\":\"http:\/\/nisantasikozmetik.com\/wp-content\/uploads\/2024\/06\/Nisantasi-Cosmetic-Logo.png\",\"width\":1080,\"height\":216,\"caption\":\"Ni\u015fanta\u015f\u0131 Kozmetik\"},\"image\":{\"@id\":\"https:\/\/nisantasikozmetik.com\/fr\/#\/schema\/logo\/image\/\"}}]}<\/script>\n<!-- \/ Yoast SEO plugin. -->","yoast_head_json":{"title":"Konjac Tea - Ni\u015fanta\u015f\u0131 Kozmetik","description":"Konjac, Konja k\u00f6k\u00fcnden elde edilen s\u0131f\u0131r kalori i\u00e7eren lifli bir \u015fekerdir.","robots":{"index":"index","follow":"follow","max-snippet":"max-snippet:-1","max-image-preview":"max-image-preview:large","max-video-preview":"max-video-preview:-1"},"canonical":"http:\/\/nisantasikozmetik.com\/it\/urun\/cha-konjac-2\/?wmc-currency=EUR","og_locale":"it_IT","og_type":"article","og_title":"Konjac Tea - Ni\u015fanta\u015f\u0131 Kozmetik","og_description":"Konjac, Konja k\u00f6k\u00fcnden elde edilen s\u0131f\u0131r kalori i\u00e7eren lifli bir \u015fekerdir.","og_url":"http:\/\/nisantasikozmetik.com\/it\/urun\/cha-konjac-2\/?wmc-currency=EUR","og_site_name":"Ni\u015fanta\u015f\u0131 Kozmetik","article_modified_time":"2026-03-25T12:31:56+00:00","og_image":[{"width":1000,"height":1000,"url":"http:\/\/nisantasikozmetik.com\/wp-content\/uploads\/2024\/06\/Konjac-Tea-55-1.png","type":"image\/png"}],"twitter_card":"summary_large_image","twitter_misc":{"Tempo di lettura stimato":"1 minuto"},"schema":{"@context":"https:\/\/schema.org","@graph":[{"@type":"WebPage","@id":"http:\/\/nisantasikozmetik.com\/pt\/urun\/cha-konjac-2\/","url":"http:\/\/nisantasikozmetik.com\/pt\/urun\/cha-konjac-2\/","name":"Konjac Tea - Ni\u015fanta\u015f\u0131 Kozmetik","isPartOf":{"@id":"https:\/\/nisantasikozmetik.com\/fr\/#website"},"primaryImageOfPage":{"@id":"http:\/\/nisantasikozmetik.com\/pt\/urun\/cha-konjac-2\/#primaryimage"},"image":{"@id":"http:\/\/nisantasikozmetik.com\/pt\/urun\/cha-konjac-2\/#primaryimage"},"thumbnailUrl":"http:\/\/nisantasikozmetik.com\/wp-content\/uploads\/2024\/06\/Konjac-Tea-55-1.png","datePublished":"2024-06-14T06:54:39+00:00","dateModified":"2026-03-25T12:31:56+00:00","description":"Konjac, Konja k\u00f6k\u00fcnden elde edilen s\u0131f\u0131r kalori i\u00e7eren lifli bir \u015fekerdir.","breadcrumb":{"@id":"http:\/\/nisantasikozmetik.com\/pt\/urun\/cha-konjac-2\/#breadcrumb"},"inLanguage":"it-IT","potentialAction":[{"@type":"ReadAction","target":["http:\/\/nisantasikozmetik.com\/pt\/urun\/cha-konjac-2\/"]}]},{"@type":"ImageObject","inLanguage":"it-IT","@id":"http:\/\/nisantasikozmetik.com\/pt\/urun\/cha-konjac-2\/#primaryimage","url":"http:\/\/nisantasikozmetik.com\/wp-content\/uploads\/2024\/06\/Konjac-Tea-55-1.png","contentUrl":"http:\/\/nisantasikozmetik.com\/wp-content\/uploads\/2024\/06\/Konjac-Tea-55-1.png","width":1000,"height":1000},{"@type":"BreadcrumbList","@id":"http:\/\/nisantasikozmetik.com\/pt\/urun\/cha-konjac-2\/#breadcrumb","itemListElement":[{"@type":"ListItem","position":1,"name":"Anasayfa","item":"https:\/\/nisantasikozmetik.com\/fr\/"},{"@type":"ListItem","position":2,"name":"\u00dcr\u00fcnler","item":"https:\/\/nisantasikozmetik.com\/tr\/shop\/"},{"@type":"ListItem","position":3,"name":"Konjac Tea"}]},{"@type":"WebSite","@id":"https:\/\/nisantasikozmetik.com\/fr\/#website","url":"https:\/\/nisantasikozmetik.com\/fr\/","name":"Ni\u015fanta\u015f\u0131 Kozmetik","description":"","publisher":{"@id":"https:\/\/nisantasikozmetik.com\/fr\/#organization"},"potentialAction":[{"@type":"SearchAction","target":{"@type":"EntryPoint","urlTemplate":"https:\/\/nisantasikozmetik.com\/fr\/?s={search_term_string}"},"query-input":{"@type":"PropertyValueSpecification","valueRequired":true,"valueName":"search_term_string"}}],"inLanguage":"it-IT"},{"@type":"Organization","@id":"https:\/\/nisantasikozmetik.com\/fr\/#organization","name":"Ni\u015fanta\u015f\u0131 Kozmetik","url":"https:\/\/nisantasikozmetik.com\/fr\/","logo":{"@type":"ImageObject","inLanguage":"it-IT","@id":"https:\/\/nisantasikozmetik.com\/fr\/#\/schema\/logo\/image\/","url":"http:\/\/nisantasikozmetik.com\/wp-content\/uploads\/2024\/06\/Nisantasi-Cosmetic-Logo.png","contentUrl":"http:\/\/nisantasikozmetik.com\/wp-content\/uploads\/2024\/06\/Nisantasi-Cosmetic-Logo.png","width":1080,"height":216,"caption":"Ni\u015fanta\u015f\u0131 Kozmetik"},"image":{"@id":"https:\/\/nisantasikozmetik.com\/fr\/#\/schema\/logo\/image\/"}}]}},"_links":{"self":[{"href":"http:\/\/nisantasikozmetik.com\/it\/wp-json\/wp\/v2\/product\/1669","targetHints":{"allow":["GET"]}}],"collection":[{"href":"http:\/\/nisantasikozmetik.com\/it\/wp-json\/wp\/v2\/product"}],"about":[{"href":"http:\/\/nisantasikozmetik.com\/it\/wp-json\/wp\/v2\/types\/product"}],"replies":[{"embeddable":true,"href":"http:\/\/nisantasikozmetik.com\/it\/wp-json\/wp\/v2\/comments?post=1669"}],"wp:featuredmedia":[{"embeddable":true,"href":"http:\/\/nisantasikozmetik.com\/it\/wp-json\/wp\/v2\/media\/1159"}],"wp:attachment":[{"href":"http:\/\/nisantasikozmetik.com\/it\/wp-json\/wp\/v2\/media?parent=1669"}],"wp:term":[{"taxonomy":"product_brand","embeddable":true,"href":"http:\/\/nisantasikozmetik.com\/it\/wp-json\/wp\/v2\/product_brand?post=1669"},{"taxonomy":"product_cat","embeddable":true,"href":"http:\/\/nisantasikozmetik.com\/it\/wp-json\/wp\/v2\/product_cat?post=1669"},{"taxonomy":"product_tag","embeddable":true,"href":"http:\/\/nisantasikozmetik.com\/it\/wp-json\/wp\/v2\/product_tag?post=1669"}],"curies":[{"name":"wp","href":"https:\/\/api.w.org\/{rel}","templated":true}]}}