{"id":1671,"date":"2024-06-14T10:44:38","date_gmt":"2024-06-14T07:44:38","guid":{"rendered":"https:\/\/nisantasikozmetik.com\/?post_type=product&#038;p=1671"},"modified":"2026-03-25T15:26:19","modified_gmt":"2026-03-25T12:26:19","slug":"konjac-kapsul","status":"publish","type":"product","link":"http:\/\/nisantasikozmetik.com\/fr\/produit\/capsule-de-konjac-2\/","title":{"rendered":"Capsule de Konjac"},"content":{"rendered":"<div class=\"col-md-12\">\n<p><strong>Comment utiliser les capsules de Konjac ?<\/strong><\/p>\n<p>Vous pouvez consommer la capsule de Konjac avec un verre d'eau au cours de la journ\u00e9e. Gr\u00e2ce \u00e0 sa forme en capsule, elle offre une grande facilit\u00e9 d'utilisation et s'int\u00e8gre facilement dans votre routine quotidienne.<\/p>\n<p><strong>Qui ne peut pas utiliser la capsule Konjac ?<\/strong><\/p>\n<ul>\n<li>Femmes enceintes et allaitantes<\/li>\n<li>Personnes souffrant de probl\u00e8mes cardiaques, r\u00e9naux, de tension art\u00e9rielle ou d\u2019hypoglyc\u00e9mie<\/li>\n<li>Personnes sensibles ou allergiques aux plantes contenues dans le produit<\/li>\n<\/ul>\n<p>Si vous avez un probl\u00e8me de sant\u00e9 ou prenez r\u00e9guli\u00e8rement des m\u00e9dicaments, il est recommand\u00e9 de consulter un sp\u00e9cialiste avant utilisation.<\/p>\n<\/div>","protected":false},"excerpt":{"rendered":"<p>La capsule de konjac est un m\u00e9lange de th\u00e9 vert, d&#039;\u00e9corce de poudre \u00e0 canon, de gingembre, de cardamome, d&#039;amidon m\u00e9dicinal et d&#039;adragante.<\/p>","protected":false},"featured_media":1713,"comment_status":"closed","ping_status":"closed","template":"","meta":[],"product_brand":[],"product_cat":[17],"product_tag":[],"class_list":{"0":"post-1671","1":"product","2":"type-product","3":"status-publish","4":"has-post-thumbnail","6":"product_cat-genel","8":"first","9":"instock","10":"sale","11":"taxable","12":"shipping-taxable","13":"purchasable","14":"product-type-simple"},"yoast_head":"<!-- This site is optimized with the Yoast SEO plugin v26.2 - https:\/\/yoast.com\/wordpress\/plugins\/seo\/ -->\n<title>Konjac Kaps\u00fcl - Ni\u015fanta\u015f\u0131 Kozmetik<\/title>\n<meta name=\"description\" content=\"\u0130nce ya\u011flar\u0131 yakman\u0131za yard\u0131mc\u0131 olur. Kilo vermede diren\u00e7 g\u00f6steren b\u00fcnyelerin kilo verimini h\u0131zland\u0131rmaya yard\u0131mc\u0131 olacakt\u0131r.\" \/>\n<meta name=\"robots\" content=\"index, follow, max-snippet:-1, max-image-preview:large, max-video-preview:-1\" \/>\n<link rel=\"canonical\" href=\"http:\/\/nisantasikozmetik.com\/fr\/produit\/capsule-de-konjac-2\/?wmc-currency=EUR\" \/>\n<meta property=\"og:locale\" content=\"fr_FR\" \/>\n<meta property=\"og:type\" content=\"article\" \/>\n<meta property=\"og:title\" content=\"Konjac Kaps\u00fcl - Ni\u015fanta\u015f\u0131 Kozmetik\" \/>\n<meta property=\"og:description\" content=\"\u0130nce ya\u011flar\u0131 yakman\u0131za yard\u0131mc\u0131 olur. Kilo vermede diren\u00e7 g\u00f6steren b\u00fcnyelerin kilo verimini h\u0131zland\u0131rmaya yard\u0131mc\u0131 olacakt\u0131r.\" \/>\n<meta property=\"og:url\" content=\"http:\/\/nisantasikozmetik.com\/fr\/produit\/capsule-de-konjac-2\/?wmc-currency=EUR\" \/>\n<meta property=\"og:site_name\" content=\"Ni\u015fanta\u015f\u0131 Kozmetik\" \/>\n<meta property=\"article:modified_time\" content=\"2026-03-25T12:26:19+00:00\" \/>\n<meta property=\"og:image\" content=\"https:\/\/nisantasikozmetik.com\/wp-content\/uploads\/2024\/06\/Konjac-Capsule55-1-1.png\" \/>\n\t<meta property=\"og:image:width\" content=\"1000\" \/>\n\t<meta property=\"og:image:height\" content=\"1000\" \/>\n\t<meta property=\"og:image:type\" content=\"image\/png\" \/>\n<meta name=\"twitter:card\" content=\"summary_large_image\" \/>\n<meta name=\"twitter:label1\" content=\"Dur\u00e9e de lecture estim\u00e9e\" \/>\n\t<meta name=\"twitter:data1\" content=\"1 minute\" \/>\n<script type=\"application\/ld+json\" class=\"yoast-schema-graph\">{\"@context\":\"https:\/\/schema.org\",\"@graph\":[{\"@type\":\"WebPage\",\"@id\":\"https:\/\/nisantasikozmetik.com\/tr\/urun\/konjac-kapsul\/\",\"url\":\"https:\/\/nisantasikozmetik.com\/tr\/urun\/konjac-kapsul\/\",\"name\":\"Konjac Kaps\u00fcl - Ni\u015fanta\u015f\u0131 Kozmetik\",\"isPartOf\":{\"@id\":\"https:\/\/nisantasikozmetik.com\/fr\/#website\"},\"primaryImageOfPage\":{\"@id\":\"https:\/\/nisantasikozmetik.com\/tr\/urun\/konjac-kapsul\/#primaryimage\"},\"image\":{\"@id\":\"https:\/\/nisantasikozmetik.com\/tr\/urun\/konjac-kapsul\/#primaryimage\"},\"thumbnailUrl\":\"http:\/\/nisantasikozmetik.com\/wp-content\/uploads\/2024\/06\/Konjac-Capsule55-1-1.png\",\"datePublished\":\"2024-06-14T07:44:38+00:00\",\"dateModified\":\"2026-03-25T12:26:19+00:00\",\"description\":\"\u0130nce ya\u011flar\u0131 yakman\u0131za yard\u0131mc\u0131 olur. Kilo vermede diren\u00e7 g\u00f6steren b\u00fcnyelerin kilo verimini h\u0131zland\u0131rmaya yard\u0131mc\u0131 olacakt\u0131r.\",\"breadcrumb\":{\"@id\":\"https:\/\/nisantasikozmetik.com\/tr\/urun\/konjac-kapsul\/#breadcrumb\"},\"inLanguage\":\"fr-FR\",\"potentialAction\":[{\"@type\":\"ReadAction\",\"target\":[\"https:\/\/nisantasikozmetik.com\/tr\/urun\/konjac-kapsul\/\"]}]},{\"@type\":\"ImageObject\",\"inLanguage\":\"fr-FR\",\"@id\":\"https:\/\/nisantasikozmetik.com\/tr\/urun\/konjac-kapsul\/#primaryimage\",\"url\":\"http:\/\/nisantasikozmetik.com\/wp-content\/uploads\/2024\/06\/Konjac-Capsule55-1-1.png\",\"contentUrl\":\"http:\/\/nisantasikozmetik.com\/wp-content\/uploads\/2024\/06\/Konjac-Capsule55-1-1.png\",\"width\":1000,\"height\":1000},{\"@type\":\"BreadcrumbList\",\"@id\":\"https:\/\/nisantasikozmetik.com\/tr\/urun\/konjac-kapsul\/#breadcrumb\",\"itemListElement\":[{\"@type\":\"ListItem\",\"position\":1,\"name\":\"Anasayfa\",\"item\":\"https:\/\/nisantasikozmetik.com\/fr\/\"},{\"@type\":\"ListItem\",\"position\":2,\"name\":\"\u00dcr\u00fcnler\",\"item\":\"https:\/\/nisantasikozmetik.com\/tr\/shop\/\"},{\"@type\":\"ListItem\",\"position\":3,\"name\":\"Konjac Kaps\u00fcl\"}]},{\"@type\":\"WebSite\",\"@id\":\"https:\/\/nisantasikozmetik.com\/fr\/#website\",\"url\":\"https:\/\/nisantasikozmetik.com\/fr\/\",\"name\":\"Ni\u015fanta\u015f\u0131 Kozmetik\",\"description\":\"\",\"publisher\":{\"@id\":\"https:\/\/nisantasikozmetik.com\/fr\/#organization\"},\"potentialAction\":[{\"@type\":\"SearchAction\",\"target\":{\"@type\":\"EntryPoint\",\"urlTemplate\":\"https:\/\/nisantasikozmetik.com\/fr\/?s={search_term_string}\"},\"query-input\":{\"@type\":\"PropertyValueSpecification\",\"valueRequired\":true,\"valueName\":\"search_term_string\"}}],\"inLanguage\":\"fr-FR\"},{\"@type\":\"Organization\",\"@id\":\"https:\/\/nisantasikozmetik.com\/fr\/#organization\",\"name\":\"Ni\u015fanta\u015f\u0131 Kozmetik\",\"url\":\"https:\/\/nisantasikozmetik.com\/fr\/\",\"logo\":{\"@type\":\"ImageObject\",\"inLanguage\":\"fr-FR\",\"@id\":\"https:\/\/nisantasikozmetik.com\/fr\/#\/schema\/logo\/image\/\",\"url\":\"http:\/\/nisantasikozmetik.com\/wp-content\/uploads\/2024\/06\/Nisantasi-Cosmetic-Logo.png\",\"contentUrl\":\"http:\/\/nisantasikozmetik.com\/wp-content\/uploads\/2024\/06\/Nisantasi-Cosmetic-Logo.png\",\"width\":1080,\"height\":216,\"caption\":\"Ni\u015fanta\u015f\u0131 Kozmetik\"},\"image\":{\"@id\":\"https:\/\/nisantasikozmetik.com\/fr\/#\/schema\/logo\/image\/\"}}]}<\/script>\n<!-- \/ Yoast SEO plugin. -->","yoast_head_json":{"title":"Konjac Kaps\u00fcl - Ni\u015fanta\u015f\u0131 Kozmetik","description":"\u0130nce ya\u011flar\u0131 yakman\u0131za yard\u0131mc\u0131 olur. Kilo vermede diren\u00e7 g\u00f6steren b\u00fcnyelerin kilo verimini h\u0131zland\u0131rmaya yard\u0131mc\u0131 olacakt\u0131r.","robots":{"index":"index","follow":"follow","max-snippet":"max-snippet:-1","max-image-preview":"max-image-preview:large","max-video-preview":"max-video-preview:-1"},"canonical":"http:\/\/nisantasikozmetik.com\/fr\/produit\/capsule-de-konjac-2\/?wmc-currency=EUR","og_locale":"fr_FR","og_type":"article","og_title":"Konjac Kaps\u00fcl - Ni\u015fanta\u015f\u0131 Kozmetik","og_description":"\u0130nce ya\u011flar\u0131 yakman\u0131za yard\u0131mc\u0131 olur. Kilo vermede diren\u00e7 g\u00f6steren b\u00fcnyelerin kilo verimini h\u0131zland\u0131rmaya yard\u0131mc\u0131 olacakt\u0131r.","og_url":"http:\/\/nisantasikozmetik.com\/fr\/produit\/capsule-de-konjac-2\/?wmc-currency=EUR","og_site_name":"Ni\u015fanta\u015f\u0131 Kozmetik","article_modified_time":"2026-03-25T12:26:19+00:00","og_image":[{"width":1000,"height":1000,"url":"https:\/\/nisantasikozmetik.com\/wp-content\/uploads\/2024\/06\/Konjac-Capsule55-1-1.png","type":"image\/png"}],"twitter_card":"summary_large_image","twitter_misc":{"Dur\u00e9e de lecture estim\u00e9e":"1 minute"},"schema":{"@context":"https:\/\/schema.org","@graph":[{"@type":"WebPage","@id":"https:\/\/nisantasikozmetik.com\/tr\/urun\/konjac-kapsul\/","url":"https:\/\/nisantasikozmetik.com\/tr\/urun\/konjac-kapsul\/","name":"Konjac Kaps\u00fcl - Ni\u015fanta\u015f\u0131 Kozmetik","isPartOf":{"@id":"https:\/\/nisantasikozmetik.com\/fr\/#website"},"primaryImageOfPage":{"@id":"https:\/\/nisantasikozmetik.com\/tr\/urun\/konjac-kapsul\/#primaryimage"},"image":{"@id":"https:\/\/nisantasikozmetik.com\/tr\/urun\/konjac-kapsul\/#primaryimage"},"thumbnailUrl":"http:\/\/nisantasikozmetik.com\/wp-content\/uploads\/2024\/06\/Konjac-Capsule55-1-1.png","datePublished":"2024-06-14T07:44:38+00:00","dateModified":"2026-03-25T12:26:19+00:00","description":"\u0130nce ya\u011flar\u0131 yakman\u0131za yard\u0131mc\u0131 olur. Kilo vermede diren\u00e7 g\u00f6steren b\u00fcnyelerin kilo verimini h\u0131zland\u0131rmaya yard\u0131mc\u0131 olacakt\u0131r.","breadcrumb":{"@id":"https:\/\/nisantasikozmetik.com\/tr\/urun\/konjac-kapsul\/#breadcrumb"},"inLanguage":"fr-FR","potentialAction":[{"@type":"ReadAction","target":["https:\/\/nisantasikozmetik.com\/tr\/urun\/konjac-kapsul\/"]}]},{"@type":"ImageObject","inLanguage":"fr-FR","@id":"https:\/\/nisantasikozmetik.com\/tr\/urun\/konjac-kapsul\/#primaryimage","url":"http:\/\/nisantasikozmetik.com\/wp-content\/uploads\/2024\/06\/Konjac-Capsule55-1-1.png","contentUrl":"http:\/\/nisantasikozmetik.com\/wp-content\/uploads\/2024\/06\/Konjac-Capsule55-1-1.png","width":1000,"height":1000},{"@type":"BreadcrumbList","@id":"https:\/\/nisantasikozmetik.com\/tr\/urun\/konjac-kapsul\/#breadcrumb","itemListElement":[{"@type":"ListItem","position":1,"name":"Anasayfa","item":"https:\/\/nisantasikozmetik.com\/fr\/"},{"@type":"ListItem","position":2,"name":"\u00dcr\u00fcnler","item":"https:\/\/nisantasikozmetik.com\/tr\/shop\/"},{"@type":"ListItem","position":3,"name":"Konjac Kaps\u00fcl"}]},{"@type":"WebSite","@id":"https:\/\/nisantasikozmetik.com\/fr\/#website","url":"https:\/\/nisantasikozmetik.com\/fr\/","name":"Ni\u015fanta\u015f\u0131 Kozmetik","description":"","publisher":{"@id":"https:\/\/nisantasikozmetik.com\/fr\/#organization"},"potentialAction":[{"@type":"SearchAction","target":{"@type":"EntryPoint","urlTemplate":"https:\/\/nisantasikozmetik.com\/fr\/?s={search_term_string}"},"query-input":{"@type":"PropertyValueSpecification","valueRequired":true,"valueName":"search_term_string"}}],"inLanguage":"fr-FR"},{"@type":"Organization","@id":"https:\/\/nisantasikozmetik.com\/fr\/#organization","name":"Ni\u015fanta\u015f\u0131 Kozmetik","url":"https:\/\/nisantasikozmetik.com\/fr\/","logo":{"@type":"ImageObject","inLanguage":"fr-FR","@id":"https:\/\/nisantasikozmetik.com\/fr\/#\/schema\/logo\/image\/","url":"http:\/\/nisantasikozmetik.com\/wp-content\/uploads\/2024\/06\/Nisantasi-Cosmetic-Logo.png","contentUrl":"http:\/\/nisantasikozmetik.com\/wp-content\/uploads\/2024\/06\/Nisantasi-Cosmetic-Logo.png","width":1080,"height":216,"caption":"Ni\u015fanta\u015f\u0131 Kozmetik"},"image":{"@id":"https:\/\/nisantasikozmetik.com\/fr\/#\/schema\/logo\/image\/"}}]}},"_links":{"self":[{"href":"http:\/\/nisantasikozmetik.com\/fr\/wp-json\/wp\/v2\/product\/1671","targetHints":{"allow":["GET"]}}],"collection":[{"href":"http:\/\/nisantasikozmetik.com\/fr\/wp-json\/wp\/v2\/product"}],"about":[{"href":"http:\/\/nisantasikozmetik.com\/fr\/wp-json\/wp\/v2\/types\/product"}],"replies":[{"embeddable":true,"href":"http:\/\/nisantasikozmetik.com\/fr\/wp-json\/wp\/v2\/comments?post=1671"}],"wp:featuredmedia":[{"embeddable":true,"href":"http:\/\/nisantasikozmetik.com\/fr\/wp-json\/wp\/v2\/media\/1713"}],"wp:attachment":[{"href":"http:\/\/nisantasikozmetik.com\/fr\/wp-json\/wp\/v2\/media?parent=1671"}],"wp:term":[{"taxonomy":"product_brand","embeddable":true,"href":"http:\/\/nisantasikozmetik.com\/fr\/wp-json\/wp\/v2\/product_brand?post=1671"},{"taxonomy":"product_cat","embeddable":true,"href":"http:\/\/nisantasikozmetik.com\/fr\/wp-json\/wp\/v2\/product_cat?post=1671"},{"taxonomy":"product_tag","embeddable":true,"href":"http:\/\/nisantasikozmetik.com\/fr\/wp-json\/wp\/v2\/product_tag?post=1671"}],"curies":[{"name":"wp","href":"https:\/\/api.w.org\/{rel}","templated":true}]}}