{"id":1724,"date":"2024-06-21T14:18:47","date_gmt":"2024-06-21T11:18:47","guid":{"rendered":"https:\/\/nisantasikozmetik.com\/?post_type=product&#038;p=1724"},"modified":"2026-03-26T09:33:23","modified_gmt":"2026-03-26T06:33:23","slug":"konjac-coffee","status":"publish","type":"product","link":"http:\/\/nisantasikozmetik.com\/de\/produkt\/konjak-kaffee\/","title":{"rendered":"Konjak-Kaffee"},"content":{"rendered":"<p><strong>Vorbereitung von<\/strong><\/p>\n<ol>\n<li>Leeren Sie den gesamten Konjac-Kaffeebeutel in eine Tasse.<\/li>\n<li>Gekochtes Wasser (200 ml) hinzuf\u00fcgen.<\/li>\n<li>1 Minute warten, dann mixen und genussvoll verzehren.<\/li>\n<\/ol>\n<p><strong>N\u00e4hrwerte (pro 100 ml \u2013 1 Portion)<\/strong><\/p>\n<ul>\n<li><strong>Energie (kJ\/kcal):<\/strong> 160\/38<\/li>\n<li><strong>\u00d6l:<\/strong> 0\u20130,9 g\n<ul>\n<li><strong>Ges\u00e4ttigte Fetts\u00e4uren:<\/strong> 0\u20130,1 g<\/li>\n<\/ul>\n<\/li>\n<li><strong>Kohlenhydrat:<\/strong> 7,0\u20135,3 g\n<ul>\n<li><strong>Zucker:<\/strong> 0,3g<\/li>\n<\/ul>\n<\/li>\n<li><strong>Faser:<\/strong> 0,3g<\/li>\n<li><strong>Eiwei\u00df:<\/strong> 0,05g<\/li>\n<li><strong>Salz:<\/strong> 0 g<\/li>\n<\/ul>\n<p><strong>Prozents\u00e4tze des Tageswerts (basierend auf 2000 kcal\/Tag)<\/strong><\/p>\n<ul>\n<li><strong>Energie:<\/strong> %4<\/li>\n<li><strong>Zucker:<\/strong> %2<\/li>\n<li><strong>Gesamtfett:<\/strong> %3<\/li>\n<li><strong>Ges\u00e4ttigte Fetts\u00e4uren:<\/strong> %3<\/li>\n<li><strong>Salz:<\/strong> %2<\/li>\n<\/ul>\n<p><strong>H\u00f6hepunkte<\/strong><\/p>\n<ul>\n<li><strong>Kollagenunterst\u00fctzung:<\/strong> Es bewahrt die Elastizit\u00e4t und Vitalit\u00e4t der Haut.<\/li>\n<li><strong>Praktischer und einfacher Verzehr:<\/strong> Es ist eine praktische Getr\u00e4nkealternative, die Sie leicht in Ihre t\u00e4gliche Routine integrieren k\u00f6nnen.<\/li>\n<li><strong>Niedrige Kalorien:<\/strong> Aufgrund seines geringen Kaloriengehalts ist es f\u00fcr Ihre Ern\u00e4hrung geeignet.<\/li>\n<li><strong>Faser Inhalt:<\/strong> Es sorgt f\u00fcr ein S\u00e4ttigungsgef\u00fchl und unterst\u00fctzt die Verdauung.<\/li>\n<\/ul>\n<p><strong>Verzehrhinweise<\/strong><\/p>\n<p>Konjac Coffee ist ein ideales Getr\u00e4nk f\u00fcr alle, die morgens voller Energie in den Tag starten und den ganzen Tag \u00fcber in Form bleiben m\u00f6chten. Es kann zu jeder Tageszeit eingenommen werden, es wird jedoch empfohlen, es vor dem Fr\u00fchst\u00fcck einzunehmen, um den gr\u00f6\u00dftm\u00f6glichen Nutzen zu erzielen.<\/p>","protected":false},"excerpt":{"rendered":"<p>Konjac Coffee bietet ein besonderes Getr\u00e4nkeerlebnis aus sorgf\u00e4ltig ausgew\u00e4hlten Kaffeebohnen und der Harmonie pflanzlicher Inhaltsstoffe. Sein sanfter Geschmack und das aromatische Aroma begleiten einen angenehmen Start in Ihre Morgenroutine.<\/p>\n<p>Mit seiner Kollagenunterst\u00fctzung und pflanzlichen Bestandteilen verleiht es Ihrer t\u00e4glichen Kaffeegewohnheit eine besondere und reichhaltige Note. Dieser besondere Kaffee, der zu jeder Tageszeit genossen werden kann, ist eine praktische und schmackhafte Alternative, die sich dem modernen Lebensrhythmus anpasst.<\/p>","protected":false},"featured_media":1727,"comment_status":"closed","ping_status":"closed","template":"","meta":[],"product_brand":[],"product_cat":[17],"product_tag":[],"class_list":{"0":"post-1724","1":"product","2":"type-product","3":"status-publish","4":"has-post-thumbnail","6":"product_cat-genel","8":"first","9":"instock","10":"sale","11":"taxable","12":"shipping-taxable","13":"purchasable","14":"product-type-simple"},"yoast_head":"<!-- This site is optimized with the Yoast SEO plugin v26.2 - https:\/\/yoast.com\/wordpress\/plugins\/seo\/ -->\n<title>Konjac Coffee - Ni\u015fanta\u015f\u0131 Kozmetik<\/title>\n<meta name=\"robots\" content=\"index, follow, max-snippet:-1, max-image-preview:large, max-video-preview:-1\" \/>\n<link rel=\"canonical\" href=\"http:\/\/nisantasikozmetik.com\/de\/produkt\/konjak-kaffee\/?wmc-currency=EUR\" \/>\n<meta property=\"og:locale\" content=\"de_DE\" \/>\n<meta property=\"og:type\" content=\"article\" \/>\n<meta property=\"og:title\" content=\"Konjac Coffee - Ni\u015fanta\u015f\u0131 Kozmetik\" \/>\n<meta property=\"og:description\" content=\"Konjac Coffee, \u00f6zenle se\u00e7ilen kahve \u00e7ekirdekleri ve bitkisel i\u00e7eriklerin uyumuyla haz\u0131rlanan \u00f6zel bir i\u00e7ecek deneyimi sunar. Yumu\u015fak i\u00e7imi ve aromatik lezzetiyle sabah rutininize keyifli bir ba\u015flang\u0131\u00e7 yapman\u0131za e\u015flik eder.  \u0130\u00e7eri\u011finde yer alan kolajen deste\u011fi ve bitkisel bile\u015fenlerle g\u00fcnl\u00fck kahve al\u0131\u015fkanl\u0131\u011f\u0131n\u0131za farkl\u0131 ve zengin bir dokunu\u015f katar. G\u00fcn\u00fcn her an\u0131nda keyifle t\u00fcketebilece\u011finiz bu \u00f6zel kahve, modern ya\u015fam temposuna uyum sa\u011flayan pratik ve lezzetli bir alternatiftir.\" \/>\n<meta property=\"og:url\" content=\"http:\/\/nisantasikozmetik.com\/de\/produkt\/konjak-kaffee\/?wmc-currency=EUR\" \/>\n<meta property=\"og:site_name\" content=\"Ni\u015fanta\u015f\u0131 Kozmetik\" \/>\n<meta property=\"article:modified_time\" content=\"2026-03-26T06:33:23+00:00\" \/>\n<meta property=\"og:image\" content=\"https:\/\/nisantasikozmetik.com\/wp-content\/uploads\/2024\/06\/Coffee3-1.png\" \/>\n\t<meta property=\"og:image:width\" content=\"1000\" \/>\n\t<meta property=\"og:image:height\" content=\"1000\" \/>\n\t<meta property=\"og:image:type\" content=\"image\/png\" \/>\n<meta name=\"twitter:card\" content=\"summary_large_image\" \/>\n<meta name=\"twitter:label1\" content=\"Gesch\u00e4tzte Lesezeit\" \/>\n\t<meta name=\"twitter:data1\" content=\"2\u00a0Minuten\" \/>\n<script type=\"application\/ld+json\" class=\"yoast-schema-graph\">{\"@context\":\"https:\/\/schema.org\",\"@graph\":[{\"@type\":\"WebPage\",\"@id\":\"https:\/\/nisantasikozmetik.com\/tr\/urun\/konjac-coffee\/\",\"url\":\"https:\/\/nisantasikozmetik.com\/tr\/urun\/konjac-coffee\/\",\"name\":\"Konjac Coffee - Ni\u015fanta\u015f\u0131 Kozmetik\",\"isPartOf\":{\"@id\":\"https:\/\/nisantasikozmetik.com\/fr\/#website\"},\"primaryImageOfPage\":{\"@id\":\"https:\/\/nisantasikozmetik.com\/tr\/urun\/konjac-coffee\/#primaryimage\"},\"image\":{\"@id\":\"https:\/\/nisantasikozmetik.com\/tr\/urun\/konjac-coffee\/#primaryimage\"},\"thumbnailUrl\":\"http:\/\/nisantasikozmetik.com\/wp-content\/uploads\/2024\/06\/Coffee3-1.png\",\"datePublished\":\"2024-06-21T11:18:47+00:00\",\"dateModified\":\"2026-03-26T06:33:23+00:00\",\"breadcrumb\":{\"@id\":\"https:\/\/nisantasikozmetik.com\/tr\/urun\/konjac-coffee\/#breadcrumb\"},\"inLanguage\":\"de\",\"potentialAction\":[{\"@type\":\"ReadAction\",\"target\":[\"https:\/\/nisantasikozmetik.com\/tr\/urun\/konjac-coffee\/\"]}]},{\"@type\":\"ImageObject\",\"inLanguage\":\"de\",\"@id\":\"https:\/\/nisantasikozmetik.com\/tr\/urun\/konjac-coffee\/#primaryimage\",\"url\":\"http:\/\/nisantasikozmetik.com\/wp-content\/uploads\/2024\/06\/Coffee3-1.png\",\"contentUrl\":\"http:\/\/nisantasikozmetik.com\/wp-content\/uploads\/2024\/06\/Coffee3-1.png\",\"width\":1000,\"height\":1000},{\"@type\":\"BreadcrumbList\",\"@id\":\"https:\/\/nisantasikozmetik.com\/tr\/urun\/konjac-coffee\/#breadcrumb\",\"itemListElement\":[{\"@type\":\"ListItem\",\"position\":1,\"name\":\"Anasayfa\",\"item\":\"https:\/\/nisantasikozmetik.com\/fr\/\"},{\"@type\":\"ListItem\",\"position\":2,\"name\":\"\u00dcr\u00fcnler\",\"item\":\"https:\/\/nisantasikozmetik.com\/tr\/shop\/\"},{\"@type\":\"ListItem\",\"position\":3,\"name\":\"Konjac Coffee\"}]},{\"@type\":\"WebSite\",\"@id\":\"https:\/\/nisantasikozmetik.com\/fr\/#website\",\"url\":\"https:\/\/nisantasikozmetik.com\/fr\/\",\"name\":\"Ni\u015fanta\u015f\u0131 Kozmetik\",\"description\":\"\",\"publisher\":{\"@id\":\"https:\/\/nisantasikozmetik.com\/fr\/#organization\"},\"potentialAction\":[{\"@type\":\"SearchAction\",\"target\":{\"@type\":\"EntryPoint\",\"urlTemplate\":\"https:\/\/nisantasikozmetik.com\/fr\/?s={search_term_string}\"},\"query-input\":{\"@type\":\"PropertyValueSpecification\",\"valueRequired\":true,\"valueName\":\"search_term_string\"}}],\"inLanguage\":\"de\"},{\"@type\":\"Organization\",\"@id\":\"https:\/\/nisantasikozmetik.com\/fr\/#organization\",\"name\":\"Ni\u015fanta\u015f\u0131 Kozmetik\",\"url\":\"https:\/\/nisantasikozmetik.com\/fr\/\",\"logo\":{\"@type\":\"ImageObject\",\"inLanguage\":\"de\",\"@id\":\"https:\/\/nisantasikozmetik.com\/fr\/#\/schema\/logo\/image\/\",\"url\":\"http:\/\/nisantasikozmetik.com\/wp-content\/uploads\/2024\/06\/Nisantasi-Cosmetic-Logo.png\",\"contentUrl\":\"http:\/\/nisantasikozmetik.com\/wp-content\/uploads\/2024\/06\/Nisantasi-Cosmetic-Logo.png\",\"width\":1080,\"height\":216,\"caption\":\"Ni\u015fanta\u015f\u0131 Kozmetik\"},\"image\":{\"@id\":\"https:\/\/nisantasikozmetik.com\/fr\/#\/schema\/logo\/image\/\"}}]}<\/script>\n<!-- \/ Yoast SEO plugin. -->","yoast_head_json":{"title":"Konjac Coffee - Ni\u015fanta\u015f\u0131 Kozmetik","robots":{"index":"index","follow":"follow","max-snippet":"max-snippet:-1","max-image-preview":"max-image-preview:large","max-video-preview":"max-video-preview:-1"},"canonical":"http:\/\/nisantasikozmetik.com\/de\/produkt\/konjak-kaffee\/?wmc-currency=EUR","og_locale":"de_DE","og_type":"article","og_title":"Konjac Coffee - Ni\u015fanta\u015f\u0131 Kozmetik","og_description":"Konjac Coffee, \u00f6zenle se\u00e7ilen kahve \u00e7ekirdekleri ve bitkisel i\u00e7eriklerin uyumuyla haz\u0131rlanan \u00f6zel bir i\u00e7ecek deneyimi sunar. Yumu\u015fak i\u00e7imi ve aromatik lezzetiyle sabah rutininize keyifli bir ba\u015flang\u0131\u00e7 yapman\u0131za e\u015flik eder.  \u0130\u00e7eri\u011finde yer alan kolajen deste\u011fi ve bitkisel bile\u015fenlerle g\u00fcnl\u00fck kahve al\u0131\u015fkanl\u0131\u011f\u0131n\u0131za farkl\u0131 ve zengin bir dokunu\u015f katar. G\u00fcn\u00fcn her an\u0131nda keyifle t\u00fcketebilece\u011finiz bu \u00f6zel kahve, modern ya\u015fam temposuna uyum sa\u011flayan pratik ve lezzetli bir alternatiftir.","og_url":"http:\/\/nisantasikozmetik.com\/de\/produkt\/konjak-kaffee\/?wmc-currency=EUR","og_site_name":"Ni\u015fanta\u015f\u0131 Kozmetik","article_modified_time":"2026-03-26T06:33:23+00:00","og_image":[{"width":1000,"height":1000,"url":"https:\/\/nisantasikozmetik.com\/wp-content\/uploads\/2024\/06\/Coffee3-1.png","type":"image\/png"}],"twitter_card":"summary_large_image","twitter_misc":{"Gesch\u00e4tzte Lesezeit":"2\u00a0Minuten"},"schema":{"@context":"https:\/\/schema.org","@graph":[{"@type":"WebPage","@id":"https:\/\/nisantasikozmetik.com\/tr\/urun\/konjac-coffee\/","url":"https:\/\/nisantasikozmetik.com\/tr\/urun\/konjac-coffee\/","name":"Konjac Coffee - Ni\u015fanta\u015f\u0131 Kozmetik","isPartOf":{"@id":"https:\/\/nisantasikozmetik.com\/fr\/#website"},"primaryImageOfPage":{"@id":"https:\/\/nisantasikozmetik.com\/tr\/urun\/konjac-coffee\/#primaryimage"},"image":{"@id":"https:\/\/nisantasikozmetik.com\/tr\/urun\/konjac-coffee\/#primaryimage"},"thumbnailUrl":"http:\/\/nisantasikozmetik.com\/wp-content\/uploads\/2024\/06\/Coffee3-1.png","datePublished":"2024-06-21T11:18:47+00:00","dateModified":"2026-03-26T06:33:23+00:00","breadcrumb":{"@id":"https:\/\/nisantasikozmetik.com\/tr\/urun\/konjac-coffee\/#breadcrumb"},"inLanguage":"de","potentialAction":[{"@type":"ReadAction","target":["https:\/\/nisantasikozmetik.com\/tr\/urun\/konjac-coffee\/"]}]},{"@type":"ImageObject","inLanguage":"de","@id":"https:\/\/nisantasikozmetik.com\/tr\/urun\/konjac-coffee\/#primaryimage","url":"http:\/\/nisantasikozmetik.com\/wp-content\/uploads\/2024\/06\/Coffee3-1.png","contentUrl":"http:\/\/nisantasikozmetik.com\/wp-content\/uploads\/2024\/06\/Coffee3-1.png","width":1000,"height":1000},{"@type":"BreadcrumbList","@id":"https:\/\/nisantasikozmetik.com\/tr\/urun\/konjac-coffee\/#breadcrumb","itemListElement":[{"@type":"ListItem","position":1,"name":"Anasayfa","item":"https:\/\/nisantasikozmetik.com\/fr\/"},{"@type":"ListItem","position":2,"name":"\u00dcr\u00fcnler","item":"https:\/\/nisantasikozmetik.com\/tr\/shop\/"},{"@type":"ListItem","position":3,"name":"Konjac Coffee"}]},{"@type":"WebSite","@id":"https:\/\/nisantasikozmetik.com\/fr\/#website","url":"https:\/\/nisantasikozmetik.com\/fr\/","name":"Ni\u015fanta\u015f\u0131 Kozmetik","description":"","publisher":{"@id":"https:\/\/nisantasikozmetik.com\/fr\/#organization"},"potentialAction":[{"@type":"SearchAction","target":{"@type":"EntryPoint","urlTemplate":"https:\/\/nisantasikozmetik.com\/fr\/?s={search_term_string}"},"query-input":{"@type":"PropertyValueSpecification","valueRequired":true,"valueName":"search_term_string"}}],"inLanguage":"de"},{"@type":"Organization","@id":"https:\/\/nisantasikozmetik.com\/fr\/#organization","name":"Ni\u015fanta\u015f\u0131 Kozmetik","url":"https:\/\/nisantasikozmetik.com\/fr\/","logo":{"@type":"ImageObject","inLanguage":"de","@id":"https:\/\/nisantasikozmetik.com\/fr\/#\/schema\/logo\/image\/","url":"http:\/\/nisantasikozmetik.com\/wp-content\/uploads\/2024\/06\/Nisantasi-Cosmetic-Logo.png","contentUrl":"http:\/\/nisantasikozmetik.com\/wp-content\/uploads\/2024\/06\/Nisantasi-Cosmetic-Logo.png","width":1080,"height":216,"caption":"Ni\u015fanta\u015f\u0131 Kozmetik"},"image":{"@id":"https:\/\/nisantasikozmetik.com\/fr\/#\/schema\/logo\/image\/"}}]}},"_links":{"self":[{"href":"http:\/\/nisantasikozmetik.com\/de\/wp-json\/wp\/v2\/product\/1724","targetHints":{"allow":["GET"]}}],"collection":[{"href":"http:\/\/nisantasikozmetik.com\/de\/wp-json\/wp\/v2\/product"}],"about":[{"href":"http:\/\/nisantasikozmetik.com\/de\/wp-json\/wp\/v2\/types\/product"}],"replies":[{"embeddable":true,"href":"http:\/\/nisantasikozmetik.com\/de\/wp-json\/wp\/v2\/comments?post=1724"}],"wp:featuredmedia":[{"embeddable":true,"href":"http:\/\/nisantasikozmetik.com\/de\/wp-json\/wp\/v2\/media\/1727"}],"wp:attachment":[{"href":"http:\/\/nisantasikozmetik.com\/de\/wp-json\/wp\/v2\/media?parent=1724"}],"wp:term":[{"taxonomy":"product_brand","embeddable":true,"href":"http:\/\/nisantasikozmetik.com\/de\/wp-json\/wp\/v2\/product_brand?post=1724"},{"taxonomy":"product_cat","embeddable":true,"href":"http:\/\/nisantasikozmetik.com\/de\/wp-json\/wp\/v2\/product_cat?post=1724"},{"taxonomy":"product_tag","embeddable":true,"href":"http:\/\/nisantasikozmetik.com\/de\/wp-json\/wp\/v2\/product_tag?post=1724"}],"curies":[{"name":"wp","href":"https:\/\/api.w.org\/{rel}","templated":true}]}}