{"id":1724,"date":"2024-06-21T14:18:47","date_gmt":"2024-06-21T11:18:47","guid":{"rendered":"https:\/\/nisantasikozmetik.com\/?post_type=product&#038;p=1724"},"modified":"2026-03-26T09:33:23","modified_gmt":"2026-03-26T06:33:23","slug":"konjac-coffee","status":"publish","type":"product","link":"http:\/\/nisantasikozmetik.com\/ar\/product\/\u0642\u0647\u0648\u0629-\u0643\u0648\u0646\u062c\u0627\u0643\/","title":{"rendered":"\u0642\u0647\u0648\u0629 \u0643\u0648\u0646\u062c\u0627\u0643"},"content":{"rendered":"<p><strong>\u0627\u0644\u062a\u062d\u0636\u064a\u0631 \u0644<\/strong><\/p>\n<ol>\n<li>\u0623\u0641\u0631\u063a \u0643\u064a\u0633 \u0642\u0647\u0648\u0629 \u0643\u0648\u0646\u062c\u0627\u0643 \u0628\u0627\u0644\u0643\u0627\u0645\u0644 \u0641\u064a \u0641\u0646\u062c\u0627\u0646.<\/li>\n<li>\u0623\u0636\u0641 \u0627\u0644\u0645\u0627\u0621 \u0627\u0644\u0645\u063a\u0644\u064a (200 \u0645\u0644).<\/li>\n<li>\u0627\u0646\u062a\u0638\u0631 \u062f\u0642\u064a\u0642\u0629 \u0648\u0627\u062d\u062f\u0629\u060c \u062b\u0645 \u0642\u0645 \u0628\u0627\u0644\u062e\u0644\u0637 \u0648\u062a\u0646\u0627\u0648\u0644\u0647 \u0628\u0643\u0644 \u0633\u0631\u0648\u0631.<\/li>\n<\/ol>\n<p><strong>\u0627\u0644\u0642\u064a\u0645 \u0627\u0644\u063a\u0630\u0627\u0626\u064a\u0629 (\u0644\u0643\u0644 100 \u0645\u0644 \u2013 \u062d\u0635\u0629 \u0648\u0627\u062d\u062f\u0629)<\/strong><\/p>\n<ul>\n<li><strong>\u0627\u0644\u0637\u0627\u0642\u0629 (\u0643\u064a\u0644\u0648\u062c\u0648\u0644 \/ \u0633\u0639\u0631 \u062d\u0631\u0627\u0631\u064a):<\/strong> 160\/38<\/li>\n<li><strong>\u0632\u064a\u062a:<\/strong> 0-0.9 \u062c\u0631\u0627\u0645\n<ul>\n<li><strong>\u0627\u0644\u062f\u0647\u0648\u0646 \u0627\u0644\u0645\u0634\u0628\u0639\u0629:<\/strong> 0-0.1 \u062c\u0631\u0627\u0645<\/li>\n<\/ul>\n<\/li>\n<li><strong>\u0627\u0644\u0643\u0631\u0628\u0648\u0647\u064a\u062f\u0631\u0627\u062a:<\/strong> 7.0-5.3 \u062c\u0631\u0627\u0645\n<ul>\n<li><strong>\u0633\u0643\u0631:<\/strong> 0.3 \u062c\u0631\u0627\u0645<\/li>\n<\/ul>\n<\/li>\n<li><strong>\u0627\u0644\u0641\u064a\u0628\u0631:<\/strong> 0.3 \u062c\u0631\u0627\u0645<\/li>\n<li><strong>\u0628\u0631\u0648\u062a\u064a\u0646:<\/strong> 0.05 \u062c\u0631\u0627\u0645<\/li>\n<li><strong>\u0645\u0644\u062d:<\/strong> 0 \u062c\u0631\u0627\u0645<\/li>\n<\/ul>\n<p><strong>\u0646\u0633\u0628 \u0627\u0644\u0642\u064a\u0645\u0629 \u0627\u0644\u064a\u0648\u0645\u064a\u0629 (\u0639\u0644\u0649 \u0623\u0633\u0627\u0633 2000 \u0633\u0639\u0631\u0629 \u062d\u0631\u0627\u0631\u064a\u0629 \/ \u064a\u0648\u0645)<\/strong><\/p>\n<ul>\n<li><strong>\u0637\u0627\u0642\u0629:<\/strong> %4<\/li>\n<li><strong>\u0633\u0643\u0631:<\/strong> %2<\/li>\n<li><strong>\u0625\u062c\u0645\u0627\u0644\u064a \u0627\u0644\u062f\u0647\u0648\u0646:<\/strong> %3<\/li>\n<li><strong>\u0627\u0644\u062f\u0647\u0648\u0646 \u0627\u0644\u0645\u0634\u0628\u0639\u0629:<\/strong> %3<\/li>\n<li><strong>\u0645\u0644\u062d:<\/strong> %2<\/li>\n<\/ul>\n<p><strong>\u064a\u0633\u0644\u0637 \u0627\u0644\u0636\u0648\u0621<\/strong><\/p>\n<ul>\n<li><strong>\u062f\u0639\u0645 \u0627\u0644\u0643\u0648\u0644\u0627\u062c\u064a\u0646:<\/strong> \u064a\u062d\u0627\u0641\u0638 \u0639\u0644\u0649 \u0645\u0631\u0648\u0646\u0629 \u0627\u0644\u062c\u0644\u062f \u0648\u062d\u064a\u0648\u064a\u062a\u0647.<\/li>\n<li><strong>\u0627\u0633\u062a\u0647\u0644\u0627\u0643 \u0639\u0645\u0644\u064a \u0648\u0633\u0647\u0644:<\/strong> \u0647\u0648 \u0628\u062f\u064a\u0644 \u0645\u0634\u0631\u0648\u0628 \u0639\u0645\u0644\u064a \u064a\u0645\u0643\u0646\u0643 \u062f\u0645\u062c\u0647 \u0628\u0633\u0647\u0648\u0644\u0629 \u0641\u064a \u0631\u0648\u062a\u064a\u0646\u0643 \u0627\u0644\u064a\u0648\u0645\u064a.<\/li>\n<li><strong>\u0633\u0639\u0631\u0627\u062a \u062d\u0631\u0627\u0631\u064a\u0629 \u0645\u0646\u062e\u0641\u0636\u0629:<\/strong> \u0625\u0646\u0647 \u0645\u0646\u0627\u0633\u0628 \u0644\u0646\u0638\u0627\u0645\u0643 \u0627\u0644\u063a\u0630\u0627\u0626\u064a \u0645\u0639 \u0645\u062d\u062a\u0648\u0627\u0647 \u0627\u0644\u0645\u0646\u062e\u0641\u0636 \u0645\u0646 \u0627\u0644\u0633\u0639\u0631\u0627\u062a \u0627\u0644\u062d\u0631\u0627\u0631\u064a\u0629.<\/li>\n<li><strong>\u0645\u062d\u062a\u0648\u0649 \u0627\u0644\u0623\u0644\u064a\u0627\u0641:<\/strong> \u064a\u0648\u0641\u0631 \u0627\u0644\u0634\u0639\u0648\u0631 \u0628\u0627\u0644\u0627\u0645\u062a\u0644\u0627\u0621 \u0648\u064a\u062f\u0639\u0645 \u0639\u0645\u0644\u064a\u0629 \u0627\u0644\u0647\u0636\u0645.<\/li>\n<\/ul>\n<p><strong>\u062a\u0639\u0644\u064a\u0645\u0627\u062a \u0627\u0644\u0627\u0633\u062a\u0647\u0644\u0627\u0643<\/strong><\/p>\n<p>\u062a\u0639\u062a\u0628\u0631 \u0642\u0647\u0648\u0629 \u0643\u0648\u0646\u062c\u0627\u0643 \u0645\u0634\u0631\u0648\u0628\u064b\u0627 \u0645\u062b\u0627\u0644\u064a\u064b\u0627 \u0644\u0623\u0648\u0644\u0626\u0643 \u0627\u0644\u0630\u064a\u0646 \u064a\u0631\u063a\u0628\u0648\u0646 \u0641\u064a \u0628\u062f\u0621 \u064a\u0648\u0645\u0647\u0645 \u0628\u0646\u0634\u0627\u0637 \u0641\u064a \u0627\u0644\u0635\u0628\u0627\u062d \u0648\u0627\u0644\u062d\u0641\u0627\u0638 \u0639\u0644\u0649 \u0644\u064a\u0627\u0642\u062a\u0647\u0645 \u0627\u0644\u0628\u062f\u0646\u064a\u0629 \u0637\u0648\u0627\u0644 \u0627\u0644\u064a\u0648\u0645. \u064a\u0645\u0643\u0646 \u062a\u0646\u0627\u0648\u0644\u0647 \u0641\u064a \u0623\u064a \u0648\u0642\u062a \u0645\u0646 \u0627\u0644\u064a\u0648\u0645\u060c \u0644\u0643\u0646 \u064a\u0646\u0635\u062d \u0628\u062a\u0646\u0627\u0648\u0644\u0647 \u0642\u0628\u0644 \u0627\u0644\u0625\u0641\u0637\u0627\u0631 \u0644\u0644\u062d\u0635\u0648\u0644 \u0639\u0644\u0649 \u0623\u0642\u0635\u0649 \u0641\u0627\u0626\u062f\u0629.<\/p>","protected":false},"excerpt":{"rendered":"<p>\u064a\u0642\u062f\u0645 Konjac Coffee \u062a\u062c\u0631\u0628\u0629 \u0645\u0634\u0631\u0648\u0628 \u0645\u0645\u064a\u0632\u0629 \u0645\u0635\u0646\u0648\u0639\u0629 \u0645\u0646 \u062d\u0628\u0648\u0628 \u0627\u0644\u0642\u0647\u0648\u0629 \u0627\u0644\u0645\u062e\u062a\u0627\u0631\u0629 \u0628\u0639\u0646\u0627\u064a\u0629 \u0648\u062a\u0646\u0627\u063a\u0645 \u0627\u0644\u0645\u0643\u0648\u0646\u0627\u062a \u0627\u0644\u0639\u0634\u0628\u064a\u0629. \u0645\u0639 \u0637\u0639\u0645\u0647 \u0627\u0644\u0646\u0627\u0639\u0645 \u0648\u0646\u0643\u0647\u062a\u0647 \u0627\u0644\u0639\u0637\u0631\u064a\u0629\u060c \u064a\u0635\u0627\u062d\u0628 \u0628\u062f\u0627\u064a\u0629 \u0635\u0628\u0627\u062d\u0643 \u0628\u0631\u0648\u062a\u064a\u0646 \u0645\u0645\u062a\u0639.<\/p>\n<p>\u0628\u0641\u0636\u0644 \u0627\u062d\u062a\u0648\u0627\u0626\u0647 \u0639\u0644\u0649 \u0627\u0644\u0643\u0648\u0644\u0627\u062c\u064a\u0646 \u0648\u0627\u0644\u0645\u0643\u0648\u0646\u0627\u062a \u0627\u0644\u0646\u0628\u0627\u062a\u064a\u0629\u060c \u064a\u0636\u064a\u0641 \u0644\u0645\u0633\u0629 \u0641\u0631\u064a\u062f\u0629 \u0648\u063a\u0646\u064a\u0629 \u0625\u0644\u0649 \u0639\u0627\u062f\u062a\u0643 \u0627\u0644\u064a\u0648\u0645\u064a\u0629 \u0641\u064a \u0634\u0631\u0628 \u0627\u0644\u0642\u0647\u0648\u0629. \u0647\u0630\u0627 \u0627\u0644\u0642\u0647\u0648\u0629 \u0627\u0644\u0645\u0645\u064a\u0632\u0629\u060c \u0627\u0644\u062a\u064a \u064a\u0645\u0643\u0646 \u0627\u0644\u0627\u0633\u062a\u0645\u062a\u0627\u0639 \u0628\u0647\u0627 \u0641\u064a \u0623\u064a \u0648\u0642\u062a \u0645\u0646 \u0627\u0644\u064a\u0648\u0645\u060c \u062a\u064f\u0639\u062f \u062e\u064a\u0627\u0631\u064b\u0627 \u0639\u0645\u0644\u064a\u064b\u0627 \u0648\u0644\u0630\u064a\u0630\u064b\u0627 \u064a\u062a\u0645\u0627\u0634\u0649 \u0645\u0639 \u0648\u062a\u064a\u0631\u0629 \u0627\u0644\u062d\u064a\u0627\u0629 \u0627\u0644\u0639\u0635\u0631\u064a\u0629.<\/p>","protected":false},"featured_media":1727,"comment_status":"closed","ping_status":"closed","template":"","meta":[],"product_brand":[],"product_cat":[17],"product_tag":[],"class_list":{"0":"post-1724","1":"product","2":"type-product","3":"status-publish","4":"has-post-thumbnail","6":"product_cat-genel","8":"first","9":"instock","10":"sale","11":"taxable","12":"shipping-taxable","13":"purchasable","14":"product-type-simple"},"yoast_head":"<!-- This site is optimized with the Yoast SEO plugin v26.2 - https:\/\/yoast.com\/wordpress\/plugins\/seo\/ -->\n<title>Konjac Coffee - Ni\u015fanta\u015f\u0131 Kozmetik<\/title>\n<meta name=\"robots\" content=\"index, follow, max-snippet:-1, max-image-preview:large, max-video-preview:-1\" \/>\n<link rel=\"canonical\" href=\"http:\/\/nisantasikozmetik.com\/ar\/product\/\u0642\u0647\u0648\u0629-\u0643\u0648\u0646\u062c\u0627\u0643\/?wmc-currency=EUR\" \/>\n<meta property=\"og:locale\" content=\"ar_AR\" \/>\n<meta property=\"og:type\" content=\"article\" \/>\n<meta property=\"og:title\" content=\"Konjac Coffee - Ni\u015fanta\u015f\u0131 Kozmetik\" \/>\n<meta property=\"og:description\" content=\"Konjac Coffee, \u00f6zenle se\u00e7ilen kahve \u00e7ekirdekleri ve bitkisel i\u00e7eriklerin uyumuyla haz\u0131rlanan \u00f6zel bir i\u00e7ecek deneyimi sunar. Yumu\u015fak i\u00e7imi ve aromatik lezzetiyle sabah rutininize keyifli bir ba\u015flang\u0131\u00e7 yapman\u0131za e\u015flik eder.  \u0130\u00e7eri\u011finde yer alan kolajen deste\u011fi ve bitkisel bile\u015fenlerle g\u00fcnl\u00fck kahve al\u0131\u015fkanl\u0131\u011f\u0131n\u0131za farkl\u0131 ve zengin bir dokunu\u015f katar. G\u00fcn\u00fcn her an\u0131nda keyifle t\u00fcketebilece\u011finiz bu \u00f6zel kahve, modern ya\u015fam temposuna uyum sa\u011flayan pratik ve lezzetli bir alternatiftir.\" \/>\n<meta property=\"og:url\" content=\"http:\/\/nisantasikozmetik.com\/ar\/product\/\u0642\u0647\u0648\u0629-\u0643\u0648\u0646\u062c\u0627\u0643\/?wmc-currency=EUR\" \/>\n<meta property=\"og:site_name\" content=\"Ni\u015fanta\u015f\u0131 Kozmetik\" \/>\n<meta property=\"article:modified_time\" content=\"2026-03-26T06:33:23+00:00\" \/>\n<meta property=\"og:image\" content=\"https:\/\/nisantasikozmetik.com\/wp-content\/uploads\/2024\/06\/Coffee3-1.png\" \/>\n\t<meta property=\"og:image:width\" content=\"1000\" \/>\n\t<meta property=\"og:image:height\" content=\"1000\" \/>\n\t<meta property=\"og:image:type\" content=\"image\/png\" \/>\n<meta name=\"twitter:card\" content=\"summary_large_image\" \/>\n<meta name=\"twitter:label1\" content=\"\u0648\u0642\u062a \u0627\u0644\u0642\u0631\u0627\u0621\u0629 \u0627\u0644\u0645\u064f\u0642\u062f\u0651\u0631\" \/>\n\t<meta name=\"twitter:data1\" content=\"\u062f\u0642\u064a\u0642\u062a\u0627\u0646\" \/>\n<script type=\"application\/ld+json\" class=\"yoast-schema-graph\">{\"@context\":\"https:\/\/schema.org\",\"@graph\":[{\"@type\":\"WebPage\",\"@id\":\"https:\/\/nisantasikozmetik.com\/tr\/urun\/konjac-coffee\/\",\"url\":\"https:\/\/nisantasikozmetik.com\/tr\/urun\/konjac-coffee\/\",\"name\":\"Konjac Coffee - Ni\u015fanta\u015f\u0131 Kozmetik\",\"isPartOf\":{\"@id\":\"https:\/\/nisantasikozmetik.com\/fr\/#website\"},\"primaryImageOfPage\":{\"@id\":\"https:\/\/nisantasikozmetik.com\/tr\/urun\/konjac-coffee\/#primaryimage\"},\"image\":{\"@id\":\"https:\/\/nisantasikozmetik.com\/tr\/urun\/konjac-coffee\/#primaryimage\"},\"thumbnailUrl\":\"http:\/\/nisantasikozmetik.com\/wp-content\/uploads\/2024\/06\/Coffee3-1.png\",\"datePublished\":\"2024-06-21T11:18:47+00:00\",\"dateModified\":\"2026-03-26T06:33:23+00:00\",\"breadcrumb\":{\"@id\":\"https:\/\/nisantasikozmetik.com\/tr\/urun\/konjac-coffee\/#breadcrumb\"},\"inLanguage\":\"ar\",\"potentialAction\":[{\"@type\":\"ReadAction\",\"target\":[\"https:\/\/nisantasikozmetik.com\/tr\/urun\/konjac-coffee\/\"]}]},{\"@type\":\"ImageObject\",\"inLanguage\":\"ar\",\"@id\":\"https:\/\/nisantasikozmetik.com\/tr\/urun\/konjac-coffee\/#primaryimage\",\"url\":\"http:\/\/nisantasikozmetik.com\/wp-content\/uploads\/2024\/06\/Coffee3-1.png\",\"contentUrl\":\"http:\/\/nisantasikozmetik.com\/wp-content\/uploads\/2024\/06\/Coffee3-1.png\",\"width\":1000,\"height\":1000},{\"@type\":\"BreadcrumbList\",\"@id\":\"https:\/\/nisantasikozmetik.com\/tr\/urun\/konjac-coffee\/#breadcrumb\",\"itemListElement\":[{\"@type\":\"ListItem\",\"position\":1,\"name\":\"Anasayfa\",\"item\":\"https:\/\/nisantasikozmetik.com\/fr\/\"},{\"@type\":\"ListItem\",\"position\":2,\"name\":\"\u00dcr\u00fcnler\",\"item\":\"https:\/\/nisantasikozmetik.com\/tr\/shop\/\"},{\"@type\":\"ListItem\",\"position\":3,\"name\":\"Konjac Coffee\"}]},{\"@type\":\"WebSite\",\"@id\":\"https:\/\/nisantasikozmetik.com\/fr\/#website\",\"url\":\"https:\/\/nisantasikozmetik.com\/fr\/\",\"name\":\"Ni\u015fanta\u015f\u0131 Kozmetik\",\"description\":\"\",\"publisher\":{\"@id\":\"https:\/\/nisantasikozmetik.com\/fr\/#organization\"},\"potentialAction\":[{\"@type\":\"SearchAction\",\"target\":{\"@type\":\"EntryPoint\",\"urlTemplate\":\"https:\/\/nisantasikozmetik.com\/fr\/?s={search_term_string}\"},\"query-input\":{\"@type\":\"PropertyValueSpecification\",\"valueRequired\":true,\"valueName\":\"search_term_string\"}}],\"inLanguage\":\"ar\"},{\"@type\":\"Organization\",\"@id\":\"https:\/\/nisantasikozmetik.com\/fr\/#organization\",\"name\":\"Ni\u015fanta\u015f\u0131 Kozmetik\",\"url\":\"https:\/\/nisantasikozmetik.com\/fr\/\",\"logo\":{\"@type\":\"ImageObject\",\"inLanguage\":\"ar\",\"@id\":\"https:\/\/nisantasikozmetik.com\/fr\/#\/schema\/logo\/image\/\",\"url\":\"http:\/\/nisantasikozmetik.com\/wp-content\/uploads\/2024\/06\/Nisantasi-Cosmetic-Logo.png\",\"contentUrl\":\"http:\/\/nisantasikozmetik.com\/wp-content\/uploads\/2024\/06\/Nisantasi-Cosmetic-Logo.png\",\"width\":1080,\"height\":216,\"caption\":\"Ni\u015fanta\u015f\u0131 Kozmetik\"},\"image\":{\"@id\":\"https:\/\/nisantasikozmetik.com\/fr\/#\/schema\/logo\/image\/\"}}]}<\/script>\n<!-- \/ Yoast SEO plugin. -->","yoast_head_json":{"title":"Konjac Coffee - Ni\u015fanta\u015f\u0131 Kozmetik","robots":{"index":"index","follow":"follow","max-snippet":"max-snippet:-1","max-image-preview":"max-image-preview:large","max-video-preview":"max-video-preview:-1"},"canonical":"http:\/\/nisantasikozmetik.com\/ar\/product\/\u0642\u0647\u0648\u0629-\u0643\u0648\u0646\u062c\u0627\u0643\/?wmc-currency=EUR","og_locale":"ar_AR","og_type":"article","og_title":"Konjac Coffee - Ni\u015fanta\u015f\u0131 Kozmetik","og_description":"Konjac Coffee, \u00f6zenle se\u00e7ilen kahve \u00e7ekirdekleri ve bitkisel i\u00e7eriklerin uyumuyla haz\u0131rlanan \u00f6zel bir i\u00e7ecek deneyimi sunar. Yumu\u015fak i\u00e7imi ve aromatik lezzetiyle sabah rutininize keyifli bir ba\u015flang\u0131\u00e7 yapman\u0131za e\u015flik eder.  \u0130\u00e7eri\u011finde yer alan kolajen deste\u011fi ve bitkisel bile\u015fenlerle g\u00fcnl\u00fck kahve al\u0131\u015fkanl\u0131\u011f\u0131n\u0131za farkl\u0131 ve zengin bir dokunu\u015f katar. G\u00fcn\u00fcn her an\u0131nda keyifle t\u00fcketebilece\u011finiz bu \u00f6zel kahve, modern ya\u015fam temposuna uyum sa\u011flayan pratik ve lezzetli bir alternatiftir.","og_url":"http:\/\/nisantasikozmetik.com\/ar\/product\/\u0642\u0647\u0648\u0629-\u0643\u0648\u0646\u062c\u0627\u0643\/?wmc-currency=EUR","og_site_name":"Ni\u015fanta\u015f\u0131 Kozmetik","article_modified_time":"2026-03-26T06:33:23+00:00","og_image":[{"width":1000,"height":1000,"url":"https:\/\/nisantasikozmetik.com\/wp-content\/uploads\/2024\/06\/Coffee3-1.png","type":"image\/png"}],"twitter_card":"summary_large_image","twitter_misc":{"\u0648\u0642\u062a \u0627\u0644\u0642\u0631\u0627\u0621\u0629 \u0627\u0644\u0645\u064f\u0642\u062f\u0651\u0631":"\u062f\u0642\u064a\u0642\u062a\u0627\u0646"},"schema":{"@context":"https:\/\/schema.org","@graph":[{"@type":"WebPage","@id":"https:\/\/nisantasikozmetik.com\/tr\/urun\/konjac-coffee\/","url":"https:\/\/nisantasikozmetik.com\/tr\/urun\/konjac-coffee\/","name":"Konjac Coffee - Ni\u015fanta\u015f\u0131 Kozmetik","isPartOf":{"@id":"https:\/\/nisantasikozmetik.com\/fr\/#website"},"primaryImageOfPage":{"@id":"https:\/\/nisantasikozmetik.com\/tr\/urun\/konjac-coffee\/#primaryimage"},"image":{"@id":"https:\/\/nisantasikozmetik.com\/tr\/urun\/konjac-coffee\/#primaryimage"},"thumbnailUrl":"http:\/\/nisantasikozmetik.com\/wp-content\/uploads\/2024\/06\/Coffee3-1.png","datePublished":"2024-06-21T11:18:47+00:00","dateModified":"2026-03-26T06:33:23+00:00","breadcrumb":{"@id":"https:\/\/nisantasikozmetik.com\/tr\/urun\/konjac-coffee\/#breadcrumb"},"inLanguage":"ar","potentialAction":[{"@type":"ReadAction","target":["https:\/\/nisantasikozmetik.com\/tr\/urun\/konjac-coffee\/"]}]},{"@type":"ImageObject","inLanguage":"ar","@id":"https:\/\/nisantasikozmetik.com\/tr\/urun\/konjac-coffee\/#primaryimage","url":"http:\/\/nisantasikozmetik.com\/wp-content\/uploads\/2024\/06\/Coffee3-1.png","contentUrl":"http:\/\/nisantasikozmetik.com\/wp-content\/uploads\/2024\/06\/Coffee3-1.png","width":1000,"height":1000},{"@type":"BreadcrumbList","@id":"https:\/\/nisantasikozmetik.com\/tr\/urun\/konjac-coffee\/#breadcrumb","itemListElement":[{"@type":"ListItem","position":1,"name":"Anasayfa","item":"https:\/\/nisantasikozmetik.com\/fr\/"},{"@type":"ListItem","position":2,"name":"\u00dcr\u00fcnler","item":"https:\/\/nisantasikozmetik.com\/tr\/shop\/"},{"@type":"ListItem","position":3,"name":"Konjac Coffee"}]},{"@type":"WebSite","@id":"https:\/\/nisantasikozmetik.com\/fr\/#website","url":"https:\/\/nisantasikozmetik.com\/fr\/","name":"Ni\u015fanta\u015f\u0131 Kozmetik","description":"","publisher":{"@id":"https:\/\/nisantasikozmetik.com\/fr\/#organization"},"potentialAction":[{"@type":"SearchAction","target":{"@type":"EntryPoint","urlTemplate":"https:\/\/nisantasikozmetik.com\/fr\/?s={search_term_string}"},"query-input":{"@type":"PropertyValueSpecification","valueRequired":true,"valueName":"search_term_string"}}],"inLanguage":"ar"},{"@type":"Organization","@id":"https:\/\/nisantasikozmetik.com\/fr\/#organization","name":"Ni\u015fanta\u015f\u0131 Kozmetik","url":"https:\/\/nisantasikozmetik.com\/fr\/","logo":{"@type":"ImageObject","inLanguage":"ar","@id":"https:\/\/nisantasikozmetik.com\/fr\/#\/schema\/logo\/image\/","url":"http:\/\/nisantasikozmetik.com\/wp-content\/uploads\/2024\/06\/Nisantasi-Cosmetic-Logo.png","contentUrl":"http:\/\/nisantasikozmetik.com\/wp-content\/uploads\/2024\/06\/Nisantasi-Cosmetic-Logo.png","width":1080,"height":216,"caption":"Ni\u015fanta\u015f\u0131 Kozmetik"},"image":{"@id":"https:\/\/nisantasikozmetik.com\/fr\/#\/schema\/logo\/image\/"}}]}},"_links":{"self":[{"href":"http:\/\/nisantasikozmetik.com\/ar\/wp-json\/wp\/v2\/product\/1724","targetHints":{"allow":["GET"]}}],"collection":[{"href":"http:\/\/nisantasikozmetik.com\/ar\/wp-json\/wp\/v2\/product"}],"about":[{"href":"http:\/\/nisantasikozmetik.com\/ar\/wp-json\/wp\/v2\/types\/product"}],"replies":[{"embeddable":true,"href":"http:\/\/nisantasikozmetik.com\/ar\/wp-json\/wp\/v2\/comments?post=1724"}],"wp:featuredmedia":[{"embeddable":true,"href":"http:\/\/nisantasikozmetik.com\/ar\/wp-json\/wp\/v2\/media\/1727"}],"wp:attachment":[{"href":"http:\/\/nisantasikozmetik.com\/ar\/wp-json\/wp\/v2\/media?parent=1724"}],"wp:term":[{"taxonomy":"product_brand","embeddable":true,"href":"http:\/\/nisantasikozmetik.com\/ar\/wp-json\/wp\/v2\/product_brand?post=1724"},{"taxonomy":"product_cat","embeddable":true,"href":"http:\/\/nisantasikozmetik.com\/ar\/wp-json\/wp\/v2\/product_cat?post=1724"},{"taxonomy":"product_tag","embeddable":true,"href":"http:\/\/nisantasikozmetik.com\/ar\/wp-json\/wp\/v2\/product_tag?post=1724"}],"curies":[{"name":"wp","href":"https:\/\/api.w.org\/{rel}","templated":true}]}}