{"id":1669,"date":"2024-06-14T09:54:39","date_gmt":"2024-06-14T06:54:39","guid":{"rendered":"https:\/\/nisantasikozmetik.com\/?post_type=product&#038;p=1669"},"modified":"2026-03-25T15:31:56","modified_gmt":"2026-03-25T12:31:56","slug":"konjac-tea","status":"publish","type":"product","link":"http:\/\/nisantasikozmetik.com\/ar\/product\/\u0634\u0627\u064a-\u0643\u0648\u0646\u062c\u0627\u0643-2\/","title":{"rendered":"\u0634\u0627\u064a \u0643\u0648\u0646\u062c\u0627\u0643"},"content":{"rendered":"<p><strong>\ud83c\udf3f \u0645\u0627 \u0647\u064a \u0645\u0643\u0648\u0646\u0627\u062a \u0634\u0627\u064a \u0643\u0648\u0646\u062c\u0627\u0643\u061f<\/strong><\/p>\n<p>\u064a\u062a\u0645 \u062a\u062d\u0636\u064a\u0631 \u0634\u0627\u064a \u0643\u0648\u0646\u062c\u0627\u0643 \u0628\u0645\u0632\u064a\u062c \u0645\u062a\u0648\u0627\u0632\u0646 \u0628\u0639\u0646\u0627\u064a\u0629 \u0645\u0646 \u0627\u0644\u0645\u0643\u0648\u0646\u0627\u062a \u0627\u0644\u0646\u0628\u0627\u062a\u064a\u0629 \u0645\u062b\u0644 \u0645\u0633\u062a\u062e\u0644\u0635 \u0646\u062e\u0627\u0644\u0629 \u0627\u0644\u0623\u0631\u0632\u060c \u0645\u0633\u062a\u062e\u0644\u0635 \u0625\u0643\u0644\u064a\u0644 \u0627\u0644\u062c\u0628\u0644\u060c \u0645\u0633\u062a\u062e\u0644\u0635 \u0627\u0644\u0628\u0631\u0648\u0643\u0644\u064a\u060c \u0645\u0633\u062a\u062e\u0644\u0635 \u0627\u0644\u0625\u0634\u0646\u0633\u0627\u060c \u0645\u0633\u062a\u062e\u0644\u0635 \u062a\u0648\u062a \u0627\u0644\u063a\u0648\u062c\u064a\u060c \u0645\u0633\u062a\u062e\u0644\u0635 \u0627\u0644\u062a\u0648\u062a \u0627\u0644\u0623\u0632\u0631\u0642\u060c \u0645\u0633\u062a\u062e\u0644\u0635 \u0639\u0634\u0628\u0629 \u0627\u0644\u0632\u0628\u0627\u062f\u064a\u060c \u0645\u0633\u062a\u062e\u0644\u0635 \u0646\u062e\u064a\u0644 \u0627\u0644\u0642\u0632\u0645\u060c \u0645\u0633\u062a\u062e\u0644\u0635 \u0634\u062c\u0631\u0629 \u0627\u0644\u0628\u062a\u0648\u0644\u0627\u060c \u0646\u0643\u0647\u0629 \u0627\u0644\u0641\u0648\u0627\u0643\u0647 \u0627\u0644\u0628\u0631\u064a\u0629 \u0648L-\u0643\u0627\u0631\u0646\u064a\u062a\u064a\u0646.<\/p>\n<p><strong>\u2615 \u0643\u064a\u0641 \u062a\u0633\u062a\u062e\u062f\u0645 \u0634\u0627\u064a \u0643\u0648\u0646\u062c\u0627\u0643\u061f<\/strong><\/p>\n<p>\u0623\u0636\u0641 \u0643\u064a\u0633 \u0634\u0627\u064a \u0625\u0644\u0649 \u0643\u0648\u0628 \u0645\u0646 \u0627\u0644\u0645\u0627\u0621 \u0627\u0644\u0633\u0627\u062e\u0646 \u0648\u0627\u0633\u062a\u0645\u062a\u0639 \u0628\u0647 \u0637\u0648\u0627\u0644 \u0627\u0644\u064a\u0648\u0645. \u064a\u062a\u064a\u062d \u0644\u0643 \u062a\u062d\u0636\u064a\u0631\u0647 \u0627\u0644\u0633\u0647\u0644 \u0625\u062f\u0631\u0627\u062c\u0647 \u0628\u0633\u0647\u0648\u0644\u0629 \u0641\u064a \u0631\u0648\u062a\u064a\u0646\u0643 \u0627\u0644\u064a\u0648\u0645\u064a \u0645\u0646 \u0627\u0644\u0645\u0634\u0631\u0648\u0628\u0627\u062a.<\/p>\n<p><strong>\u26a0 \u0645\u0646 \u064a\u062c\u0628 \u0623\u0644\u0627 \u064a\u0633\u062a\u0647\u0644\u0643 \u0634\u0627\u064a \u0643\u0648\u0646\u062c\u0627\u0643\u061f<\/strong><\/p>\n<ul>\n<li>\u0627\u0644\u062d\u0648\u0627\u0645\u0644 \u0648\u0627\u0644\u0645\u0631\u0636\u0639\u0627\u062a<\/li>\n<li>\u0627\u0644\u0623\u0634\u062e\u0627\u0635 \u0627\u0644\u0630\u064a\u0646 \u064a\u0639\u0627\u0646\u0648\u0646 \u0645\u0646 \u0623\u0645\u0631\u0627\u0636 \u0627\u0644\u0642\u0644\u0628 \u0623\u0648 \u0627\u0644\u0643\u0644\u0649 \u0623\u0648 \u0636\u063a\u0637 \u0627\u0644\u062f\u0645 \u0623\u0648 \u0627\u0646\u062e\u0641\u0627\u0636 \u0627\u0644\u0633\u0643\u0631<\/li>\n<li>\u0627\u0644\u0623\u0634\u062e\u0627\u0635 \u0627\u0644\u0630\u064a\u0646 \u0644\u062f\u064a\u0647\u0645 \u062d\u0633\u0627\u0633\u064a\u0629 \u0623\u0648 \u0631\u062f \u0641\u0639\u0644 \u062a\u062d\u0633\u0633\u064a \u062a\u062c\u0627\u0647 \u0627\u0644\u0623\u0639\u0634\u0627\u0628 \u0627\u0644\u0645\u0648\u062c\u0648\u062f\u0629 \u0641\u064a \u0627\u0644\u0645\u0646\u062a\u062c<\/li>\n<\/ul>\n<p><\/p>\n<p>\u0625\u0630\u0627 \u0643\u0646\u062a \u062a\u0639\u0627\u0646\u064a \u0645\u0646 \u0623\u064a \u062d\u0627\u0644\u0629 \u0635\u062d\u064a\u0629 \u0623\u0648 \u062a\u062a\u0646\u0627\u0648\u0644 \u0623\u062f\u0648\u064a\u0629 \u0628\u0627\u0646\u062a\u0638\u0627\u0645\u060c \u064a\u064f\u0646\u0635\u062d \u0628\u0627\u0633\u062a\u0634\u0627\u0631\u0629 \u0623\u062e\u0635\u0627\u0626\u064a \u0642\u0628\u0644 \u0627\u0644\u0627\u0633\u062a\u062e\u062f\u0627\u0645.<\/p>","protected":false},"excerpt":{"rendered":"<p>\u0627\u0644\u0643\u0648\u0646\u062c\u0627\u0643 \u0647\u0648 \u0633\u0643\u0631 \u0644\u064a\u0641\u064a \u062e\u0627\u0644\u064a \u0645\u0646 \u0627\u0644\u0633\u0639\u0631\u0627\u062a \u0627\u0644\u062d\u0631\u0627\u0631\u064a\u0629 \u0645\u0634\u062a\u0642 \u0645\u0646 \u062c\u0630\u0631 \u0627\u0644\u0643\u0648\u0646\u062c\u0627.<\/p>","protected":false},"featured_media":1159,"comment_status":"closed","ping_status":"closed","template":"","meta":[],"product_brand":[],"product_cat":[17],"product_tag":[],"class_list":{"0":"post-1669","1":"product","2":"type-product","3":"status-publish","4":"has-post-thumbnail","6":"product_cat-genel","8":"first","9":"instock","10":"sale","11":"taxable","12":"shipping-taxable","13":"purchasable","14":"product-type-simple"},"yoast_head":"<!-- This site is optimized with the Yoast SEO plugin v26.2 - https:\/\/yoast.com\/wordpress\/plugins\/seo\/ -->\n<title>Konjac Tea - Ni\u015fanta\u015f\u0131 Kozmetik<\/title>\n<meta name=\"description\" content=\"Konjac, Konja k\u00f6k\u00fcnden elde edilen s\u0131f\u0131r kalori i\u00e7eren lifli bir \u015fekerdir.\" \/>\n<meta name=\"robots\" content=\"index, follow, max-snippet:-1, max-image-preview:large, max-video-preview:-1\" \/>\n<link rel=\"canonical\" href=\"http:\/\/nisantasikozmetik.com\/ar\/\u0623\u0648\u0631\u0648\u0646\/cha-konjac-2\/?wmc-currency=EUR\" \/>\n<meta property=\"og:locale\" content=\"ar_AR\" \/>\n<meta property=\"og:type\" content=\"article\" \/>\n<meta property=\"og:title\" content=\"Konjac Tea - Ni\u015fanta\u015f\u0131 Kozmetik\" \/>\n<meta property=\"og:description\" content=\"Konjac, Konja k\u00f6k\u00fcnden elde edilen s\u0131f\u0131r kalori i\u00e7eren lifli bir \u015fekerdir.\" \/>\n<meta property=\"og:url\" content=\"http:\/\/nisantasikozmetik.com\/ar\/\u0623\u0648\u0631\u0648\u0646\/cha-konjac-2\/?wmc-currency=EUR\" \/>\n<meta property=\"og:site_name\" content=\"Ni\u015fanta\u015f\u0131 Kozmetik\" \/>\n<meta property=\"article:modified_time\" content=\"2026-03-25T12:31:56+00:00\" \/>\n<meta property=\"og:image\" content=\"http:\/\/nisantasikozmetik.com\/wp-content\/uploads\/2024\/06\/Konjac-Tea-55-1.png\" \/>\n\t<meta property=\"og:image:width\" content=\"1000\" \/>\n\t<meta property=\"og:image:height\" content=\"1000\" \/>\n\t<meta property=\"og:image:type\" content=\"image\/png\" \/>\n<meta name=\"twitter:card\" content=\"summary_large_image\" \/>\n<meta name=\"twitter:label1\" content=\"\u0648\u0642\u062a \u0627\u0644\u0642\u0631\u0627\u0621\u0629 \u0627\u0644\u0645\u064f\u0642\u062f\u0651\u0631\" \/>\n\t<meta name=\"twitter:data1\" content=\"\u062f\u0642\u064a\u0642\u0629 \u0648\u0627\u062d\u062f\u0629\" \/>\n<script type=\"application\/ld+json\" class=\"yoast-schema-graph\">{\"@context\":\"https:\/\/schema.org\",\"@graph\":[{\"@type\":\"WebPage\",\"@id\":\"http:\/\/nisantasikozmetik.com\/pt\/urun\/cha-konjac-2\/\",\"url\":\"http:\/\/nisantasikozmetik.com\/pt\/urun\/cha-konjac-2\/\",\"name\":\"Konjac Tea - Ni\u015fanta\u015f\u0131 Kozmetik\",\"isPartOf\":{\"@id\":\"https:\/\/nisantasikozmetik.com\/fr\/#website\"},\"primaryImageOfPage\":{\"@id\":\"http:\/\/nisantasikozmetik.com\/pt\/urun\/cha-konjac-2\/#primaryimage\"},\"image\":{\"@id\":\"http:\/\/nisantasikozmetik.com\/pt\/urun\/cha-konjac-2\/#primaryimage\"},\"thumbnailUrl\":\"http:\/\/nisantasikozmetik.com\/wp-content\/uploads\/2024\/06\/Konjac-Tea-55-1.png\",\"datePublished\":\"2024-06-14T06:54:39+00:00\",\"dateModified\":\"2026-03-25T12:31:56+00:00\",\"description\":\"Konjac, Konja k\u00f6k\u00fcnden elde edilen s\u0131f\u0131r kalori i\u00e7eren lifli bir \u015fekerdir.\",\"breadcrumb\":{\"@id\":\"http:\/\/nisantasikozmetik.com\/pt\/urun\/cha-konjac-2\/#breadcrumb\"},\"inLanguage\":\"ar\",\"potentialAction\":[{\"@type\":\"ReadAction\",\"target\":[\"http:\/\/nisantasikozmetik.com\/pt\/urun\/cha-konjac-2\/\"]}]},{\"@type\":\"ImageObject\",\"inLanguage\":\"ar\",\"@id\":\"http:\/\/nisantasikozmetik.com\/pt\/urun\/cha-konjac-2\/#primaryimage\",\"url\":\"http:\/\/nisantasikozmetik.com\/wp-content\/uploads\/2024\/06\/Konjac-Tea-55-1.png\",\"contentUrl\":\"http:\/\/nisantasikozmetik.com\/wp-content\/uploads\/2024\/06\/Konjac-Tea-55-1.png\",\"width\":1000,\"height\":1000},{\"@type\":\"BreadcrumbList\",\"@id\":\"http:\/\/nisantasikozmetik.com\/pt\/urun\/cha-konjac-2\/#breadcrumb\",\"itemListElement\":[{\"@type\":\"ListItem\",\"position\":1,\"name\":\"Anasayfa\",\"item\":\"https:\/\/nisantasikozmetik.com\/fr\/\"},{\"@type\":\"ListItem\",\"position\":2,\"name\":\"\u00dcr\u00fcnler\",\"item\":\"https:\/\/nisantasikozmetik.com\/tr\/shop\/\"},{\"@type\":\"ListItem\",\"position\":3,\"name\":\"Konjac Tea\"}]},{\"@type\":\"WebSite\",\"@id\":\"https:\/\/nisantasikozmetik.com\/fr\/#website\",\"url\":\"https:\/\/nisantasikozmetik.com\/fr\/\",\"name\":\"Ni\u015fanta\u015f\u0131 Kozmetik\",\"description\":\"\",\"publisher\":{\"@id\":\"https:\/\/nisantasikozmetik.com\/fr\/#organization\"},\"potentialAction\":[{\"@type\":\"SearchAction\",\"target\":{\"@type\":\"EntryPoint\",\"urlTemplate\":\"https:\/\/nisantasikozmetik.com\/fr\/?s={search_term_string}\"},\"query-input\":{\"@type\":\"PropertyValueSpecification\",\"valueRequired\":true,\"valueName\":\"search_term_string\"}}],\"inLanguage\":\"ar\"},{\"@type\":\"Organization\",\"@id\":\"https:\/\/nisantasikozmetik.com\/fr\/#organization\",\"name\":\"Ni\u015fanta\u015f\u0131 Kozmetik\",\"url\":\"https:\/\/nisantasikozmetik.com\/fr\/\",\"logo\":{\"@type\":\"ImageObject\",\"inLanguage\":\"ar\",\"@id\":\"https:\/\/nisantasikozmetik.com\/fr\/#\/schema\/logo\/image\/\",\"url\":\"http:\/\/nisantasikozmetik.com\/wp-content\/uploads\/2024\/06\/Nisantasi-Cosmetic-Logo.png\",\"contentUrl\":\"http:\/\/nisantasikozmetik.com\/wp-content\/uploads\/2024\/06\/Nisantasi-Cosmetic-Logo.png\",\"width\":1080,\"height\":216,\"caption\":\"Ni\u015fanta\u015f\u0131 Kozmetik\"},\"image\":{\"@id\":\"https:\/\/nisantasikozmetik.com\/fr\/#\/schema\/logo\/image\/\"}}]}<\/script>\n<!-- \/ Yoast SEO plugin. -->","yoast_head_json":{"title":"Konjac Tea - Ni\u015fanta\u015f\u0131 Kozmetik","description":"Konjac, Konja k\u00f6k\u00fcnden elde edilen s\u0131f\u0131r kalori i\u00e7eren lifli bir \u015fekerdir.","robots":{"index":"index","follow":"follow","max-snippet":"max-snippet:-1","max-image-preview":"max-image-preview:large","max-video-preview":"max-video-preview:-1"},"canonical":"http:\/\/nisantasikozmetik.com\/ar\/\u0623\u0648\u0631\u0648\u0646\/cha-konjac-2\/?wmc-currency=EUR","og_locale":"ar_AR","og_type":"article","og_title":"Konjac Tea - Ni\u015fanta\u015f\u0131 Kozmetik","og_description":"Konjac, Konja k\u00f6k\u00fcnden elde edilen s\u0131f\u0131r kalori i\u00e7eren lifli bir \u015fekerdir.","og_url":"http:\/\/nisantasikozmetik.com\/ar\/\u0623\u0648\u0631\u0648\u0646\/cha-konjac-2\/?wmc-currency=EUR","og_site_name":"Ni\u015fanta\u015f\u0131 Kozmetik","article_modified_time":"2026-03-25T12:31:56+00:00","og_image":[{"width":1000,"height":1000,"url":"http:\/\/nisantasikozmetik.com\/wp-content\/uploads\/2024\/06\/Konjac-Tea-55-1.png","type":"image\/png"}],"twitter_card":"summary_large_image","twitter_misc":{"\u0648\u0642\u062a \u0627\u0644\u0642\u0631\u0627\u0621\u0629 \u0627\u0644\u0645\u064f\u0642\u062f\u0651\u0631":"\u062f\u0642\u064a\u0642\u0629 \u0648\u0627\u062d\u062f\u0629"},"schema":{"@context":"https:\/\/schema.org","@graph":[{"@type":"WebPage","@id":"http:\/\/nisantasikozmetik.com\/pt\/urun\/cha-konjac-2\/","url":"http:\/\/nisantasikozmetik.com\/pt\/urun\/cha-konjac-2\/","name":"Konjac Tea - Ni\u015fanta\u015f\u0131 Kozmetik","isPartOf":{"@id":"https:\/\/nisantasikozmetik.com\/fr\/#website"},"primaryImageOfPage":{"@id":"http:\/\/nisantasikozmetik.com\/pt\/urun\/cha-konjac-2\/#primaryimage"},"image":{"@id":"http:\/\/nisantasikozmetik.com\/pt\/urun\/cha-konjac-2\/#primaryimage"},"thumbnailUrl":"http:\/\/nisantasikozmetik.com\/wp-content\/uploads\/2024\/06\/Konjac-Tea-55-1.png","datePublished":"2024-06-14T06:54:39+00:00","dateModified":"2026-03-25T12:31:56+00:00","description":"Konjac, Konja k\u00f6k\u00fcnden elde edilen s\u0131f\u0131r kalori i\u00e7eren lifli bir \u015fekerdir.","breadcrumb":{"@id":"http:\/\/nisantasikozmetik.com\/pt\/urun\/cha-konjac-2\/#breadcrumb"},"inLanguage":"ar","potentialAction":[{"@type":"ReadAction","target":["http:\/\/nisantasikozmetik.com\/pt\/urun\/cha-konjac-2\/"]}]},{"@type":"ImageObject","inLanguage":"ar","@id":"http:\/\/nisantasikozmetik.com\/pt\/urun\/cha-konjac-2\/#primaryimage","url":"http:\/\/nisantasikozmetik.com\/wp-content\/uploads\/2024\/06\/Konjac-Tea-55-1.png","contentUrl":"http:\/\/nisantasikozmetik.com\/wp-content\/uploads\/2024\/06\/Konjac-Tea-55-1.png","width":1000,"height":1000},{"@type":"BreadcrumbList","@id":"http:\/\/nisantasikozmetik.com\/pt\/urun\/cha-konjac-2\/#breadcrumb","itemListElement":[{"@type":"ListItem","position":1,"name":"Anasayfa","item":"https:\/\/nisantasikozmetik.com\/fr\/"},{"@type":"ListItem","position":2,"name":"\u00dcr\u00fcnler","item":"https:\/\/nisantasikozmetik.com\/tr\/shop\/"},{"@type":"ListItem","position":3,"name":"Konjac Tea"}]},{"@type":"WebSite","@id":"https:\/\/nisantasikozmetik.com\/fr\/#website","url":"https:\/\/nisantasikozmetik.com\/fr\/","name":"Ni\u015fanta\u015f\u0131 Kozmetik","description":"","publisher":{"@id":"https:\/\/nisantasikozmetik.com\/fr\/#organization"},"potentialAction":[{"@type":"SearchAction","target":{"@type":"EntryPoint","urlTemplate":"https:\/\/nisantasikozmetik.com\/fr\/?s={search_term_string}"},"query-input":{"@type":"PropertyValueSpecification","valueRequired":true,"valueName":"search_term_string"}}],"inLanguage":"ar"},{"@type":"Organization","@id":"https:\/\/nisantasikozmetik.com\/fr\/#organization","name":"Ni\u015fanta\u015f\u0131 Kozmetik","url":"https:\/\/nisantasikozmetik.com\/fr\/","logo":{"@type":"ImageObject","inLanguage":"ar","@id":"https:\/\/nisantasikozmetik.com\/fr\/#\/schema\/logo\/image\/","url":"http:\/\/nisantasikozmetik.com\/wp-content\/uploads\/2024\/06\/Nisantasi-Cosmetic-Logo.png","contentUrl":"http:\/\/nisantasikozmetik.com\/wp-content\/uploads\/2024\/06\/Nisantasi-Cosmetic-Logo.png","width":1080,"height":216,"caption":"Ni\u015fanta\u015f\u0131 Kozmetik"},"image":{"@id":"https:\/\/nisantasikozmetik.com\/fr\/#\/schema\/logo\/image\/"}}]}},"_links":{"self":[{"href":"http:\/\/nisantasikozmetik.com\/ar\/wp-json\/wp\/v2\/product\/1669","targetHints":{"allow":["GET"]}}],"collection":[{"href":"http:\/\/nisantasikozmetik.com\/ar\/wp-json\/wp\/v2\/product"}],"about":[{"href":"http:\/\/nisantasikozmetik.com\/ar\/wp-json\/wp\/v2\/types\/product"}],"replies":[{"embeddable":true,"href":"http:\/\/nisantasikozmetik.com\/ar\/wp-json\/wp\/v2\/comments?post=1669"}],"wp:featuredmedia":[{"embeddable":true,"href":"http:\/\/nisantasikozmetik.com\/ar\/wp-json\/wp\/v2\/media\/1159"}],"wp:attachment":[{"href":"http:\/\/nisantasikozmetik.com\/ar\/wp-json\/wp\/v2\/media?parent=1669"}],"wp:term":[{"taxonomy":"product_brand","embeddable":true,"href":"http:\/\/nisantasikozmetik.com\/ar\/wp-json\/wp\/v2\/product_brand?post=1669"},{"taxonomy":"product_cat","embeddable":true,"href":"http:\/\/nisantasikozmetik.com\/ar\/wp-json\/wp\/v2\/product_cat?post=1669"},{"taxonomy":"product_tag","embeddable":true,"href":"http:\/\/nisantasikozmetik.com\/ar\/wp-json\/wp\/v2\/product_tag?post=1669"}],"curies":[{"name":"wp","href":"https:\/\/api.w.org\/{rel}","templated":true}]}}